{"id":2,"date":"2015-05-30T14:34:29","date_gmt":"2015-05-30T14:34:29","guid":{"rendered":"http:\/\/www.usinadepesquisa.com\/ger\/?page_id=2"},"modified":"2024-05-27T02:10:38","modified_gmt":"2024-05-27T02:10:38","slug":"about","status":"publish","type":"page","link":"http:\/\/www.usinadepesquisa.com\/ger\/about\/","title":{"rendered":"Contato"},"content":{"rendered":"<p>Site idealizado, criado e mantido por <strong>Aldemar Araujo Castro<\/strong>, m\u00e9dico (CRM-AL: 3296, RQE: 2907), professor do curso de medicina da UNCISAL, e estudante de direito.<\/p>\n<ul>\n<li>Lattes: <a href=\"http:\/\/lattes.cnpq.br\/2259022333178681\">http:\/\/lattes.cnpq.br\/2259022333178681<\/a><\/li>\n<li>Instagram: <a href=\"https:\/\/instagram.com\/aldemararaujo\">@aldemararaujo<\/a><\/li>\n<li><a href=\"https:\/\/instabio.cc\/aldemararaujo\">https:\/\/instabio.cc\/aldemararaujo<\/a><\/li>\n<li>\u00cdndice H: <a href=\"http:\/\/bit.ly\/aldemarh\">http:\/\/bit.ly\/aldemarh<\/a><\/li>\n<\/ul>\n<p><strong>Utilize o campo de coment\u00e1rio abaixo para entrar em contato. Nenhum coment\u00e1rio se tornar\u00e1 p\u00fablico.<\/strong><\/p>\n\n","protected":false},"excerpt":{"rendered":"<p>Site idealizado, criado e mantido por Aldemar Araujo Castro, m\u00e9dico (CRM-AL: 3296, RQE: 2907), professor do curso de medicina da UNCISAL, e estudante de direito. Lattes: http:\/\/lattes.cnpq.br\/2259022333178681 Instagram: @aldemararaujo https:\/\/instabio.cc\/aldemararaujo \u00cdndice H: http:\/\/bit.ly\/aldemarh Utilize o campo de coment\u00e1rio abaixo para entrar em contato. Nenhum coment\u00e1rio se tornar\u00e1 p\u00fablico.<\/p>\n","protected":false},"author":1,"featured_media":0,"parent":0,"menu_order":0,"comment_status":"open","ping_status":"open","template":"","meta":{"footnotes":""},"class_list":["post-2","page","type-page","status-publish","hentry","blog-blocks-layout","blog-style-postblock","","blog-alt-odd"],"_links":{"self":[{"href":"http:\/\/www.usinadepesquisa.com\/ger\/wp-json\/wp\/v2\/pages\/2","targetHints":{"allow":["GET"]}}],"collection":[{"href":"http:\/\/www.usinadepesquisa.com\/ger\/wp-json\/wp\/v2\/pages"}],"about":[{"href":"http:\/\/www.usinadepesquisa.com\/ger\/wp-json\/wp\/v2\/types\/page"}],"author":[{"embeddable":true,"href":"http:\/\/www.usinadepesquisa.com\/ger\/wp-json\/wp\/v2\/users\/1"}],"replies":[{"embeddable":true,"href":"http:\/\/www.usinadepesquisa.com\/ger\/wp-json\/wp\/v2\/comments?post=2"}],"version-history":[{"count":9,"href":"http:\/\/www.usinadepesquisa.com\/ger\/wp-json\/wp\/v2\/pages\/2\/revisions"}],"predecessor-version":[{"id":519,"href":"http:\/\/www.usinadepesquisa.com\/ger\/wp-json\/wp\/v2\/pages\/2\/revisions\/519"}],"wp:attachment":[{"href":"http:\/\/www.usinadepesquisa.com\/ger\/wp-json\/wp\/v2\/media?parent=2"}],"curies":[{"name":"wp","href":"https:\/\/api.w.org\/{rel}","templated":true}]}}