{"id":73,"date":"2010-08-19T14:44:02","date_gmt":"2010-08-19T17:44:02","guid":{"rendered":"http:\/\/metodologia.org\/?page_id=73"},"modified":"2017-03-30T20:24:24","modified_gmt":"2017-03-30T20:24:24","slug":"quem","status":"publish","type":"page","link":"http:\/\/www.usinadepesquisa.com\/metodologia\/quem\/","title":{"rendered":"Quem s\u00e3o os editores?"},"content":{"rendered":"<p style=\"text-align: center;\">\n<blockquote><p><a href=\"http:\/\/www.usinadepesquisa.com\/metodologia\/wp-content\/uploads\/2010\/08\/logo1.jpg\"><img loading=\"lazy\" decoding=\"async\" class=\"aligncenter size-full wp-image-94\" src=\"http:\/\/www.usinadepesquisa.com\/metodologia\/wp-content\/uploads\/2010\/08\/logo1.jpg\" alt=\"\" width=\"795\" height=\"148\" srcset=\"http:\/\/www.usinadepesquisa.com\/metodologia\/wp-content\/uploads\/2010\/08\/logo1.jpg 795w, http:\/\/www.usinadepesquisa.com\/metodologia\/wp-content\/uploads\/2010\/08\/logo1-300x56.jpg 300w, http:\/\/www.usinadepesquisa.com\/metodologia\/wp-content\/uploads\/2010\/08\/logo1-768x143.jpg 768w\" sizes=\"auto, (max-width: 706px) 89vw, (max-width: 767px) 82vw, 740px\" \/><\/a><\/p>\n<p><span style=\"font-family: Arial,Helvetica,sans-serif;\"><a href=\"..\/wp-content\/uploads\/2010\/08\/quem\/quem.htm#saul\">Saul Goldenberg<\/a> | <a href=\"..\/wp-content\/uploads\/2010\/08\/quem\/quem.htm#carlos\">Carlos Alberto Guimar\u00e3es<\/a> | <a href=\"..\/wp-content\/uploads\/2010\/08\/quem\/quem.htm#aldemar\">Aldemar Araujo Castro<\/a><\/span><\/p><\/blockquote>\n<p><a name=\"saul\"><\/a><br \/>\n<a href=\"http:\/\/www.usinadepesquisa.com\/metodologia\/wp-content\/uploads\/2010\/08\/f_saul02.jpg\"><img loading=\"lazy\" decoding=\"async\" class=\"size-full wp-image-95 alignleft\" src=\"http:\/\/www.usinadepesquisa.com\/metodologia\/wp-content\/uploads\/2010\/08\/f_saul02.jpg\" alt=\"\" width=\"171\" height=\"207\" \/><\/a><\/p>\n<ul>\n<li>\n<h4><span style=\"font-family: Arial; color: #000080; font-size: medium;\"><strong><strong>Saul Goldenberg <\/strong><\/strong><\/span><\/h4>\n<ul>\n<li><span style=\"font-family: Arial,Helvetica,sans-serif; color: #000099; font-size: x-small;\">Correio eletr\u00f4nico: <\/span><span style=\"font-family: Arial,Helvetica,sans-serif; font-size: x-small;\"><a href=\"mailto:sgolden@terra.com.br\">sgolden@terra.com.br<\/a><\/span><\/li>\n<li><span style=\"font-family: Arial,Helvetica,sans-serif; color: #000099; font-size: x-small;\">Professor Titular do Departamento de Cirurgia &#8211; \u00c1rea T\u00e9cnica Operat\u00f3ria e Cirurgia Experimental da Universidade Federal de S\u00e3o Paulo \/ Escola Paulista de Medicina<\/span><\/li>\n<li><span style=\"font-family: Arial,Helvetica,sans-serif; color: #000099; font-size: x-small;\"> Diretor Presidente da Sociedade Brasileira para o Desenvolvimento da Pesquisa em Cirurgia (SOBRADPEC)<\/span><\/li>\n<li><span style=\"font-family: Arial,Helvetica,sans-serif; color: #000099; font-size: x-small;\"> Editor Cient\u00edfico Respons\u00e1vel pela Revista Acta Cir\u00fargica Brasileira (<a href=\"http:\/\/www.scielo.br\/acta\" target=\"_blank\">http:\/\/www.scielo.br\/acta<\/a>)<\/span><\/li>\n<li><span style=\"font-family: Arial,Helvetica,sans-serif; color: #000099; font-size: x-small;\"> Pesquisador CNPq 1A<\/span><\/li>\n<li><span style=\"font-family: Arial,Helvetica,sans-serif; font-size: x-small;\"><a href=\"http:\/\/genos.cnpq.br:12010\/dwlattes\/owa\/prc_imp_cv_int?f_cod=K4787848U5\"><em>Curriculum Vitae<\/em><\/a><span style=\"color: #000080;\"> <span style=\"color: #000099;\">via CNPq<br \/>\nConflitos de interesse<br \/>\n<\/span><\/span><\/span><\/li>\n<\/ul>\n<\/li>\n<\/ul>\n<h4><a name=\"carlos\"><\/a><\/h4>\n<blockquote>\n<h4><a href=\"http:\/\/www.usinadepesquisa.com\/metodologia\/wp-content\/uploads\/2010\/08\/f_carlosalberto.gif\"><img loading=\"lazy\" decoding=\"async\" class=\"wp-image-97 alignleft\" src=\"http:\/\/www.usinadepesquisa.com\/metodologia\/wp-content\/uploads\/2010\/08\/f_carlosalberto.gif\" alt=\"\" width=\"81\" height=\"100\" \/><\/a><\/h4>\n<\/blockquote>\n<ul>\n<li>\n<h4><span style=\"font-family: Arial; color: #000080; font-size: medium;\"><strong><strong>Carlos Alberto Guimar\u00e3es<\/strong><\/strong><\/span><\/h4>\n<ul>\n<li><span style=\"font-family: Arial,Helvetica,sans-serif; color: #000080; font-size: x-small;\">Correio eletr\u00f4nico: <\/span><span style=\"font-family: Arial,Helvetica,sans-serif; font-size: x-small;\"><a href=\"mailto:caguimaraes@gbl.com.br\">caguimaraes@gbl.com.br<\/a> <\/span><\/li>\n<li><span style=\"font-family: Arial,Helvetica,sans-serif; color: #000080; font-size: x-small;\">Professor Adjunto da Universidade Federal do Rio de Janeiro.<\/span><\/li>\n<li><span style=\"font-family: Arial,Helvetica,sans-serif; color: #000080; font-size: x-small;\">Nasceu em 16 de julho de 1948, na cidade do Rio de Janeiro. Bacharel em Letras do Col\u00e9gio Pedro II (1965). Graduou-se em Medicina na Faculdade Nacional de Medicina da Universidade do Brasil (hoje, Faculdade de Medicina da Universidade Federal do Rio de Janeiro), na Praia Vermelha (1971). Especializa\u00e7\u00e3o em Cirurgia Geral na Enfermaria 13\u00aa da Santa Casa de Miseric\u00f3rdia (1972). Cirurgi\u00e3o de T\u00f3rax do Servi\u00e7o de Emerg\u00eancia do Hospital Municipal Souza Aguiar (1972-77) e do Hospital do Andara\u00ed (1977-). Chefe do Servi\u00e7o de Cirurgia Tor\u00e1cica do Instituto de Tisiologia e Pneumologia da Universidade Federal do Rio de Janeiro (1985-2000). <\/span><\/li>\n<li><span style=\"font-family: Arial,Helvetica,sans-serif; color: #000080; font-size: x-small;\">Livre Docente da Universidade Estadual do Rio de Janeiro (1989). <\/span><\/li>\n<li><span style=\"font-family: Arial,Helvetica,sans-serif; color: #000080; font-size: x-small;\">Mestre da Universidade Federal do Rio de Janeiro (1992). <\/span><\/li>\n<li><span style=\"font-family: Arial,Helvetica,sans-serif; color: #000080; font-size: x-small;\">Doutor em Medicina em T\u00e9cnica Operat\u00f3ria e Cirurgia Experimental pela Escola Paulista de Medicina, Universidade Federal de S\u00e3o Paulo (1999). <\/span><\/li>\n<li><span style=\"font-family: Arial,Helvetica,sans-serif; color: #000080; font-size: x-small;\">Mestre em Medicina Baseada em Evid\u00eancias, pela Escola Paulista de Medicina, Universidade Federal de S\u00e3o Paulo (2000). <\/span><\/li>\n<li><span style=\"font-family: Arial,Helvetica,sans-serif; color: #000080; font-size: x-small;\">Aluno do Curso de Economia e Gest\u00e3o em Sa\u00fade, da Escola Paulista de Medicina, Universidade Federal de S\u00e3o Paulo (2001).<\/span><\/li>\n<li><span style=\"font-family: Arial,Helvetica,sans-serif; font-size: x-small;\"><em><a href=\"http:\/\/buscatextual.cnpq.br\/buscatextual\/visualizacv.jsp?id=K4783009Y9\" target=\"_blank\">Curriculum Vitae<\/a><\/em><span style=\"color: #000080;\"> <span style=\"color: #000099;\">via CNPq.<br \/>\nConflitos de interesse<\/span><\/span><\/span><\/li>\n<\/ul>\n<\/li>\n<\/ul>\n<p><a name=\"aldemar\"><\/a><\/p>\n<blockquote><p><a href=\"http:\/\/www.usinadepesquisa.com\/metodologia\/wp-content\/uploads\/2010\/08\/f_aldemar.jpg\"><img loading=\"lazy\" decoding=\"async\" class=\"size-full wp-image-98 alignleft\" src=\"http:\/\/www.usinadepesquisa.com\/metodologia\/wp-content\/uploads\/2010\/08\/f_aldemar.jpg\" alt=\"\" width=\"75\" height=\"98\" \/><\/a><\/p><\/blockquote>\n<ul>\n<li>\n<h4><span style=\"font-family: Arial; color: #000080; font-size: medium;\"><strong><strong>Aldemar Araujo Castro<\/strong><\/strong><\/span><\/h4>\n<ul>\n<li><span style=\"font-family: Verdana,Arial,Helvetica,sans-serif; color: #000080; font-size: x-small;\">Correio eletr\u00f4nico: <\/span><span style=\"font-size: x-small;\"><a href=\"mailto:aldemararaujocastro@gmail.com\"><span style=\"font-family: Verdana,Arial,Helvetica,sans-serif;\">aldemararaujocastro@gmail.com<br \/>\n<\/span><\/a><\/span><span style=\"font-family: Verdana,Arial,Helvetica,sans-serif; color: #000080; font-size: x-small;\">URL:<\/span><span style=\"font-family: Verdana,Arial,Helvetica,sans-serif; font-size: x-small;\"> <a href=\"http:\/\/www.decisaoclinica.com\">http:\/\/www.decisaoclinica.com<\/a><\/span><\/li>\n<li><span style=\"font-family: Verdana,Arial,Helvetica,sans-serif; color: #000080; font-size: x-small;\">M\u00e9dico (cirurgi\u00e3o vascular)<\/span><span style=\"font-family: Verdana,Arial,Helvetica,sans-serif; color: #000080; font-size: x-small;\">, Macei\u00f3, AL.<\/span><br \/>\n<span style=\"font-family: Verdana,Arial,Helvetica,sans-serif; color: #000080; font-size: x-small;\"> Professor Assistente da Universidade de Ci\u00eancias da Sa\u00fade de Alagoas, Macei\u00f3, AL.<br \/>\nURL: <a href=\"http:\/\/www.decisaoclinica.com\" target=\"_blank\">http:\/\/www.decisaoclinica.com<\/a> <\/span><\/li>\n<li><span style=\"font-family: Verdana,Arial,Helvetica,sans-serif; color: #000080; font-size: x-small;\">Nasceu em 24 de janeiro de 1969, na cidade de Macei\u00f3. Graduou-se em Medicina na Escola de Ci\u00eancias M\u00e9dicas de Alagoas (hoje, Universidade Estadual de Ci\u00eancias da Sa\u00fade de Alagoas &#8211; <\/span><span style=\"font-family: Verdana,Arial,Helvetica,sans-serif; font-size: x-small;\"><a href=\"http:\/\/www.uncisal.edu.br\/\" target=\"_blank\">UNCISAL<\/a><\/span><span style=\"font-family: Verdana,Arial,Helvetica,sans-serif; color: #000080; font-size: x-small;\">). Mestrado em Cirurgia Vascular pelo Programa de P\u00f3s-gradua\u00e7\u00e3o em Cirurgia Vascular, Card\u00edaca, Tor\u00e1cica e Anestesiologia da Universidade Federal de S\u00e3o Paulo\/Escola Paulista de Medicina (1998). T\u00edtulo de Especialista em Cirurgia Vascular pela Sociedade Brasileira de Angiologia e de Cirurgia Vascular (2010).<br \/>\n<\/span><\/li>\n<li><span style=\"font-family: Arial,Helvetica,sans-serif; font-size: x-small;\"><a href=\"http:\/\/genos.cnpq.br:12010\/dwlattes\/owa\/prc_imp_cv_int?f_cod=K4704096J3\"><em>Curriculum Vitae<\/em><\/a><span style=\"color: #000080;\"> <span style=\"color: #000099;\">via CNPq.<br \/>\n<a href=\"http:\/\/tinyurl.com\/aldemarci\">Conflitos de interesse<\/a><\/span><\/span><\/span><\/li>\n<\/ul>\n<\/li>\n<\/ul>\n","protected":false},"excerpt":{"rendered":"<p>Saul Goldenberg | Carlos Alberto Guimar\u00e3es | Aldemar Araujo Castro Saul Goldenberg Correio eletr\u00f4nico: sgolden@terra.com.br Professor Titular do Departamento de Cirurgia &#8211; \u00c1rea T\u00e9cnica Operat\u00f3ria e Cirurgia Experimental da Universidade Federal de S\u00e3o Paulo \/ Escola Paulista de Medicina Diretor Presidente da Sociedade Brasileira para o Desenvolvimento da Pesquisa em Cirurgia (SOBRADPEC) Editor Cient\u00edfico Respons\u00e1vel &hellip; <\/p>\n<p class=\"link-more\"><a href=\"http:\/\/www.usinadepesquisa.com\/metodologia\/quem\/\" class=\"more-link\">Continue lendo<span class=\"screen-reader-text\"> &#8220;Quem s\u00e3o os editores?&#8221;<\/span><\/a><\/p>\n","protected":false},"author":1,"featured_media":0,"parent":0,"menu_order":0,"comment_status":"closed","ping_status":"closed","template":"","meta":{"footnotes":""},"class_list":["post-73","page","type-page","status-publish","hentry"],"_links":{"self":[{"href":"http:\/\/www.usinadepesquisa.com\/metodologia\/wp-json\/wp\/v2\/pages\/73","targetHints":{"allow":["GET"]}}],"collection":[{"href":"http:\/\/www.usinadepesquisa.com\/metodologia\/wp-json\/wp\/v2\/pages"}],"about":[{"href":"http:\/\/www.usinadepesquisa.com\/metodologia\/wp-json\/wp\/v2\/types\/page"}],"author":[{"embeddable":true,"href":"http:\/\/www.usinadepesquisa.com\/metodologia\/wp-json\/wp\/v2\/users\/1"}],"replies":[{"embeddable":true,"href":"http:\/\/www.usinadepesquisa.com\/metodologia\/wp-json\/wp\/v2\/comments?post=73"}],"version-history":[{"count":2,"href":"http:\/\/www.usinadepesquisa.com\/metodologia\/wp-json\/wp\/v2\/pages\/73\/revisions"}],"predecessor-version":[{"id":99,"href":"http:\/\/www.usinadepesquisa.com\/metodologia\/wp-json\/wp\/v2\/pages\/73\/revisions\/99"}],"wp:attachment":[{"href":"http:\/\/www.usinadepesquisa.com\/metodologia\/wp-json\/wp\/v2\/media?parent=73"}],"curies":[{"name":"wp","href":"https:\/\/api.w.org\/{rel}","templated":true}]}}