{"id":597,"date":"2025-07-01T03:32:05","date_gmt":"2025-07-01T03:32:05","guid":{"rendered":"https:\/\/www.usinadepesquisa.com\/ger\/?page_id=597"},"modified":"2025-07-01T03:32:58","modified_gmt":"2025-07-01T03:32:58","slug":"denunciar-violacoes-de-direitos","status":"publish","type":"page","link":"https:\/\/www.usinadepesquisa.com\/ger\/denunciar-violacoes-de-direitos\/","title":{"rendered":"Denunciar viola\u00e7\u00f5es de direitos"},"content":{"rendered":"\n<p><strong>Contar quando algo errado est\u00e1 sendo feito contra voc\u00ea ou outra pessoa.<\/strong><\/p>\n\n\n\n<p><\/p>\n<p>Complexo de Delegacias Especializadas &#8211; CODE &#8211; <strong>Delegacia Especializada em Crimes contra Pessoas Vulner\u00e1veis<\/strong><\/p>\n<p> <\/p>\n<ul class=\"wp-block-list\">\n<li>1765, Av. Comendador Gustavo Paiva, 1725 &#8211; Mangabeiras, Macei\u00f3 &#8211; AL, 57031-530<\/li>\n \n<li><a href=\"https:\/\/maps.app.goo.gl\/caUaWeJ6EesDPRQJ8\">https:\/\/maps.app.goo.gl\/caUaWeJ6EesDPRQJ8<\/a><\/li>\n \n<li>(82) 3315-8272<\/li>\n<\/ul>\n<p> <\/p>\n<p><strong>Centro de Refer\u00eancia de Assist\u00eancia Social<\/strong><\/p>\n<ul>\n<li><a href=\"https:\/\/maceio.al.gov.br\/p\/semdes\/cras\">https:\/\/maceio.al.gov.br\/p\/semdes\/cras<\/a><\/li>\n<li><a href=\"https:\/\/maceio.al.gov.br\/p\/semdes\/centros-de-referencia-especializado-de-assistencia-social-creas\">https:\/\/maceio.al.gov.br\/p\/semdes\/centros-de-referencia-especializado-de-assistencia-social-creas<\/a><\/li>\n<\/ul>\n<p> <\/p>\n<p><strong>Centros Judici\u00e1rios de Solu\u00e7\u00e3o de Conflitos e Cidadania (CEJUSCs)<\/strong><\/p>\n<p> <\/p>\n<ul class=\"wp-block-list\">\n<li><a href=\"https:\/\/bit.ly\/cejusc-alagoas\">https:\/\/bit.ly\/cejusc-alagoas<\/a><\/li>\n<\/ul>\n<p> <\/p>\n<p><strong>Apae (Associa\u00e7\u00e3o de Pais e Amigos dos Excepcionais)<\/strong><\/p>\n<ul>\n<li><a href=\"https:\/\/apaebrasil.org.br\/mapa\">https:\/\/apaebrasil.org.br\/mapa<\/a><\/li>\n<\/ul>\n<p> <\/p>\n<blockquote>\n<p>Cada direito possui suas pr\u00f3prias especificidades, tornando essencial o aux\u00edlio de profissionais capacitados para orientar o planejamento e a estrat\u00e9gia de solicita\u00e7\u00e3o de cada um deles.<\/p>\n<\/blockquote>\n<p><\/p>\n","protected":false},"excerpt":{"rendered":"<p>Contar quando algo errado est\u00e1 sendo feito contra voc\u00ea ou outra pessoa.<\/p>\n","protected":false},"author":1,"featured_media":0,"parent":0,"menu_order":0,"comment_status":"closed","ping_status":"closed","template":"","meta":{"footnotes":""},"class_list":["post-597","page","type-page","status-publish","hentry","blog-blocks-layout","blog-style-postblock","","blog-alt-odd"],"_links":{"self":[{"href":"https:\/\/www.usinadepesquisa.com\/ger\/wp-json\/wp\/v2\/pages\/597","targetHints":{"allow":["GET"]}}],"collection":[{"href":"https:\/\/www.usinadepesquisa.com\/ger\/wp-json\/wp\/v2\/pages"}],"about":[{"href":"https:\/\/www.usinadepesquisa.com\/ger\/wp-json\/wp\/v2\/types\/page"}],"author":[{"embeddable":true,"href":"https:\/\/www.usinadepesquisa.com\/ger\/wp-json\/wp\/v2\/users\/1"}],"replies":[{"embeddable":true,"href":"https:\/\/www.usinadepesquisa.com\/ger\/wp-json\/wp\/v2\/comments?post=597"}],"version-history":[{"count":2,"href":"https:\/\/www.usinadepesquisa.com\/ger\/wp-json\/wp\/v2\/pages\/597\/revisions"}],"predecessor-version":[{"id":599,"href":"https:\/\/www.usinadepesquisa.com\/ger\/wp-json\/wp\/v2\/pages\/597\/revisions\/599"}],"wp:attachment":[{"href":"https:\/\/www.usinadepesquisa.com\/ger\/wp-json\/wp\/v2\/media?parent=597"}],"curies":[{"name":"wp","href":"https:\/\/api.w.org\/{rel}","templated":true}]}}