{"id":16,"date":"2014-07-21T04:16:15","date_gmt":"2014-07-21T04:16:15","guid":{"rendered":"http:\/\/www.usinadepesquisa.com\/?page_id=16"},"modified":"2024-11-15T12:32:09","modified_gmt":"2024-11-15T12:32:09","slug":"executar-uma-pesquisa","status":"publish","type":"page","link":"https:\/\/www.usinadepesquisa.com\/?page_id=16","title":{"rendered":"Quero Executar!"},"content":{"rendered":"<p style=\"text-align: right;\"><a href=\"https:\/\/www.usinadepesquisa.com\/wp-content\/uploads\/2014\/07\/qrcode-7executar.png\"><img loading=\"lazy\" decoding=\"async\" class=\"wp-image-4733 alignnone\" src=\"https:\/\/www.usinadepesquisa.com\/wp-content\/uploads\/2014\/07\/qrcode-7executar.png\" alt=\"\" width=\"148\" height=\"148\" srcset=\"https:\/\/www.usinadepesquisa.com\/wp-content\/uploads\/2014\/07\/qrcode-7executar.png 400w, https:\/\/www.usinadepesquisa.com\/wp-content\/uploads\/2014\/07\/qrcode-7executar-150x150.png 150w, https:\/\/www.usinadepesquisa.com\/wp-content\/uploads\/2014\/07\/qrcode-7executar-300x300.png 300w\" sizes=\"auto, (max-width: 148px) 100vw, 148px\" \/><br \/>\n<\/a><span style=\"font-size: 12pt; font-family: arial, helvetica, sans-serif;\">http:\/\/bit.ly\/7executar<\/span><\/p>\n<p>&nbsp;<\/p>\n<div id=\"attachment_5940\" style=\"width: 1930px\" class=\"wp-caption aligncenter\"><a href=\"https:\/\/www.usinadepesquisa.com\/wp-content\/uploads\/2024\/11\/Pesquisa-Etapas.png\"><img loading=\"lazy\" decoding=\"async\" aria-describedby=\"caption-attachment-5940\" class=\"wp-image-5940 size-full\" src=\"https:\/\/www.usinadepesquisa.com\/wp-content\/uploads\/2024\/11\/Pesquisa-Etapas.png\" alt=\"\" width=\"1920\" height=\"1080\" srcset=\"https:\/\/www.usinadepesquisa.com\/wp-content\/uploads\/2024\/11\/Pesquisa-Etapas.png 1920w, https:\/\/www.usinadepesquisa.com\/wp-content\/uploads\/2024\/11\/Pesquisa-Etapas-300x169.png 300w, https:\/\/www.usinadepesquisa.com\/wp-content\/uploads\/2024\/11\/Pesquisa-Etapas-1024x576.png 1024w, https:\/\/www.usinadepesquisa.com\/wp-content\/uploads\/2024\/11\/Pesquisa-Etapas-768x432.png 768w, https:\/\/www.usinadepesquisa.com\/wp-content\/uploads\/2024\/11\/Pesquisa-Etapas-1536x864.png 1536w\" sizes=\"auto, (max-width: 1920px) 100vw, 1920px\" \/><\/a><p id=\"caption-attachment-5940\" class=\"wp-caption-text\">Figura 1 &#8211; As etapas da pesquisa e seus componentes.<\/p><\/div>\n<p style=\"text-align: center;\"><span style=\"color: #ffffff;\">.<\/span><\/p>\n<p style=\"text-align: center;\"><a href=\"https:\/\/www.usinadepesquisa.com\/wp-content\/uploads\/2014\/07\/MM-00-executar.png\"><img loading=\"lazy\" decoding=\"async\" class=\"alignnone size-full wp-image-90\" src=\"https:\/\/www.usinadepesquisa.com\/wp-content\/uploads\/2014\/07\/MM-00-executar.png\" alt=\"MM-00-executar\" width=\"1164\" height=\"918\" srcset=\"https:\/\/www.usinadepesquisa.com\/wp-content\/uploads\/2014\/07\/MM-00-executar.png 1164w, https:\/\/www.usinadepesquisa.com\/wp-content\/uploads\/2014\/07\/MM-00-executar-300x237.png 300w, https:\/\/www.usinadepesquisa.com\/wp-content\/uploads\/2014\/07\/MM-00-executar-768x606.png 768w, https:\/\/www.usinadepesquisa.com\/wp-content\/uploads\/2014\/07\/MM-00-executar-1024x808.png 1024w\" sizes=\"auto, (max-width: 1164px) 100vw, 1164px\" \/><br \/>\n<\/a><span style=\"font-family: arial, helvetica, sans-serif; font-size: 10pt;\">Figura 2 &#8211; Rela\u00e7\u00e3o entre as etapas da pesquisa. Em destaque os componentes da execu\u00e7\u00e3o da pesquisa.<\/span><\/p>\n<hr \/>\n<p style=\"text-align: center;\"><span style=\"color: #ffffff;\">\u00a0<\/span><\/p>\n<h1 style=\"text-align: center;\"><img loading=\"lazy\" decoding=\"async\" class=\"aligncenter size-thumbnail wp-image-5916\" src=\"https:\/\/www.usinadepesquisa.com\/wp-content\/uploads\/2024\/11\/photo_2024-11-14_17-48-27-150x150.jpg\" alt=\"\" width=\"150\" height=\"150\" srcset=\"https:\/\/www.usinadepesquisa.com\/wp-content\/uploads\/2024\/11\/photo_2024-11-14_17-48-27-150x150.jpg 150w, https:\/\/www.usinadepesquisa.com\/wp-content\/uploads\/2024\/11\/photo_2024-11-14_17-48-27-300x300.jpg 300w, https:\/\/www.usinadepesquisa.com\/wp-content\/uploads\/2024\/11\/photo_2024-11-14_17-48-27-1024x1024.jpg 1024w, https:\/\/www.usinadepesquisa.com\/wp-content\/uploads\/2024\/11\/photo_2024-11-14_17-48-27-768x768.jpg 768w, https:\/\/www.usinadepesquisa.com\/wp-content\/uploads\/2024\/11\/photo_2024-11-14_17-48-27.jpg 1080w\" sizes=\"auto, (max-width: 150px) 100vw, 150px\" \/><\/h1>\n<h1 style=\"text-align: center;\">Coleta dos dados<\/h1>\n<hr \/>\n<h1 style=\"text-align: center;\"><a href=\"https:\/\/www.usinadepesquisa.com\/wp-content\/uploads\/2024\/11\/photo_2024-11-14_17-48-29.jpg\"><img loading=\"lazy\" decoding=\"async\" class=\"aligncenter size-thumbnail wp-image-5917\" src=\"https:\/\/www.usinadepesquisa.com\/wp-content\/uploads\/2024\/11\/photo_2024-11-14_17-48-29-150x150.jpg\" alt=\"\" width=\"150\" height=\"150\" srcset=\"https:\/\/www.usinadepesquisa.com\/wp-content\/uploads\/2024\/11\/photo_2024-11-14_17-48-29-150x150.jpg 150w, https:\/\/www.usinadepesquisa.com\/wp-content\/uploads\/2024\/11\/photo_2024-11-14_17-48-29-300x300.jpg 300w, https:\/\/www.usinadepesquisa.com\/wp-content\/uploads\/2024\/11\/photo_2024-11-14_17-48-29-1024x1024.jpg 1024w, https:\/\/www.usinadepesquisa.com\/wp-content\/uploads\/2024\/11\/photo_2024-11-14_17-48-29-768x768.jpg 768w, https:\/\/www.usinadepesquisa.com\/wp-content\/uploads\/2024\/11\/photo_2024-11-14_17-48-29.jpg 1080w\" sizes=\"auto, (max-width: 150px) 100vw, 150px\" \/><\/a><\/h1>\n<h1 style=\"text-align: center;\">Armazenamento dos dados<\/h1>\n<hr \/>\n<h1 style=\"text-align: center;\"><a href=\"https:\/\/www.usinadepesquisa.com\/wp-content\/uploads\/2024\/11\/photo_2024-11-14_17-48-31.jpg\"><img loading=\"lazy\" decoding=\"async\" class=\"aligncenter size-thumbnail wp-image-5920\" src=\"https:\/\/www.usinadepesquisa.com\/wp-content\/uploads\/2024\/11\/photo_2024-11-14_17-48-31-150x150.jpg\" alt=\"\" width=\"150\" height=\"150\" srcset=\"https:\/\/www.usinadepesquisa.com\/wp-content\/uploads\/2024\/11\/photo_2024-11-14_17-48-31-150x150.jpg 150w, https:\/\/www.usinadepesquisa.com\/wp-content\/uploads\/2024\/11\/photo_2024-11-14_17-48-31-300x300.jpg 300w, https:\/\/www.usinadepesquisa.com\/wp-content\/uploads\/2024\/11\/photo_2024-11-14_17-48-31-1024x1024.jpg 1024w, https:\/\/www.usinadepesquisa.com\/wp-content\/uploads\/2024\/11\/photo_2024-11-14_17-48-31-768x768.jpg 768w, https:\/\/www.usinadepesquisa.com\/wp-content\/uploads\/2024\/11\/photo_2024-11-14_17-48-31.jpg 1080w\" sizes=\"auto, (max-width: 150px) 100vw, 150px\" \/><\/a><\/h1>\n<h1 style=\"text-align: center;\">Tabula\u00e7\u00e3o dos dados<\/h1>\n<hr \/>\n<h1 style=\"text-align: center;\"><a href=\"https:\/\/www.usinadepesquisa.com\/wp-content\/uploads\/2024\/11\/photo_2024-11-14_17-48-33.jpg\"><img loading=\"lazy\" decoding=\"async\" class=\"aligncenter size-thumbnail wp-image-5919\" src=\"https:\/\/www.usinadepesquisa.com\/wp-content\/uploads\/2024\/11\/photo_2024-11-14_17-48-33-150x150.jpg\" alt=\"\" width=\"150\" height=\"150\" srcset=\"https:\/\/www.usinadepesquisa.com\/wp-content\/uploads\/2024\/11\/photo_2024-11-14_17-48-33-150x150.jpg 150w, https:\/\/www.usinadepesquisa.com\/wp-content\/uploads\/2024\/11\/photo_2024-11-14_17-48-33-300x300.jpg 300w, https:\/\/www.usinadepesquisa.com\/wp-content\/uploads\/2024\/11\/photo_2024-11-14_17-48-33-1024x1024.jpg 1024w, https:\/\/www.usinadepesquisa.com\/wp-content\/uploads\/2024\/11\/photo_2024-11-14_17-48-33-768x768.jpg 768w, https:\/\/www.usinadepesquisa.com\/wp-content\/uploads\/2024\/11\/photo_2024-11-14_17-48-33.jpg 1080w\" sizes=\"auto, (max-width: 150px) 100vw, 150px\" \/><\/a><\/h1>\n<h1 style=\"text-align: center;\">An\u00e1lise dos dados<\/h1>\n<hr \/>\n<h1 style=\"text-align: center;\"><a href=\"https:\/\/www.usinadepesquisa.com\/wp-content\/uploads\/2024\/11\/photo_2024-11-14_17-48-35.jpg\"><img loading=\"lazy\" decoding=\"async\" class=\"aligncenter size-thumbnail wp-image-5918\" src=\"https:\/\/www.usinadepesquisa.com\/wp-content\/uploads\/2024\/11\/photo_2024-11-14_17-48-35-150x150.jpg\" alt=\"\" width=\"150\" height=\"150\" srcset=\"https:\/\/www.usinadepesquisa.com\/wp-content\/uploads\/2024\/11\/photo_2024-11-14_17-48-35-150x150.jpg 150w, https:\/\/www.usinadepesquisa.com\/wp-content\/uploads\/2024\/11\/photo_2024-11-14_17-48-35-300x300.jpg 300w, https:\/\/www.usinadepesquisa.com\/wp-content\/uploads\/2024\/11\/photo_2024-11-14_17-48-35-1024x1024.jpg 1024w, https:\/\/www.usinadepesquisa.com\/wp-content\/uploads\/2024\/11\/photo_2024-11-14_17-48-35-768x768.jpg 768w, https:\/\/www.usinadepesquisa.com\/wp-content\/uploads\/2024\/11\/photo_2024-11-14_17-48-35.jpg 1080w\" sizes=\"auto, (max-width: 150px) 100vw, 150px\" \/><\/a><\/h1>\n<h1 style=\"text-align: center;\">Interpreta\u00e7\u00e3o<\/h1>\n<hr \/>\n<p><a href=\"https:\/\/www.usinadepesquisa.com\/wp-content\/uploads\/2024\/11\/Numeros.png\"><img loading=\"lazy\" decoding=\"async\" class=\"aligncenter size-thumbnail wp-image-5925\" src=\"https:\/\/www.usinadepesquisa.com\/wp-content\/uploads\/2024\/11\/Numeros-150x150.png\" alt=\"\" width=\"150\" height=\"150\" srcset=\"https:\/\/www.usinadepesquisa.com\/wp-content\/uploads\/2024\/11\/Numeros-150x150.png 150w, https:\/\/www.usinadepesquisa.com\/wp-content\/uploads\/2024\/11\/Numeros-300x300.png 300w, https:\/\/www.usinadepesquisa.com\/wp-content\/uploads\/2024\/11\/Numeros-1024x1024.png 1024w, https:\/\/www.usinadepesquisa.com\/wp-content\/uploads\/2024\/11\/Numeros-768x768.png 768w, https:\/\/www.usinadepesquisa.com\/wp-content\/uploads\/2024\/11\/Numeros.png 1080w\" sizes=\"auto, (max-width: 150px) 100vw, 150px\" \/><\/a><\/p>\n<h1 style=\"text-align: center;\">Relat\u00f3rio final<\/h1>\n<p>&nbsp;<\/p>\n<h1 style=\"text-align: center;\"><\/h1>\n<hr \/>\n<p style=\"text-align: center;\"><a href=\"https:\/\/www.usinadepesquisa.com\/wp-content\/uploads\/2014\/07\/qrcode-7executar.png\"><img loading=\"lazy\" decoding=\"async\" class=\"wp-image-4733 alignnone\" src=\"https:\/\/www.usinadepesquisa.com\/wp-content\/uploads\/2014\/07\/qrcode-7executar.png\" alt=\"\" width=\"148\" height=\"148\" srcset=\"https:\/\/www.usinadepesquisa.com\/wp-content\/uploads\/2014\/07\/qrcode-7executar.png 400w, https:\/\/www.usinadepesquisa.com\/wp-content\/uploads\/2014\/07\/qrcode-7executar-150x150.png 150w, https:\/\/www.usinadepesquisa.com\/wp-content\/uploads\/2014\/07\/qrcode-7executar-300x300.png 300w\" sizes=\"auto, (max-width: 148px) 100vw, 148px\" \/><\/a><br \/>\nhttp:\/\/bit.ly\/7executar<\/p>\n<hr \/>\n<table>\n<tbody>\n<tr>\n<td><a href=\"https:\/\/www.usinadepesquisa.com\/wp-content\/uploads\/2014\/07\/mpp-branco.jpg\"><img loading=\"lazy\" decoding=\"async\" class=\"aligncenter size-medium wp-image-4768\" src=\"https:\/\/www.usinadepesquisa.com\/wp-content\/uploads\/2014\/07\/mpp-branco-300x300.jpg\" alt=\"\" width=\"300\" height=\"300\" srcset=\"https:\/\/www.usinadepesquisa.com\/wp-content\/uploads\/2014\/07\/mpp-branco-300x300.jpg 300w, https:\/\/www.usinadepesquisa.com\/wp-content\/uploads\/2014\/07\/mpp-branco-150x150.jpg 150w, https:\/\/www.usinadepesquisa.com\/wp-content\/uploads\/2014\/07\/mpp-branco-768x768.jpg 768w, https:\/\/www.usinadepesquisa.com\/wp-content\/uploads\/2014\/07\/mpp-branco-1024x1024.jpg 1024w\" sizes=\"auto, (max-width: 300px) 100vw, 300px\" \/><\/a><\/td>\n<td><a href=\"https:\/\/www.usinadepesquisa.com\/wp-content\/uploads\/2014\/07\/mpp-preto.jpg\"><img loading=\"lazy\" decoding=\"async\" class=\"aligncenter size-medium wp-image-4767\" src=\"https:\/\/www.usinadepesquisa.com\/wp-content\/uploads\/2014\/07\/mpp-preto-300x300.jpg\" alt=\"\" width=\"300\" height=\"300\" srcset=\"https:\/\/www.usinadepesquisa.com\/wp-content\/uploads\/2014\/07\/mpp-preto-300x300.jpg 300w, https:\/\/www.usinadepesquisa.com\/wp-content\/uploads\/2014\/07\/mpp-preto-150x150.jpg 150w, https:\/\/www.usinadepesquisa.com\/wp-content\/uploads\/2014\/07\/mpp-preto-768x768.jpg 768w, https:\/\/www.usinadepesquisa.com\/wp-content\/uploads\/2014\/07\/mpp-preto-1024x1024.jpg 1024w\" sizes=\"auto, (max-width: 300px) 100vw, 300px\" \/><\/a><\/td>\n<\/tr>\n<\/tbody>\n<\/table>\n<hr \/>\n<p style=\"text-align: center;\"><span style=\"color: #ffffff;\">.<\/span><\/p>\n<p style=\"text-align: center;\"><a href=\"http:\/\/creativecommons.org\/licenses\/by\/4.0\/\" rel=\"license\"><img decoding=\"async\" class=\"aligncenter\" style=\"border-width: 0;\" src=\"https:\/\/i.creativecommons.org\/l\/by\/4.0\/88x31.png\" alt=\"Creative Commons License\" \/><\/a><span style=\"font-family: arial, helvetica, sans-serif; font-size: 10pt;\">This work is licensed under a <\/span><br \/>\n<span style=\"font-family: arial, helvetica, sans-serif; font-size: 10pt;\"><a href=\"http:\/\/creativecommons.org\/licenses\/by\/4.0\/\" rel=\"license\">Creative Commons Attribution 4.0 International License<\/a><\/span><\/p>\n","protected":false},"excerpt":{"rendered":"<p>.<\/p>\n","protected":false},"author":1,"featured_media":24,"parent":0,"menu_order":0,"comment_status":"open","ping_status":"open","template":"","meta":{"footnotes":""},"class_list":["post-16","page","type-page","status-publish","has-post-thumbnail","czr-hentry"],"_links":{"self":[{"href":"https:\/\/www.usinadepesquisa.com\/index.php?rest_route=\/wp\/v2\/pages\/16","targetHints":{"allow":["GET"]}}],"collection":[{"href":"https:\/\/www.usinadepesquisa.com\/index.php?rest_route=\/wp\/v2\/pages"}],"about":[{"href":"https:\/\/www.usinadepesquisa.com\/index.php?rest_route=\/wp\/v2\/types\/page"}],"author":[{"embeddable":true,"href":"https:\/\/www.usinadepesquisa.com\/index.php?rest_route=\/wp\/v2\/users\/1"}],"replies":[{"embeddable":true,"href":"https:\/\/www.usinadepesquisa.com\/index.php?rest_route=%2Fwp%2Fv2%2Fcomments&post=16"}],"version-history":[{"count":11,"href":"https:\/\/www.usinadepesquisa.com\/index.php?rest_route=\/wp\/v2\/pages\/16\/revisions"}],"predecessor-version":[{"id":5942,"href":"https:\/\/www.usinadepesquisa.com\/index.php?rest_route=\/wp\/v2\/pages\/16\/revisions\/5942"}],"wp:featuredmedia":[{"embeddable":true,"href":"https:\/\/www.usinadepesquisa.com\/index.php?rest_route=\/wp\/v2\/media\/24"}],"wp:attachment":[{"href":"https:\/\/www.usinadepesquisa.com\/index.php?rest_route=%2Fwp%2Fv2%2Fmedia&parent=16"}],"curies":[{"name":"wp","href":"https:\/\/api.w.org\/{rel}","templated":true}]}}