{"id":1687,"date":"2012-03-26T17:26:59","date_gmt":"2012-03-26T20:26:59","guid":{"rendered":"http:\/\/www.decisaoclinica.com\/blog\/?page_id=1687"},"modified":"2022-10-30T17:44:06","modified_gmt":"2022-10-30T17:44:06","slug":"revisao-sietmatica-com-e-sem-metanalise","status":"publish","type":"page","link":"https:\/\/www.usinadepesquisa.com\/?page_id=1687","title":{"rendered":"Revis\u00e3o sistem\u00e1tica com e sem metan\u00e1lise"},"content":{"rendered":"\n<ol class=\"wp-block-list\"><li><strong>Revis\u00e3o sistem\u00e1tica<\/strong> (<a href=\"http:\/\/www.virtual.epm.br\/cursos\/metanalise\" target=\"_blank\" rel=\"noopener\">Curso via internet<\/a>)\n<ol>\n<li><a href=\"https:\/\/www.usinadepesquisa.com\/metodologia\/wp-content\/uploads\/2010\/08\/meta1.pdf\">Revis\u00e3o sistem\u00e1tica com ou sem metan\u00e1lise<\/a> [55 Kb]<br>Aldemar Araujo Castro<\/li>\n<li>A Colabora\u00e7\u00e3o Cochrane<br>Aldemar Araujo Castro<\/li>\n<li><a href=\"http:\/\/metodologia.org\/wp-content\/uploads\/2010\/08\/\/lv5_rsl03.PDF\">O que \u00e9 necess\u00e1rio para fazer uma revis\u00e3o sistem\u00e1tica<\/a> [23 Kb]<br>Aldemar Araujo Castro<\/li>\n<li>Determina\u00e7\u00e3o da necessidade de uma revis\u00e3o sistem\u00e1tica<br>Aldemar Araujo Castro<\/li>\n<li><a href=\"http:\/\/metodologia.org\/wp-content\/uploads\/2010\/08\/lv5_rsl04.pdf\">Formula\u00e7\u00e3o da pergunta de pesquisa da revis\u00e3o sistem\u00e1tica<\/a> [51 Kb]<br>Aldemar Araujo Castro<\/li>\n<li><a href=\"https:\/\/www.usinadepesquisa.com\/wp-content\/uploads\/2022\/10\/lv4_15_rsl.pdf\">Projeto de Pesquisa de uma Revis\u00e3o Sistem\u00e1tica [124 Kb]<\/a><br>Fabio Guidugli, Aldemar Araujo Castro<\/li>\n<li>Identifica\u00e7\u00e3o e sele\u00e7\u00e3o dos estudos<br>Aldemar Araujo Castro<\/li>\n<li>Coleta de dados<br>Aldemar Araujo Castro<\/li>\n<li><a href=\"http:\/\/metodologia.org\/wp-content\/uploads\/2010\/08\/lv5_rsl09.PDF\">An\u00e1lise e apresenta\u00e7\u00e3o dos resultados<\/a> [206 Kb]<br>Aldemar Araujo Castro<\/li>\n<li>Interpreta\u00e7\u00e3o dos resultados<br>Aldemar Araujo Castro<\/li>\n<li>Atualiza\u00e7\u00e3o e aprimoramento<br>Aldemar Araujo Castro<\/li>\n<li>Formato da revis\u00e3o sistem\u00e1tica<br>Aldemar Araujo Castro<\/li>\n<\/ol>\n<\/li><\/ol>\n","protected":false},"excerpt":{"rendered":"<p>Revis\u00e3o sistem\u00e1tica (Curso via internet) Revis\u00e3o sistem\u00e1tica com ou sem metan\u00e1lise [55 Kb]Aldemar Araujo Castro A Colabora\u00e7\u00e3o CochraneAldemar Araujo Castro O que \u00e9 necess\u00e1rio para fazer uma revis\u00e3o sistem\u00e1tica [23 Kb]Aldemar Araujo Castro Determina\u00e7\u00e3o da necessidade de uma revis\u00e3o sistem\u00e1ticaAldemar Araujo Castro Formula\u00e7\u00e3o da pergunta de pesquisa da revis\u00e3o sistem\u00e1tica [51 Kb]Aldemar Araujo Castro Projeto [&hellip;]<\/p>\n","protected":false},"author":1,"featured_media":0,"parent":1562,"menu_order":0,"comment_status":"closed","ping_status":"closed","template":"","meta":{"footnotes":""},"class_list":["post-1687","page","type-page","status-publish","czr-hentry"],"_links":{"self":[{"href":"https:\/\/www.usinadepesquisa.com\/index.php?rest_route=\/wp\/v2\/pages\/1687","targetHints":{"allow":["GET"]}}],"collection":[{"href":"https:\/\/www.usinadepesquisa.com\/index.php?rest_route=\/wp\/v2\/pages"}],"about":[{"href":"https:\/\/www.usinadepesquisa.com\/index.php?rest_route=\/wp\/v2\/types\/page"}],"author":[{"embeddable":true,"href":"https:\/\/www.usinadepesquisa.com\/index.php?rest_route=\/wp\/v2\/users\/1"}],"replies":[{"embeddable":true,"href":"https:\/\/www.usinadepesquisa.com\/index.php?rest_route=%2Fwp%2Fv2%2Fcomments&post=1687"}],"version-history":[{"count":4,"href":"https:\/\/www.usinadepesquisa.com\/index.php?rest_route=\/wp\/v2\/pages\/1687\/revisions"}],"predecessor-version":[{"id":5299,"href":"https:\/\/www.usinadepesquisa.com\/index.php?rest_route=\/wp\/v2\/pages\/1687\/revisions\/5299"}],"up":[{"embeddable":true,"href":"https:\/\/www.usinadepesquisa.com\/index.php?rest_route=\/wp\/v2\/pages\/1562"}],"wp:attachment":[{"href":"https:\/\/www.usinadepesquisa.com\/index.php?rest_route=%2Fwp%2Fv2%2Fmedia&parent=1687"}],"curies":[{"name":"wp","href":"https:\/\/api.w.org\/{rel}","templated":true}]}}