{"id":18,"date":"2014-07-21T04:16:39","date_gmt":"2014-07-21T04:16:39","guid":{"rendered":"http:\/\/www.usinadepesquisa.com\/?page_id=18"},"modified":"2024-11-15T12:33:38","modified_gmt":"2024-11-15T12:33:38","slug":"divulgar-uma-pesquisa","status":"publish","type":"page","link":"https:\/\/www.usinadepesquisa.com\/?page_id=18","title":{"rendered":"Quero Divulgar!"},"content":{"rendered":"<div id=\"attachment_4736\" style=\"width: 153px\" class=\"wp-caption aligncenter\"><a href=\"https:\/\/www.usinadepesquisa.com\/wp-content\/uploads\/2014\/07\/qrcode-7divulgar.png\"><img loading=\"lazy\" decoding=\"async\" aria-describedby=\"caption-attachment-4736\" class=\"wp-image-4736\" src=\"https:\/\/www.usinadepesquisa.com\/wp-content\/uploads\/2014\/07\/qrcode-7divulgar.png\" alt=\"\" width=\"143\" height=\"143\" srcset=\"https:\/\/www.usinadepesquisa.com\/wp-content\/uploads\/2014\/07\/qrcode-7divulgar.png 400w, https:\/\/www.usinadepesquisa.com\/wp-content\/uploads\/2014\/07\/qrcode-7divulgar-150x150.png 150w, https:\/\/www.usinadepesquisa.com\/wp-content\/uploads\/2014\/07\/qrcode-7divulgar-300x300.png 300w\" sizes=\"auto, (max-width: 143px) 100vw, 143px\" \/><\/a><p id=\"caption-attachment-4736\" class=\"wp-caption-text\">http:\/\/bit.ly\/7divulgar<\/p><\/div>\n<p>&nbsp;<\/p>\n<div id=\"attachment_5940\" style=\"width: 1930px\" class=\"wp-caption aligncenter\"><a href=\"https:\/\/www.usinadepesquisa.com\/wp-content\/uploads\/2024\/11\/Pesquisa-Etapas.png\"><img loading=\"lazy\" decoding=\"async\" aria-describedby=\"caption-attachment-5940\" class=\"size-full wp-image-5940\" src=\"https:\/\/www.usinadepesquisa.com\/wp-content\/uploads\/2024\/11\/Pesquisa-Etapas.png\" alt=\"\" width=\"1920\" height=\"1080\" srcset=\"https:\/\/www.usinadepesquisa.com\/wp-content\/uploads\/2024\/11\/Pesquisa-Etapas.png 1920w, https:\/\/www.usinadepesquisa.com\/wp-content\/uploads\/2024\/11\/Pesquisa-Etapas-300x169.png 300w, https:\/\/www.usinadepesquisa.com\/wp-content\/uploads\/2024\/11\/Pesquisa-Etapas-1024x576.png 1024w, https:\/\/www.usinadepesquisa.com\/wp-content\/uploads\/2024\/11\/Pesquisa-Etapas-768x432.png 768w, https:\/\/www.usinadepesquisa.com\/wp-content\/uploads\/2024\/11\/Pesquisa-Etapas-1536x864.png 1536w\" sizes=\"auto, (max-width: 1920px) 100vw, 1920px\" \/><\/a><p id=\"caption-attachment-5940\" class=\"wp-caption-text\">Figura 1 &#8211; As etapas da pesquisa e seus componentes.<\/p><\/div>\n<p>&nbsp;<\/p>\n<div id=\"attachment_91\" style=\"width: 1478px\" class=\"wp-caption alignnone\"><a href=\"https:\/\/www.usinadepesquisa.com\/wp-content\/uploads\/2014\/07\/MM-00-divulgar.png\"><img loading=\"lazy\" decoding=\"async\" aria-describedby=\"caption-attachment-91\" class=\"wp-image-91 size-full\" src=\"https:\/\/www.usinadepesquisa.com\/wp-content\/uploads\/2014\/07\/MM-00-divulgar.png\" alt=\"MM-00-divulgar\" width=\"1468\" height=\"872\" srcset=\"https:\/\/www.usinadepesquisa.com\/wp-content\/uploads\/2014\/07\/MM-00-divulgar.png 1468w, https:\/\/www.usinadepesquisa.com\/wp-content\/uploads\/2014\/07\/MM-00-divulgar-300x178.png 300w, https:\/\/www.usinadepesquisa.com\/wp-content\/uploads\/2014\/07\/MM-00-divulgar-768x456.png 768w, https:\/\/www.usinadepesquisa.com\/wp-content\/uploads\/2014\/07\/MM-00-divulgar-1024x608.png 1024w\" sizes=\"auto, (max-width: 1468px) 100vw, 1468px\" \/><\/a><p id=\"caption-attachment-91\" class=\"wp-caption-text\">Figura 2. Din\u00e2mica da pesquisa com destaque para a divulga\u00e7\u00e3o<\/p><\/div>\n<p>&nbsp;<\/p>\n<hr \/>\n<p><a href=\"https:\/\/www.usinadepesquisa.com\/wp-content\/uploads\/2024\/11\/photo_2024-11-14_17-48-27.jpg\"><img loading=\"lazy\" decoding=\"async\" class=\"aligncenter size-thumbnail wp-image-5916\" src=\"https:\/\/www.usinadepesquisa.com\/wp-content\/uploads\/2024\/11\/photo_2024-11-14_17-48-27-150x150.jpg\" alt=\"\" width=\"150\" height=\"150\" srcset=\"https:\/\/www.usinadepesquisa.com\/wp-content\/uploads\/2024\/11\/photo_2024-11-14_17-48-27-150x150.jpg 150w, https:\/\/www.usinadepesquisa.com\/wp-content\/uploads\/2024\/11\/photo_2024-11-14_17-48-27-300x300.jpg 300w, https:\/\/www.usinadepesquisa.com\/wp-content\/uploads\/2024\/11\/photo_2024-11-14_17-48-27-1024x1024.jpg 1024w, https:\/\/www.usinadepesquisa.com\/wp-content\/uploads\/2024\/11\/photo_2024-11-14_17-48-27-768x768.jpg 768w, https:\/\/www.usinadepesquisa.com\/wp-content\/uploads\/2024\/11\/photo_2024-11-14_17-48-27.jpg 1080w\" sizes=\"auto, (max-width: 150px) 100vw, 150px\" \/><\/a><\/p>\n<h1 style=\"text-align: center;\">Tema Livre<\/h1>\n<div id=\"attachment_5889\" style=\"width: 610px\" class=\"wp-caption aligncenter\"><a href=\"https:\/\/www.usinadepesquisa.com\/wp-content\/uploads\/2024\/11\/Estrutura-poster-artigo.png\"><img loading=\"lazy\" decoding=\"async\" aria-describedby=\"caption-attachment-5889\" class=\"size-full wp-image-5889\" src=\"https:\/\/www.usinadepesquisa.com\/wp-content\/uploads\/2024\/11\/Estrutura-poster-artigo.png\" alt=\"\" width=\"600\" height=\"960\" srcset=\"https:\/\/www.usinadepesquisa.com\/wp-content\/uploads\/2024\/11\/Estrutura-poster-artigo.png 600w, https:\/\/www.usinadepesquisa.com\/wp-content\/uploads\/2024\/11\/Estrutura-poster-artigo-188x300.png 188w\" sizes=\"auto, (max-width: 600px) 100vw, 600px\" \/><\/a><p id=\"caption-attachment-5889\" class=\"wp-caption-text\">Figura 3. Diagrama\u00e7\u00e3o do p\u00f4ster (banner)<\/p><\/div>\n<p>&nbsp;<\/p>\n<div id=\"attachment_5881\" style=\"width: 1910px\" class=\"wp-caption aligncenter\"><a href=\"https:\/\/www.usinadepesquisa.com\/wp-content\/uploads\/2024\/11\/095-098_Carreiras_285-img.png\"><img loading=\"lazy\" decoding=\"async\" aria-describedby=\"caption-attachment-5881\" class=\"size-full wp-image-5881\" src=\"https:\/\/www.usinadepesquisa.com\/wp-content\/uploads\/2024\/11\/095-098_Carreiras_285-img.png\" alt=\"\" width=\"1900\" height=\"1067\" srcset=\"https:\/\/www.usinadepesquisa.com\/wp-content\/uploads\/2024\/11\/095-098_Carreiras_285-img.png 1900w, https:\/\/www.usinadepesquisa.com\/wp-content\/uploads\/2024\/11\/095-098_Carreiras_285-img-300x168.png 300w, https:\/\/www.usinadepesquisa.com\/wp-content\/uploads\/2024\/11\/095-098_Carreiras_285-img-1024x575.png 1024w, https:\/\/www.usinadepesquisa.com\/wp-content\/uploads\/2024\/11\/095-098_Carreiras_285-img-768x431.png 768w, https:\/\/www.usinadepesquisa.com\/wp-content\/uploads\/2024\/11\/095-098_Carreiras_285-img-1536x863.png 1536w\" sizes=\"auto, (max-width: 1900px) 100vw, 1900px\" \/><\/a><p id=\"caption-attachment-5881\" class=\"wp-caption-text\">Figura 4. Outra das possibilidades de p\u00f4ster (banner)<\/p><\/div>\n<hr \/>\n<p><a href=\"https:\/\/www.usinadepesquisa.com\/wp-content\/uploads\/2024\/11\/photo_2024-11-14_17-48-29.jpg\"><img loading=\"lazy\" decoding=\"async\" class=\"aligncenter size-thumbnail wp-image-5917\" src=\"https:\/\/www.usinadepesquisa.com\/wp-content\/uploads\/2024\/11\/photo_2024-11-14_17-48-29-150x150.jpg\" alt=\"\" width=\"150\" height=\"150\" srcset=\"https:\/\/www.usinadepesquisa.com\/wp-content\/uploads\/2024\/11\/photo_2024-11-14_17-48-29-150x150.jpg 150w, https:\/\/www.usinadepesquisa.com\/wp-content\/uploads\/2024\/11\/photo_2024-11-14_17-48-29-300x300.jpg 300w, https:\/\/www.usinadepesquisa.com\/wp-content\/uploads\/2024\/11\/photo_2024-11-14_17-48-29-1024x1024.jpg 1024w, https:\/\/www.usinadepesquisa.com\/wp-content\/uploads\/2024\/11\/photo_2024-11-14_17-48-29-768x768.jpg 768w, https:\/\/www.usinadepesquisa.com\/wp-content\/uploads\/2024\/11\/photo_2024-11-14_17-48-29.jpg 1080w\" sizes=\"auto, (max-width: 150px) 100vw, 150px\" \/><\/a><\/p>\n<h1 style=\"text-align: center;\">Artigo Original<\/h1>\n<div id=\"attachment_5886\" style=\"width: 871px\" class=\"wp-caption alignnone\"><img loading=\"lazy\" decoding=\"async\" aria-describedby=\"caption-attachment-5886\" class=\"wp-image-5886 size-full\" src=\"https:\/\/www.usinadepesquisa.com\/wp-content\/uploads\/2024\/11\/IMG_20241111_210527_786.jpg\" alt=\"\" width=\"861\" height=\"1280\" srcset=\"https:\/\/www.usinadepesquisa.com\/wp-content\/uploads\/2024\/11\/IMG_20241111_210527_786.jpg 861w, https:\/\/www.usinadepesquisa.com\/wp-content\/uploads\/2024\/11\/IMG_20241111_210527_786-202x300.jpg 202w, https:\/\/www.usinadepesquisa.com\/wp-content\/uploads\/2024\/11\/IMG_20241111_210527_786-689x1024.jpg 689w, https:\/\/www.usinadepesquisa.com\/wp-content\/uploads\/2024\/11\/IMG_20241111_210527_786-768x1142.jpg 768w\" sizes=\"auto, (max-width: 861px) 100vw, 861px\" \/><p id=\"caption-attachment-5886\" class=\"wp-caption-text\">Figura 5 &#8211; A estrutura de uma artigo original em ciencias da sa\u00fade<\/p><\/div>\n<p>&nbsp;<\/p>\n<div id=\"attachment_5927\" style=\"width: 341px\" class=\"wp-caption aligncenter\"><a href=\"https:\/\/icmje.org\"><img loading=\"lazy\" decoding=\"async\" aria-describedby=\"caption-attachment-5927\" class=\"wp-image-5927\" src=\"https:\/\/www.usinadepesquisa.com\/wp-content\/uploads\/2024\/11\/Captura-de-tela-2024-11-15-084313.png\" alt=\"\" width=\"331\" height=\"149\" srcset=\"https:\/\/www.usinadepesquisa.com\/wp-content\/uploads\/2024\/11\/Captura-de-tela-2024-11-15-084313.png 1505w, https:\/\/www.usinadepesquisa.com\/wp-content\/uploads\/2024\/11\/Captura-de-tela-2024-11-15-084313-300x135.png 300w, https:\/\/www.usinadepesquisa.com\/wp-content\/uploads\/2024\/11\/Captura-de-tela-2024-11-15-084313-1024x461.png 1024w, https:\/\/www.usinadepesquisa.com\/wp-content\/uploads\/2024\/11\/Captura-de-tela-2024-11-15-084313-768x345.png 768w\" sizes=\"auto, (max-width: 331px) 100vw, 331px\" \/><\/a><p id=\"caption-attachment-5927\" class=\"wp-caption-text\">Figura 6 &#8211; Clique na imagem para acessar as diretrizes para a publica\u00e7\u00e3o de artigos originais <a href=\"https:\/\/icmje.org\">https:\/\/icmje.org<\/a><\/p><\/div>\n<hr \/>\n<p style=\"text-align: center;\"><a href=\"https:\/\/www.usinadepesquisa.com\/wp-content\/uploads\/2014\/07\/qrcode-7divulgar.png\"><img loading=\"lazy\" decoding=\"async\" class=\"wp-image-4736 alignnone aligncenter\" src=\"https:\/\/www.usinadepesquisa.com\/wp-content\/uploads\/2014\/07\/qrcode-7divulgar.png\" alt=\"\" width=\"143\" height=\"143\" srcset=\"https:\/\/www.usinadepesquisa.com\/wp-content\/uploads\/2014\/07\/qrcode-7divulgar.png 400w, https:\/\/www.usinadepesquisa.com\/wp-content\/uploads\/2014\/07\/qrcode-7divulgar-150x150.png 150w, https:\/\/www.usinadepesquisa.com\/wp-content\/uploads\/2014\/07\/qrcode-7divulgar-300x300.png 300w\" sizes=\"auto, (max-width: 143px) 100vw, 143px\" \/><\/a><span style=\"font-size: 12pt; font-family: arial, helvetica, sans-serif;\">http:\/\/bit.ly\/7divulgar<\/span><\/p>\n","protected":false},"excerpt":{"rendered":"<p>.<\/p>\n","protected":false},"author":1,"featured_media":23,"parent":0,"menu_order":0,"comment_status":"closed","ping_status":"closed","template":"","meta":{"footnotes":""},"class_list":["post-18","page","type-page","status-publish","has-post-thumbnail","czr-hentry"],"_links":{"self":[{"href":"https:\/\/www.usinadepesquisa.com\/index.php?rest_route=\/wp\/v2\/pages\/18","targetHints":{"allow":["GET"]}}],"collection":[{"href":"https:\/\/www.usinadepesquisa.com\/index.php?rest_route=\/wp\/v2\/pages"}],"about":[{"href":"https:\/\/www.usinadepesquisa.com\/index.php?rest_route=\/wp\/v2\/types\/page"}],"author":[{"embeddable":true,"href":"https:\/\/www.usinadepesquisa.com\/index.php?rest_route=\/wp\/v2\/users\/1"}],"replies":[{"embeddable":true,"href":"https:\/\/www.usinadepesquisa.com\/index.php?rest_route=%2Fwp%2Fv2%2Fcomments&post=18"}],"version-history":[{"count":18,"href":"https:\/\/www.usinadepesquisa.com\/index.php?rest_route=\/wp\/v2\/pages\/18\/revisions"}],"predecessor-version":[{"id":5944,"href":"https:\/\/www.usinadepesquisa.com\/index.php?rest_route=\/wp\/v2\/pages\/18\/revisions\/5944"}],"wp:featuredmedia":[{"embeddable":true,"href":"https:\/\/www.usinadepesquisa.com\/index.php?rest_route=\/wp\/v2\/media\/23"}],"wp:attachment":[{"href":"https:\/\/www.usinadepesquisa.com\/index.php?rest_route=%2Fwp%2Fv2%2Fmedia&parent=18"}],"curies":[{"name":"wp","href":"https:\/\/api.w.org\/{rel}","templated":true}]}}