{"id":1835,"date":"2012-06-21T18:27:07","date_gmt":"2012-06-21T21:27:07","guid":{"rendered":"http:\/\/www.decisaoclinica.com\/blog\/?page_id=1835"},"modified":"2012-06-21T18:27:07","modified_gmt":"2012-06-21T21:27:07","slug":"kata","status":"publish","type":"page","link":"https:\/\/www.usinadepesquisa.com\/?page_id=1835","title":{"rendered":"Kata"},"content":{"rendered":"<ol>\n<li><a href=\"http:\/\/www.decisaoclinica.com\/blog\/?page_id=1839\"><span style=\"line-height: 16px;\">Heian Shodan<\/span><\/a><\/li>\n<li><span style=\"line-height: 16px;\">Heian Nidan<\/span><\/li>\n<li><span style=\"line-height: 16px;\">Heian Sandan<\/span><\/li>\n<li><span style=\"line-height: 16px;\">Heian Yondan<\/span><\/li>\n<li><span style=\"line-height: 16px;\">Heian Godan<\/span><\/li>\n<li><a href=\"http:\/\/www.decisaoclinica.com\/blog\/?page_id=1877\"><span style=\"line-height: 16px;\">Tekki Shodan<\/span><\/a><\/li>\n<li><span style=\"line-height: 16px;\">Bassai Dai<\/span><\/li>\n<li><span style=\"line-height: 16px;\"><a href=\"http:\/\/www.decisaoclinica.com\/blog\/?page_id=1824\">Jion<\/a><\/span><\/li>\n<li><a href=\"http:\/\/www.decisaoclinica.com\/blog\/?page_id=1938\">Kanku Dai<\/a><\/li>\n<\/ol>\n<p><strong>Kata<\/strong><\/p>\n<p>&nbsp;<\/p>\n<div>Kata<\/div>\n<div>16073<\/div>\n<div>91032<\/div>\n<div>76059<\/div>\n<div><\/div>\n<div><strong>As caracter\u00edsticas<strong>\u00a0do kata (O melhor do Karat\u00ea 1; pp. 94-5)<\/strong><\/strong><\/div>\n<div>\n<ol>\n<li>N\u00famero fixo de movimentos \/ ordem correta<\/li>\n<li>Inicio e fim no mesmo ponto \/ embusen<\/li>\n<li>Obrigat\u00f3rios \/ opcionais<\/li>\n<li>Regras\n<ol>\n<li>Uso correto da for\u00e7a<\/li>\n<li>Velocidade do movimento, r\u00e1pido ou lento<\/li>\n<li>Expans\u00e3o e contra\u00e7\u00e3o do corpo<\/li>\n<\/ol>\n<\/li>\n<li>Sauda\u00e7\u00e3o inicio e no fim<\/li>\n<\/ol>\n<\/div>\n<div><strong>Os pontos espec\u00edficos no desempenho (O melhor do Karat\u00ea 5; pp. 13-4)<\/strong><\/div>\n<div>\n<ul>\n<li>Ordem correta<\/li>\n<li>Come\u00e7o e t\u00e9rmino<\/li>\n<li>Significado de cada movimento<\/li>\n<li>Consci\u00eancia do alvo<\/li>\n<li>Ritmo e regulagem do tempo<\/li>\n<li>Respira\u00e7\u00e3o adequada<\/li>\n<\/ul>\n<\/div>\n<p>A good KATA is one that uses strong focus (<strong>KIME<\/strong>), good spirit (<strong>KOKORO<\/strong>), good timing (<strong>MAAI<\/strong>), controlled breathing (<strong>KOKYO<\/strong>) and a sense of awareness (<strong>ZANSHIN<\/strong>).<a href=\"http:\/\/www.blakeney8.pwp.blueyonder.co.uk\/shotokankata\/\"><br \/>\n<\/a><\/p>\n<table border=\"2\" align=\"center\">\n<tbody>\n<tr>\n<td><strong>Kata<\/strong><\/td>\n<td><strong>\u00a0Kyodos (kiai<\/strong>)<\/td>\n<td><strong>Original Name |Originated<br \/>\nCreator | School<br \/>\nLevel<\/strong><\/td>\n<td><strong>Desenhos<\/strong><\/td>\n<td colspan=\"2\" align=\"center\"><strong>V\u00eddeos<\/strong><\/td>\n<\/tr>\n<tr>\n<td colspan=\"6\"><strong>Shintei Kata (6)<\/strong><\/td>\n<\/tr>\n<tr>\n<td><span style=\"font-size: small;\">1<br \/>\nHeian Shodan<\/span><\/td>\n<td><span style=\"font-size: small;\">21 (9 e 17)<\/span><\/td>\n<td><span style=\"font-size: small;\">Pinian | Shuri-te<\/span><br \/>\n<span style=\"font-size: small;\"> Itosu | Shorin<\/span><br \/>\n<span style=\"font-size: small;\"> 8th Kyu<\/span><\/td>\n<td><span style=\"font-size: small;\"><a href=\"http:\/\/www.karate-do.com.br\/imagens\/kata\/heian_shodan.gif\" target=\"_blank\">01\u00a0<\/a>|\u00a0<a href=\"http:\/\/www.gimnasiookinawa.com\/heian-shodan.html\">02<\/a><\/span><br \/>\n<span style=\"font-size: small;\"> <a href=\"http:\/\/shotokanperu.webs.com\/kata1.gif\">03<\/a><\/span><\/td>\n<td align=\"center\"><span style=\"font-size: small;\"><a href=\"http:\/\/www.karate-do.com.br\/video\/HeianShodan.mpeg\">JKA1<\/a>\u00a0|\u00a0<a href=\"http:\/\/youtu.be\/TnpcGp2rPCM\">JKA2<\/a><\/span><\/td>\n<td align=\"center\"><span style=\"font-size: small;\"><a href=\"http:\/\/www.karate-do.com.br\/video\/Heian_Shodan.avi\">SKIF<\/a><\/span><\/td>\n<\/tr>\n<tr>\n<td><span style=\"font-size: small;\">2<br \/>\nHeian Nidan<\/span><\/td>\n<td><span style=\"font-size: small;\">26 (11 e 26)<\/span><\/td>\n<td><span style=\"font-size: small;\">Pinian | Shuri-te<\/span><br \/>\n<span style=\"font-size: small;\"> Itosu | Shorin<\/span><br \/>\n<span style=\"font-size: small;\"> 7th Kyu<\/span><\/td>\n<td><span style=\"font-size: small;\"><a href=\"http:\/\/www.karate-do.com.br\/imagens\/kata\/heian_nidan.gif\" target=\"_blank\">01<\/a>\u00a0|\u00a0<a href=\"http:\/\/www.gimnasiookinawa.com\/heian-nidan.html\">02<\/a><\/span><br \/>\n<span style=\"font-size: small;\"> <a href=\"http:\/\/shotokanperu.webs.com\/kata2.gif\">03<\/a><\/span><\/td>\n<td align=\"center\"><span style=\"font-size: small;\"><a href=\"http:\/\/www.karate-do.com.br\/video\/HeianNidan.mpeg\">JKA1<\/a>\u00a0|\u00a0<a href=\"http:\/\/youtu.be\/U309Om-xX00\">JKA2<\/a><a href=\"http:\/\/www.karate-do.com.br\/video\/HeianNidan.mpeg\">\u00a0<\/a><\/span><\/td>\n<td align=\"center\"><span style=\"font-size: small;\"><a href=\"http:\/\/www.karate-do.com.br\/video\/Heian_Nidan.avi\">SKIF<\/a><\/span><\/td>\n<\/tr>\n<tr>\n<td><span style=\"font-size: small;\">3<br \/>\nHeian Sandan<\/span><\/td>\n<td><span style=\"font-size: small;\">20 (10 e 20)<\/span><\/td>\n<td><span style=\"font-size: small;\">Pinian | Shuri-te<\/span><br \/>\n<span style=\"font-size: small;\"> Itosu | Shorin<\/span><br \/>\n<span style=\"font-size: small;\"> 6th Kyu<\/span><\/td>\n<td><span style=\"font-size: small;\"><a href=\"http:\/\/www.karate-do.com.br\/imagens\/kata\/heian_sandan.jpg\" target=\"_blank\">01<\/a>\u00a0|\u00a0<a href=\"http:\/\/www.gimnasiookinawa.com\/heian-sandan.html\">02<br \/>\n<\/a>\u00a0<a href=\"http:\/\/shotokanperu.webs.com\/kata3.gif\">03<\/a><\/span><\/td>\n<td align=\"center\"><span style=\"font-size: small;\"><a href=\"http:\/\/www.karate-do.com.br\/video\/HeianSandan.mpeg\">JKA1<\/a>\u00a0|\u00a0<a href=\"http:\/\/youtu.be\/f14-kbtZuH4\">JKA2<\/a><\/span><\/td>\n<td align=\"center\"><span style=\"font-size: small;\"><a href=\"http:\/\/www.karate-do.com.br\/video\/Heian_Sandan.avi\">SKIF<\/a><\/span><\/td>\n<\/tr>\n<tr>\n<td><span style=\"font-size: small;\">4<br \/>\nHeian Yondan<\/span><\/td>\n<td><span style=\"font-size: small;\">27 (13 e 25)<\/span><\/td>\n<td><span style=\"font-size: small;\">Pinian | Shuri-te<\/span><br \/>\n<span style=\"font-size: small;\"> Itosu | Shorin<\/span><br \/>\n<span style=\"font-size: small;\"> 5th Kyu<\/span><\/td>\n<td><span style=\"font-size: small;\"><a href=\"http:\/\/www.karate-do.com.br\/imagens\/kata\/heian_yondan.gif\" target=\"_blank\">01<\/a>\u00a0|\u00a0<a href=\"http:\/\/www.gimnasiookinawa.com\/heian-yondan.html\">02<br \/>\n<\/a>\u00a0<a href=\"http:\/\/shotokanperu.webs.com\/kata4.gif\">03<\/a><\/span><\/td>\n<td align=\"center\"><span style=\"font-size: small;\"><a href=\"http:\/\/www.karate-do.com.br\/video\/HeianYondan.mpeg\">JKA1<\/a>\u00a0|\u00a0<a href=\"http:\/\/youtu.be\/I3ctUR1fJv4\">JKA2<\/a><\/span><\/td>\n<td align=\"center\"><span style=\"font-size: small;\"><a href=\"http:\/\/www.karate-do.com.br\/video\/Heian_Yondan.avi\">SKIF<\/a><\/span><\/td>\n<\/tr>\n<tr>\n<td><span style=\"font-size: small;\">5<br \/>\nHeian Godan<\/span><\/td>\n<td><span style=\"font-size: small;\">23 (12 e 19)<\/span><\/td>\n<td><span style=\"font-size: small;\">Pinian | Shuri-te<\/span><br \/>\n<span style=\"font-size: small;\"> Itosu | Shorin<\/span><br \/>\n<span style=\"font-size: small;\"> 4th Kyu<\/span><\/td>\n<td><span style=\"font-size: small;\"><a href=\"http:\/\/www.karate-do.com.br\/imagens\/kata\/heian_godan.gif\" target=\"_blank\">01<\/a>\u00a0|\u00a0<a href=\"http:\/\/www.gimnasiookinawa.com\/heian-godan.html\">02<br \/>\n<\/a>\u00a0<a href=\"http:\/\/shotokanperu.webs.com\/kata5.gif\">03<\/a><\/span><\/td>\n<td align=\"center\"><span style=\"font-size: small;\"><a href=\"http:\/\/www.karate-do.com.br\/video\/HeianGodan.mpeg\">JKA1<\/a>\u00a0|\u00a0<a href=\"http:\/\/youtu.be\/0A53ZgwvaBk\">JKA2<\/a><\/span><\/td>\n<td align=\"center\"><span style=\"font-size: small;\"><a href=\"http:\/\/www.karate-do.com.br\/video\/Heian_Godan.avi\">SKIF<\/a><\/span><\/td>\n<\/tr>\n<tr>\n<td><span style=\"font-size: small;\">6<br \/>\nTekki Shodan<\/span><\/td>\n<td><span style=\"font-size: small;\">29 (15 e 29)<\/span><\/td>\n<td><span style=\"font-size: small;\">Naihanchi | Shuri-te<\/span><br \/>\n<span style=\"font-size: small;\"> Itosu | Shorei<\/span><br \/>\n<span style=\"font-size: small;\"> 3rd Kyu<\/span><\/td>\n<td><span style=\"font-size: small;\"><a href=\"http:\/\/www.karate-do.com.br\/imagens\/kata\/tekki_shodan.jpg\" target=\"_blank\">01\u00a0<\/a>|\u00a0<a href=\"http:\/\/www.gimnasiookinawa.com\/tekki-shodan.html\">02<br \/>\n<\/a>\u00a0<a href=\"http:\/\/shotokanperu.webs.com\/tekki1.gif\">03<\/a><\/span><\/td>\n<td align=\"center\"><span style=\"font-size: small;\"><a href=\"http:\/\/www.karate-do.com.br\/video\/TekkiShodan.mpeg\">JKA1<\/a>\u00a0|\u00a0<a href=\"http:\/\/youtu.be\/rroOQJifbSo\">JKA2<\/a><\/span><\/td>\n<td align=\"center\"><span style=\"font-size: small;\"><a href=\"http:\/\/www.karate-do.com.br\/video\/Tekki_Shodan.avi\">SKIF<\/a><\/span><\/td>\n<\/tr>\n<tr>\n<td colspan=\"6\"><span style=\"font-size: small;\"><strong>Sentei Kata (4)<\/strong><\/span><\/td>\n<\/tr>\n<tr>\n<td><span style=\"font-size: small;\">7<br \/>\nBassai Dai<\/span><\/td>\n<td><span style=\"font-size: small;\">42 (19 e 42)<\/span><\/td>\n<td><span style=\"font-size: small;\">Patsai To | Tomari-te<\/span><br \/>\n<span style=\"font-size: small;\"> Matsumura | Shorin<\/span><br \/>\n<span style=\"font-size: small;\"> 2nd Kyu<\/span><\/td>\n<td><span style=\"font-size: small;\"><a href=\"http:\/\/www.karate-do.com.br\/imagens\/kata\/bassai_dai.jpg\" target=\"_blank\">01<\/a>\u00a0|\u00a0<a href=\"http:\/\/www.gimnasiookinawa.com\/bassai-dai.html\">02<\/a><\/span><\/td>\n<td align=\"center\"><span style=\"font-size: small;\"><a href=\"http:\/\/www.karate-do.com.br\/video\/BassaiDai.mpeg\">JKA<\/a><\/span><\/td>\n<td align=\"center\"><span style=\"font-size: small;\"><a href=\"http:\/\/www.karate-do.com.br\/video\/Bassai_Dai.avi\">SKIF<\/a><\/span><\/td>\n<\/tr>\n<tr>\n<td><span style=\"font-size: small;\">8<br \/>\nKanku Dai<\/span><\/td>\n<td><span style=\"font-size: small;\">65 (15 e 65)<\/span><\/td>\n<td><span style=\"font-size: small;\">\u00a0<\/span><\/td>\n<td><span style=\"font-size: small;\"><a href=\"http:\/\/www.karate-do.com.br\/imagens\/kata\/kanku_dai.jpg\" target=\"_blank\">01<\/a>\u00a0|\u00a0<a href=\"http:\/\/www.gimnasiookinawa.com\/kanku-dai.html\">02<\/a><\/span><\/td>\n<td align=\"center\"><span style=\"font-size: small;\"><a href=\"http:\/\/www.karate-do.com.br\/video\/KankuDai.mpeg\">JKA<\/a><\/span><\/td>\n<td align=\"center\"><span style=\"font-size: small;\"><a href=\"http:\/\/www.karate-do.com.br\/video\/Kanku_Dai.avi\">SKIF<\/a><\/span><\/td>\n<\/tr>\n<tr>\n<td><span style=\"font-size: small;\">9<br \/>\nJion<\/span><\/td>\n<td><span style=\"font-size: small;\">47 (17 e 47)<\/span><\/td>\n<td><span style=\"font-size: small;\">\u00a0<\/span><\/td>\n<td><span style=\"font-size: small;\"><a href=\"http:\/\/www.karate-do.com.br\/imagens\/kata\/jion.jpg\" target=\"_blank\">01<\/a>\u00a0|\u00a0<a href=\"http:\/\/www.gimnasiookinawa.com\/jion.html\">02<\/a><\/span><\/td>\n<td align=\"center\"><span style=\"font-size: small;\"><a href=\"http:\/\/www.karate-do.com.br\/video\/Jion.mpeg\">JKA<\/a><\/span><\/td>\n<td align=\"center\"><span style=\"font-size: small;\"><a href=\"http:\/\/www.karate-do.com.br\/video\/Jion.avi\">SKIF<\/a><\/span><\/td>\n<\/tr>\n<tr>\n<td><span style=\"font-size: small;\">10<br \/>\nEmpi<\/span><\/td>\n<td><span style=\"font-size: small;\">37 (15 e 36)<\/span><\/td>\n<td><span style=\"font-size: small;\">\u00a0<\/span><\/td>\n<td><span style=\"font-size: small;\"><a href=\"http:\/\/www.karate-do.com.br\/imagens\/kata\/empi.jpg\" target=\"_blank\">01<\/a>\u00a0|\u00a0<a href=\"http:\/\/www.gimnasiookinawa.com\/enpi.html\">02<\/a><\/span><\/td>\n<td align=\"center\"><span style=\"font-size: small;\"><a href=\"http:\/\/www.karate-do.com.br\/video\/Empi.mpeg\">JKA<\/a><\/span><\/td>\n<td align=\"center\"><span style=\"font-size: small;\"><a href=\"http:\/\/www.karate-do.com.br\/video\/Enpi.avi\">SKIF<\/a><\/span><\/td>\n<\/tr>\n<tr>\n<td colspan=\"6\"><span style=\"font-size: small;\"><strong>Tokui Kata (16)<\/strong><\/span><\/td>\n<\/tr>\n<tr>\n<td><span style=\"font-size: small;\">11<br \/>\nTekki Nidan<\/span><\/td>\n<td><span style=\"font-size: small;\">\u00a0<\/span><\/td>\n<td><span style=\"font-size: small;\">\u00a0<\/span><\/td>\n<td><span style=\"font-size: small;\"><a href=\"http:\/\/www.karate-do.com.br\/imagens\/kata\/tekki_nidan.gif\" target=\"_blank\">01<\/a><\/span><\/td>\n<td align=\"center\"><span style=\"font-size: small;\"><a href=\"http:\/\/www.karate-do.com.br\/video\/TekkiNidan.mpeg\">JKA<\/a><\/span><\/td>\n<td align=\"center\"><span style=\"font-size: small;\"><a href=\"http:\/\/www.karate-do.com.br\/video\/Tekki_Nidan.avi\">SKIF<\/a><\/span><\/td>\n<\/tr>\n<tr>\n<td><span style=\"font-size: small;\">12<br \/>\nTekki Sandan<\/span><\/td>\n<td><span style=\"font-size: small;\">\u00a0<\/span><\/td>\n<td><span style=\"font-size: small;\">\u00a0<\/span><\/td>\n<td><span style=\"font-size: small;\"><a href=\"http:\/\/www.karate-do.com.br\/imagens\/kata\/tekki_sandan.jpg\" target=\"_blank\">01<\/a><\/span><\/td>\n<td align=\"center\"><span style=\"font-size: small;\"><a href=\"http:\/\/www.karate-do.com.br\/video\/TekkiSandan.mpeg\">JKA<\/a><\/span><\/td>\n<td align=\"center\"><span style=\"font-size: small;\"><a href=\"http:\/\/www.karate-do.com.br\/video\/Tekki_Sandan.avi\">SKIF<\/a><\/span><\/td>\n<\/tr>\n<tr>\n<td><span style=\"font-size: small;\">13<br \/>\nHangetsu<\/span><\/td>\n<td><span style=\"font-size: small;\">\u00a0<\/span><\/td>\n<td><span style=\"font-size: small;\">\u00a0<\/span><\/td>\n<td><span style=\"font-size: small;\"><a href=\"http:\/\/www.karate-do.com.br\/imagens\/kata\/hangetsu.jpg\" target=\"_blank\">01<\/a><\/span><\/td>\n<td align=\"center\"><span style=\"font-size: small;\"><a href=\"http:\/\/www.karate-do.com.br\/video\/Hangetsu.mpeg\">JKA<\/a><\/span><\/td>\n<td align=\"center\"><span style=\"font-size: small;\"><a href=\"http:\/\/www.karate-do.com.br\/video\/Hangetsu.avi\">SKIF<\/a><\/span><\/td>\n<\/tr>\n<tr>\n<td><span style=\"font-size: small;\">14<br \/>\nJitte<\/span><\/td>\n<td><span style=\"font-size: small;\">\u00a0<\/span><\/td>\n<td><span style=\"font-size: small;\">\u00a0<\/span><\/td>\n<td><span style=\"font-size: small;\"><a href=\"http:\/\/www.karate-do.com.br\/imagens\/kata\/jitte.gif\" target=\"_blank\">01<\/a><\/span><\/td>\n<td align=\"center\"><span style=\"font-size: small;\"><a href=\"http:\/\/www.karate-do.com.br\/video\/Jitte.mpeg\">JKA<\/a><\/span><\/td>\n<td align=\"center\"><span style=\"font-size: small;\"><a href=\"http:\/\/www.karate-do.com.br\/video\/Jitte.avi\">SKIF<\/a><\/span><\/td>\n<\/tr>\n<tr>\n<td><span style=\"font-size: small;\">15<br \/>\nGankaku<\/span><\/td>\n<td><span style=\"font-size: small;\">\u00a0<\/span><\/td>\n<td><span style=\"font-size: small;\">\u00a0<\/span><\/td>\n<td><span style=\"font-size: small;\"><a href=\"http:\/\/www.karate-do.com.br\/imagens\/kata\/gangaku.jpg\" target=\"_blank\">01<\/a><\/span><\/td>\n<td align=\"center\"><span style=\"font-size: small;\"><a href=\"http:\/\/www.karate-do.com.br\/video\/Gankaku.mpeg\">JKA<\/a><\/span><\/td>\n<td align=\"center\"><span style=\"font-size: small;\"><a href=\"http:\/\/www.karate-do.com.br\/video\/Gankaku.avi\">SKIF<\/a><\/span><\/td>\n<\/tr>\n<tr>\n<td><span style=\"font-size: small;\">16<br \/>\nNijushiho<\/span><\/td>\n<td><span style=\"font-size: small;\">\u00a0<\/span><\/td>\n<td><span style=\"font-size: small;\">\u00a0<\/span><\/td>\n<td><span style=\"font-size: small;\"><a href=\"http:\/\/www.karate-do.com.br\/imagens\/kata\/nijushiho.jpg\" target=\"_blank\">01<\/a><\/span><\/td>\n<td align=\"center\"><span style=\"font-size: small;\"><a href=\"http:\/\/www.karate-do.com.br\/video\/NijuShiho.mpeg\">JKA<\/a><\/span><\/td>\n<td align=\"center\"><span style=\"font-size: small;\"><a href=\"http:\/\/www.karate-do.com.br\/video\/Nijushiho.avi\">SKIF<\/a><\/span><\/td>\n<\/tr>\n<tr>\n<td><span style=\"font-size: small;\">17<br \/>\nJiin<\/span><\/td>\n<td><span style=\"font-size: small;\">\u00a0<\/span><\/td>\n<td><span style=\"font-size: small;\">\u00a0<\/span><\/td>\n<td><span style=\"font-size: small;\"><a href=\"http:\/\/www.karate-do.com.br\/imagens\/kata\/jiin.jpg\" target=\"_blank\">01<\/a><\/span><\/td>\n<td align=\"center\"><span style=\"font-size: small;\"><a href=\"http:\/\/www.karate-do.com.br\/video\/Jiin.mpeg\">JKA<\/a><\/span><\/td>\n<td align=\"center\"><span style=\"font-size: small;\"><a href=\"http:\/\/www.karate-do.com.br\/video\/Jiin.avi\">SKIF<\/a><\/span><\/td>\n<\/tr>\n<tr>\n<td><span style=\"font-size: small;\">18<br \/>\nBassai Sho<\/span><\/td>\n<td><span style=\"font-size: small;\">\u00a0<\/span><\/td>\n<td><span style=\"font-size: small;\">\u00a0<\/span><\/td>\n<td><span style=\"font-size: small;\"><a href=\"http:\/\/www.karate-do.com.br\/imagens\/kata\/bassai_sho.jpg\" target=\"_blank\">01<\/a><\/span><\/td>\n<td align=\"center\"><span style=\"font-size: small;\"><a href=\"http:\/\/www.karate-do.com.br\/video\/BassaiSho.mpeg\">JKA<\/a><\/span><\/td>\n<td align=\"center\"><span style=\"font-size: small;\"><a href=\"http:\/\/www.karate-do.com.br\/video\/Bassai_Sho.avi\">SKIF<\/a><\/span><\/td>\n<\/tr>\n<tr>\n<td><span style=\"font-size: small;\">19<br \/>\nKanku Sho<\/span><\/td>\n<td><span style=\"font-size: small;\">\u00a0<\/span><\/td>\n<td><span style=\"font-size: small;\">\u00a0<\/span><\/td>\n<td><span style=\"font-size: small;\"><a href=\"http:\/\/www.karate-do.com.br\/imagens\/kata\/kanku_sho.jpg\" target=\"_blank\">01<\/a><\/span><\/td>\n<td align=\"center\"><span style=\"font-size: small;\"><a href=\"http:\/\/www.karate-do.com.br\/video\/KankuSho.mpeg\">JKA<\/a><\/span><\/td>\n<td align=\"center\"><span style=\"font-size: small;\"><a href=\"http:\/\/www.karate-do.com.br\/video\/Kanku_Sho.avi\">SKIF<\/a><\/span><\/td>\n<\/tr>\n<tr>\n<td><span style=\"font-size: small;\">20<br \/>\nChinte<\/span><\/td>\n<td><span style=\"font-size: small;\">\u00a0<\/span><\/td>\n<td><span style=\"font-size: small;\">\u00a0<\/span><\/td>\n<td><span style=\"font-size: small;\"><a href=\"http:\/\/www.karate-do.com.br\/imagens\/kata\/chinte.jpg\" target=\"_blank\">01<\/a><\/span><\/td>\n<td align=\"center\"><span style=\"font-size: small;\"><a href=\"http:\/\/www.karate-do.com.br\/video\/Chinte.mpeg\">JKA<\/a><\/span><\/td>\n<td align=\"center\"><span style=\"font-size: small;\"><a href=\"http:\/\/www.karate-do.com.br\/video\/Chinte.avi\">SKIF<\/a><\/span><\/td>\n<\/tr>\n<tr>\n<td><span style=\"font-size: small;\">21<br \/>\nWankan<\/span><\/td>\n<td><span style=\"font-size: small;\">\u00a0<\/span><\/td>\n<td><span style=\"font-size: small;\">\u00a0<\/span><\/td>\n<td><span style=\"font-size: small;\"><a href=\"http:\/\/www.karate-do.com.br\/imagens\/kata\/wankan.jpg\" target=\"_blank\">01<\/a><\/span><\/td>\n<td align=\"center\"><span style=\"font-size: small;\"><a href=\"http:\/\/www.karate-do.com.br\/video\/Wankan.mpeg\">JKA<\/a><\/span><\/td>\n<td align=\"center\"><span style=\"font-size: small;\"><a href=\"http:\/\/www.karate-do.com.br\/video\/Wankan.avi\">SKIF<\/a><\/span><\/td>\n<\/tr>\n<tr>\n<td><span style=\"font-size: small;\">22<br \/>\nSochin<\/span><\/td>\n<td><span style=\"font-size: small;\">\u00a0<\/span><\/td>\n<td><span style=\"font-size: small;\">\u00a0<\/span><\/td>\n<td><span style=\"font-size: small;\"><a href=\"http:\/\/www.karate-do.com.br\/imagens\/kata\/sochin.jpg\" target=\"_blank\">01<\/a><\/span><\/td>\n<td align=\"center\"><span style=\"font-size: small;\"><a href=\"http:\/\/www.karate-do.com.br\/video\/Sochin.mpeg\">JKA<\/a><\/span><\/td>\n<td align=\"center\"><span style=\"font-size: small;\"><a href=\"http:\/\/www.karate-do.com.br\/video\/Sochin.avi\">SKIF<\/a><\/span><\/td>\n<\/tr>\n<tr>\n<td><span style=\"font-size: small;\">23<br \/>\nMeikyo<\/span><\/td>\n<td><span style=\"font-size: small;\">\u00a0<\/span><\/td>\n<td><span style=\"font-size: small;\">\u00a0<\/span><\/td>\n<td><span style=\"font-size: small;\"><a href=\"http:\/\/www.karate-do.com.br\/imagens\/kata\/meikyo.jpg\">01<\/a><\/span><\/td>\n<td align=\"center\"><span style=\"font-size: small;\"><a href=\"http:\/\/www.karate-do.com.br\/video\/Meikyo.mpeg\">JKA<\/a><\/span><\/td>\n<td align=\"center\"><span style=\"font-size: small;\"><a href=\"http:\/\/www.karate-do.com.br\/video\/Meikyo.avi\">SKIF<\/a><\/span><\/td>\n<\/tr>\n<tr>\n<td><span style=\"font-size: small;\">24<br \/>\nGojushiho Sho<\/span><\/td>\n<td><span style=\"font-size: small;\">\u00a0<\/span><\/td>\n<td><span style=\"font-size: small;\">\u00a0<\/span><\/td>\n<td><span style=\"font-size: small;\">01<\/span><\/td>\n<td align=\"center\"><span style=\"font-size: small;\"><a href=\"http:\/\/www.karate-do.com.br\/video\/GojuShihoSho.mpeg\">JKA<\/a><\/span><\/td>\n<td align=\"center\"><span style=\"font-size: small;\"><a href=\"http:\/\/www.karate-do.com.br\/video\/Gojushiho_Sho.avi\">SKIF<\/a><\/span><\/td>\n<\/tr>\n<tr>\n<td><span style=\"font-size: small;\">25<br \/>\nGojushiro Dai<\/span><\/td>\n<td><span style=\"font-size: small;\">\u00a0<\/span><\/td>\n<td><span style=\"font-size: small;\">\u00a0<\/span><\/td>\n<td><span style=\"font-size: small;\">01<\/span><\/td>\n<td align=\"center\"><span style=\"font-size: small;\"><a href=\"http:\/\/www.karate-do.com.br\/video\/GojuShihoDai.mpeg\">JKA<\/a><\/span><\/td>\n<td align=\"center\"><span style=\"font-size: small;\"><a href=\"http:\/\/www.karate-do.com.br\/video\/Gojushiho_Dai.avi\">SKIF<\/a><\/span><\/td>\n<\/tr>\n<tr>\n<td><span style=\"font-size: small;\">26<br \/>\nUnsu<\/span><\/td>\n<td><span style=\"font-size: small;\">\u00a0<\/span><\/td>\n<td><span style=\"font-size: small;\">\u00a0<\/span><\/td>\n<td><span style=\"font-size: small;\"><a href=\"http:\/\/www.karate-do.com.br\/imagens\/kata\/unsu.jpg\" target=\"_blank\">01<\/a><\/span><\/td>\n<td align=\"center\"><span style=\"font-size: small;\"><a href=\"http:\/\/www.karate-do.com.br\/video\/Unsu.mpeg\">JKA<\/a><\/span><\/td>\n<td align=\"center\"><span style=\"font-size: small;\"><a href=\"http:\/\/www.karate-do.com.br\/video\/Unsu.avi\">SKIF<\/a><\/span><\/td>\n<\/tr>\n<\/tbody>\n<\/table>\n","protected":false},"excerpt":{"rendered":"<p>Heian Shodan Heian Nidan Heian Sandan Heian Yondan Heian Godan Tekki Shodan Bassai Dai Jion Kanku Dai Kata &nbsp; Kata 16073 91032 76059 As caracter\u00edsticas\u00a0do kata (O melhor do Karat\u00ea 1; pp. 94-5) N\u00famero fixo de movimentos \/ ordem correta Inicio e fim no mesmo ponto \/ embusen Obrigat\u00f3rios \/ opcionais Regras Uso correto da [&hellip;]<\/p>\n","protected":false},"author":1,"featured_media":0,"parent":2251,"menu_order":0,"comment_status":"closed","ping_status":"closed","template":"","meta":{"footnotes":""},"class_list":["post-1835","page","type-page","status-publish","czr-hentry"],"_links":{"self":[{"href":"https:\/\/www.usinadepesquisa.com\/index.php?rest_route=\/wp\/v2\/pages\/1835","targetHints":{"allow":["GET"]}}],"collection":[{"href":"https:\/\/www.usinadepesquisa.com\/index.php?rest_route=\/wp\/v2\/pages"}],"about":[{"href":"https:\/\/www.usinadepesquisa.com\/index.php?rest_route=\/wp\/v2\/types\/page"}],"author":[{"embeddable":true,"href":"https:\/\/www.usinadepesquisa.com\/index.php?rest_route=\/wp\/v2\/users\/1"}],"replies":[{"embeddable":true,"href":"https:\/\/www.usinadepesquisa.com\/index.php?rest_route=%2Fwp%2Fv2%2Fcomments&post=1835"}],"version-history":[{"count":0,"href":"https:\/\/www.usinadepesquisa.com\/index.php?rest_route=\/wp\/v2\/pages\/1835\/revisions"}],"up":[{"embeddable":true,"href":"https:\/\/www.usinadepesquisa.com\/index.php?rest_route=\/wp\/v2\/pages\/2251"}],"wp:attachment":[{"href":"https:\/\/www.usinadepesquisa.com\/index.php?rest_route=%2Fwp%2Fv2%2Fmedia&parent=1835"}],"curies":[{"name":"wp","href":"https:\/\/api.w.org\/{rel}","templated":true}]}}