{"id":2258,"date":"2012-11-18T12:58:23","date_gmt":"2012-11-18T15:58:23","guid":{"rendered":"http:\/\/www.decisaoclinica.com\/blog\/?page_id=2258"},"modified":"2012-11-18T12:58:23","modified_gmt":"2012-11-18T15:58:23","slug":"sailplane-planador","status":"publish","type":"page","link":"https:\/\/www.usinadepesquisa.com\/?page_id=2258","title":{"rendered":"Sailplane (planador)"},"content":{"rendered":"<h1><strong>Voo a Vela<\/strong><\/h1>\n<hr \/>\n<p style=\"text-align: justify;\">A pr\u00e1tica do voo a vela (voo com planadores) exige treinamento especializado, obtido com\u00a0<a href=\"http:\/\/www.planadores.org.br\/\">instrutores credenciados<\/a>. Existe o risco de les\u00f5es graves e\/ou morte ao praticar esta atividade sem treinamento e equipamento adequados. Utilize as informa\u00e7\u00f5es dos atalhos (<em>links<\/em>) desta p\u00e1gina com uma postura cr\u00edtica. Discuta sua utilidade\/aplicabilidade com seu instrutor, ele \u00e9 a pessoa mais capacitada a ajud\u00e1-lo!<\/p>\n<hr \/>\n<p><img loading=\"lazy\" decoding=\"async\" class=\"size-medium wp-image-4364 aligncenter\" src=\"http:\/\/decisaoclinica.com\/wp-content\/uploads\/2012\/11\/Szybowiec_SZD-50_Puchacz-300x226.jpg\" alt=\"Szybowiec_SZD-50_Puchacz\" width=\"300\" height=\"226\" \/><\/p>\n<ul>\n<li><strong>Geral<\/strong>\n<ul>\n<li><a href=\"http:\/\/www.anac.gov.br\/formacaoaerea\/cgi\/cgilua.exe\/sys\/start.htm?infoid=66&amp;sid=1\">www.anac.gov.br\/formacaoaerea\/cgi\/cgilua.exe\/sys\/start.htm?infoid=66&amp;sid=1<\/a><br \/>\nIniciando sua carreira de piloto voando de planador<\/li>\n<li><a title=\"http:\/\/www.soaringspot.com\/12cvvrk\" href=\"http:\/\/www.soaringspot.com\/12cvvrk\" target=\"_blank\">www.soaringspot.com\/12cvvrk<\/a><br \/>\nVirtual briefing<\/li>\n<li><a title=\"planadorbrasil.blogspot.com\" href=\"http:\/\/planadorbrasil.blogspot.com\/\">planadorbrasil.blogspot.com<\/a>\u00a0\u2013 Thomas Milko<\/li>\n<li>http:\/\/www.gliderbooks.com<\/li>\n<\/ul>\n<\/li>\n<li><strong>Entidades<\/strong>\n<ul>\n<li><a href=\"http:\/\/www.fai.org\/gliding\/\">www.fai.org\/gliding<\/a><br \/>\nFAI Gliding Commission \u2013 IGC<\/li>\n<li><a href=\"http:\/\/www.soaringsafety.org\/\">www.soaringsafety.org<\/a><br \/>\nSoaring Safety Foundation<\/li>\n<li><a href=\"http:\/\/www.ssa.org\/\">www.ssa.org<\/a><br \/>\nSoaring Society of America<\/li>\n<li><a href=\"http:\/\/www.gliding.co.uk\/\">www.gliding.co.uk<\/a><br \/>\nBritish Gliding Association<\/li>\n<li><a href=\"http:\/\/www.planadores.org.br\/\">www.planadores.org.br<\/a><br \/>\nFBVV \u2013 Federa\u00e7ao Brasileira de Voo a Vela<\/li>\n<li><a href=\"http:\/\/www.planadoresjundiai.org.br\/\">www.planadoresjundiai.org.br<\/a><br \/>\nAeroclube Polit\u00e9cnico de Planadores, Jundia\u00ed, SP.<\/p>\n<ul>\n<li><a href=\"http:\/\/www.decisaoclinica.com\/images\/stories\/mapaapp.jpg\">Como chegar<\/a><\/li>\n<\/ul>\n<\/li>\n<li><a title=\"www.azsoaring.com\" href=\"http:\/\/www.azsoaring.com\/\">www.azsoaring.com<\/a>\u00a0\u2013 Maricopa, Arizona, USA.<\/li>\n<li><a title=\"www.aisweb.aer.mil.br\/aisweb\" href=\"http:\/\/www.aisweb.aer.mil.br\/aisweb\/\">www.aisweb.aer.mil.br\/aisweb<\/a>\u00a0\u2013 AIS WEB<\/li>\n<li><a href=\"http:\/\/www.soarfl.com\/\" target=\"_blank\">www.soarfl.com<\/a>\u00a0\u2013 Seminole-Lake Gliderport, Clermont, Florida<\/li>\n<\/ul>\n<\/li>\n<li><strong>Imagens<\/strong>\n<ul>\n<li><a href=\"http:\/\/cdn-www.airliners.net\/aviation-photos\/photos\/9\/4\/9\/0589949.jpg\">cdn-www.airliners.net\/aviation-photos\/photos\/9\/4\/9\/0589949.jpg<\/a>\u00a0\u2013 Cockpit<\/li>\n<li><a href=\"http:\/\/maps.google.com.br\/maps?f=q&amp;source=s_q&amp;hl=pt-BR&amp;geocode=&amp;q=sdjd&amp;sll=37.278326,-95.935545&amp;sspn=11.74235,28.256836&amp;ie=UTF8&amp;hq=&amp;hnear=Aeroporto+-+Jundia%C3%AD+-+S%C3%A3o+Paulo&amp;ll=-23.180093,-46.941619&amp;spn=0.013255,0.043945&amp;t=k&amp;z=15\">maps.google.com.br\/maps<\/a>\u00a0\u2013 SBJD no MapsGoogle<\/li>\n<li><a href=\"http:\/\/picasaweb.google.com.br\/aldemararaujocastro\/20100515_jundiai\">Fotos 3<\/a>\u00a0|\u00a0<a href=\"http:\/\/picasaweb.google.com.br\/aldemararaujocastro\/20100221_jundiai_planador\">Fotos 2<\/a>\u00a0|\u00a0<a href=\"http:\/\/picasaweb.google.co.uk\/aldemararaujocastro\/20100110_jundiai\">Fotos 1<\/a>\u00a0\u2013 PicasaWeb<\/li>\n<li><a href=\"http:\/\/www.planadoresjundiai.org.br\/planadoresjundiai\/sgso\/images\/stories\/desenho-02-2010.jpg\">www.planadoresjundiai.org.br\/planadoresjundiai\/sgso\/images\/stories\/desenho-02-2010.jpg<\/a>\u00a0\u2013 Procedimento para perda de comunica\u00e7\u00e3o<\/li>\n<li><a href=\"http:\/\/vooavelapretoebranco.blogspot.com\/\">vooavelapretoebranco.blogspot.com<\/a>\u00a0\u2013 Fotos hist\u00f3ricas<\/li>\n<\/ul>\n<\/li>\n<\/ul>\n<p><img loading=\"lazy\" decoding=\"async\" src=\"http:\/\/www.decisaoclinica.com\/images\/stories\/ar\/tost-double-ring-102000.jpg\" alt=\"\" width=\"234\" height=\"146\" border=\"0\" \/><\/p>\n<ul>\n<li><strong>Videos<\/strong>\n<ul>\n<li><a href=\"http:\/\/www.ehow.com\/videos-on_4466_pilot-glider-sailplane.html\">www.ehow.com\/videos-on_4466_pilot-glider-sailplane.html<\/a><br \/>\nHow to pilot a glider \u2013 eHow videos<\/li>\n<li><a href=\"http:\/\/www.youtube.com\/dinogh3#p\/u\/1\/Bm1LDXe_HXk\">www.youtube.com\/dinogh3#p\/u\/1\/Bm1LDXe_HXk<\/a><br \/>\nvideos de pouso \u2013 youtube<\/li>\n<li><a href=\"http:\/\/www.redbull.com\/cs\/Satellite\/en_INT\/Video\/Two-become-one-021242830555557\">www.redbull.com\/cs\/Satellite\/en_INT\/Video\/Two-become-one-021242830555557<\/a><br \/>\nBlanik &amp; BaseJump<\/li>\n<li><a href=\"http:\/\/www.youtube.com\/watch?v=9icuNvlsY6A\">www.youtube.com\/watch?v=9icuNvlsY6A<\/a><br \/>\nSoaring in the rocks<\/li>\n<\/ul>\n<\/li>\n<li><strong>Livros \/ material online<\/strong>\n<ul>\n<li><a href=\"http:\/\/www.gliderbooks.com\/\">www.gliderbooks.com<\/a><br \/>\nComprehensive Flight Training Manual and Knowledge Handbook for Gliders<\/li>\n<li><a href=\"http:\/\/www.ddsc.org.au\/member\/online_documents.asp\">www.ddsc.org.au\/member\/online_documents.asp<\/a><br \/>\nDarling Downs Soaring Club, Queensland<\/li>\n<li><a href=\"http:\/\/docs.google.com\/View?id=dc63hm8m_430d3zk9d6r\">docs.google.com\/View?id=dc63hm8m_430d3zk9d6r<\/a><br \/>\nGoogleDocs<\/li>\n<li id=\"oquj\"><a href=\"http:\/\/www.faa.gov\/library\/manuals\/aircraft\/glider_handbook\">www.faa.gov\/library\/manuals\/aircraft\/glider_handbook<\/a><br \/>\nFAA Glider Flying Handbook<\/li>\n<li id=\"oquj\"><a href=\"http:\/\/www.faa.gov\/library\/manuals\/aircraft\/airplane_handbook\">www.faa.gov\/library\/manuals\/aircraft\/airplane_handbook<\/a><br \/>\nFAA Airplane Flying Handbook<\/li>\n<li id=\"oquj\"><a href=\"http:\/\/www.faa.gov\/library\/manuals\/aviation\/pilot_handbook\/\">www.faa.gov\/library\/manuals\/aviation\/pilot_handbook\/<\/a><br \/>\nFAA Pilot\u2019s Handbook of Aeronautical Knowledge<\/li>\n<li><a title=\"www.anac.gov.br\/biblioteca\/Manuais.asp\" href=\"http:\/\/www.anac.gov.br\/biblioteca\/Manuais.asp\">www.anac.gov.br\/biblioteca\/Manuais.asp<\/a><\/li>\n<li><a title=\"www.anac.gov.br\/aeronaves\/cons_rab.asp\" href=\"http:\/\/www.anac.gov.br\/aeronaves\/cons_rab.asp\">www.anac.gov.br\/aeronaves\/cons_rab.asp<\/a>\u00a0\u2013 Registro Aeron\u00e1utico Brasileiro<\/li>\n<li><a href=\"http:\/\/inseer.ibict.br\/sipaer\" target=\"_blank\">inseer.ibict.br\/sipaer<\/a>\u00a0\u2013 Revista Conex\u00e3o SIPAER<\/li>\n<li><a href=\"https:\/\/sites.google.com\/site\/scohtowpilots\/documents\" target=\"_blank\">sites.google.com\/site\/scohtowpilots\/documents<\/a>\u00a0\u2013 SCOH tow pilot manual<\/li>\n<\/ul>\n<\/li>\n<li><em><strong>Flight training guides<\/strong><\/em>\n<ul>\n<li><a href=\"http:\/\/www.soaringsafety.org\/publication\/Skyline-guide.pdf\">www.soaringsafety.org\/publication\/Skyline-guide.pdf<\/a><\/li>\n<li><a href=\"http:\/\/www.soaringsafety.org\/publication\/Carswell-ground-launch.pdf\">www.soaringsafety.org\/publication\/Carswell-ground-launch.pdf<\/a><\/li>\n<\/ul>\n<\/li>\n<li><strong>Computadores de voo<\/strong>\n<ul>\n<li><a href=\"http:\/\/www.cumulus-soaring.com\/flightcomputers.htm\">www.cumulus-soaring.com\/flightcomputers.htm<\/a><br \/>\nFlight computers comparasions<\/li>\n<li><a href=\"http:\/\/www.wingsandwheels.com\/\">www.wingsandwheels.com<\/a><br \/>\nWings and Wheels, Lakewood, NY<\/li>\n<li><a href=\"http:\/\/www.onlinecontest.org\/olc-2.0\/gliding\/index.html?c=C0&amp;sc=&amp;st=olc&amp;rt=olc\">www.onlinecontest.org<\/a><br \/>\nOLC<\/li>\n<li><a href=\"http:\/\/www.tracklog.ch\/\">www.tracklog.ch<\/a><br \/>\nTrackLog iPhone<\/li>\n<\/ul>\n<\/li>\n<li><strong>Planadores<\/strong>\n<ul>\n<li><a href=\"http:\/\/www.alexander-schleicher.de\/produkte\/ash31\/ash31_main_e.htm\">www.alexander-schleicher.de\/produkte\/ash31\/ash31_main_e.htm<\/a>\u00a0\u2013 Ash31<\/li>\n<li><a href=\"http:\/\/www.grob-aircraft.eu\/company\/legacy\/motorgliders.html\">www.grob-aircraft.eu\/company\/legacy\/motorgliders.html<\/a>\u00a0\u2013 Grob 109B<\/li>\n<li><a href=\"http:\/\/www.alisport.com\/eu\/eng\/alianti.htm\">www.alisport.com\/eu\/eng\/alianti.htm<\/a>\u00a0\u2013 AliSport Silent<\/li>\n<li><a href=\"http:\/\/www.schempp-hirth.com\/index.php?id=26&amp;L=1\">www.schempp-hirth.com\/index.php?id=26&amp;L=1<\/a>\u00a0\u2013 Schempp-Hirth Flugzeugbau GmbH<\/li>\n<li><a href=\"http:\/\/www.dg-flugzeugbau.de\/index-e.html\">www.dg-flugzeugbau.de\/index-e.html<\/a>\u00a0\u2013 DG Flugzeugbau GmbH<\/li>\n<li><strong>SZD-50-3 Puchacz<\/strong>\n<ul>\n<li><a href=\"http:\/\/www.szd.com.pl\/pdf\/szd-50_puchacz_doku_en.pdf\">www.szd.com.pl\/pdf\/szd-50_puchacz_doku_en.pdf<\/a>\u00a0\u2013 Characteristics<\/li>\n<li><a title=\"www.szd.com.pl\/products\/50_03_puchacz_en.html\" href=\"http:\/\/www.szd.com.pl\/products\/50_03_puchacz_en.html\">www.szd.com.pl\/products\/50_03_puchacz_en.html<\/a>\u00a0\u2013 SZD-50-3 Puchacz<\/li>\n<li><a title=\"www.gliding-in-melbourne.org\/new\/content\/view\/97\/90\" href=\"http:\/\/www.gliding-in-melbourne.org\/new\/content\/view\/97\/90\/\">www.gliding-in-melbourne.org\/new\/content\/view\/97\/90<\/a><\/li>\n<li><a title=\"www.sosaglidingclub.com\/szd-50-3-puchacz-flight-manual\" href=\"http:\/\/www.sosaglidingclub.com\/index.php\/documents\/doc_download\/7-szd-50-3-puchacz-flight-manual.html\">www.sosaglidingclub.com\/szd-50-3-puchacz-flight-manual<\/a><\/li>\n<li><a title=\"www.szd.eu\/pdf\/szd-50_puchacz_doku_en.pdf\" href=\"http:\/\/www.szd.eu\/pdf\/szd-50_puchacz_doku_en.pdf\">www.szd.eu\/pdf\/szd-50_puchacz_doku_en.pdf<\/a><\/li>\n<li><a title=\"www.anac.gov.br\/certificacao\/Produtos\/Espec\/EP-9201i.pdf\" href=\"http:\/\/www.anac.gov.br\/certificacao\/Produtos\/Espec\/EP-9201i.pdf\">www.anac.gov.br\/certificacao\/Produtos\/Espec\/EP-9201i.pdf<\/a><\/li>\n<li><strong>franc\u00eas\u00a0<\/strong>SZD (pour Szybowcowy Zaklad Doswiadczalny \u2013 Etablissement d\u2019Exp\u00e9rimentation des Planeurs)<\/li>\n<li><a title=\"www.szd.com.pl\" href=\"http:\/\/www.szd.com.pl\/\">www.szd.com.pl<\/a>\u00a0\u2013 Allstart PZL Glider Sp. z o.o. \u2013 Segelflugzeuge<\/li>\n<li>Puchacz (Polish: \u201cEagle Owl\u201d)<\/li>\n<\/ul>\n<\/li>\n<\/ul>\n<\/li>\n<\/ul>\n<p><img decoding=\"async\" src=\"http:\/\/www.decisaoclinica.com\/images\/stories\/perfil.png\" alt=\"\" border=\"0\" \/><br \/>\n<img decoding=\"async\" src=\"http:\/\/www.decisaoclinica.com\/images\/stories\/curvapolar.png\" alt=\"\" border=\"0\" \/><br \/>\nCurva Polar (SZD-50-3 Puchacz)<\/p>\n<p>Span 16.67 m<br \/>\nLenght 8.38 m<br \/>\nHeight 2.04 m<br \/>\nL\/D=30<br \/>\nWing area 18.16 m2 (18.2 sqm | 195.5 sqft)<br \/>\nAspect ratio 15.30<br \/>\nEmpty Glider mass 365+-5 kg<br \/>\nAll-Up mass 570 kg<br \/>\nMaximum L\/D 30 (at avg. mass) at 85 km\/h<br \/>\nStalling speed 60 km\/h (at avg. mass)<br \/>\nMinimum sinking 0.70 m\/s (speed at 75 km\/h)<br \/>\nNever exceed speed 215 km\/h<\/p>\n<p>&nbsp;<\/p>\n<ul>\n<li><strong>Regulamentos de Tr\u00e1fego A\u00e9reo<\/strong>\n<ul>\n<li><a href=\"http:\/\/www.decisaoclinica.com\/%20%20%20%20%20%20*%20http:\/\/www.icea.gov.br\/ead\/ima100-12intraer\/pg01.htm\">www.icea.gov.br\/ead\/ima100-12intraer\/pg01.htm<\/a><strong><br \/>\n<\/strong>ICA 100-12\u00a0 Regras do ar e servi\u00e7os de tr\u00e1fego a\u00e9reo<\/li>\n<\/ul>\n<\/li>\n<li><strong>Regulamenta\u00e7\u00e3o da Avia\u00e7\u00e3o Civil e SIPAER<\/strong>\n<ul>\n<li><a href=\"http:\/\/www.cenipa.aer.mil.br\/cenipa\/paginas\/normas.php\">www.cenipa.aer.mil.br\/cenipa\/paginas\/normas.php<\/a><br \/>\nNormas SIPAER<\/li>\n<li><a title=\"http:\/\/www.anac.gov\" href=\"http:\/\/www.anac.gov\/\" target=\"_blank\">www.anac.gov<\/a>.br\/biblioteca\/iac\/IAC3203.pdf<br \/>\nIAC 3203: Registro de Horas em Cadernetas Individuais de V\u00f4o<\/li>\n<li><a href=\"http:\/\/publicacoes.decea.gov.br\/index.cfm\">publicacoes.decea.gov.br\/index.cfm<\/a><br \/>\nDECEA publica\u00e7\u00f5es<\/li>\n<li><a href=\"http:\/\/www.icea.gov.br\/ead\/ima100-12intraer\/pg01.htm\">www.icea.gov.br\/ead\/ima100-12intraer\/pg01.htm<\/a><br \/>\nICA 100-12 Regras do Ar e Servi\u00e7os de Traf\u00e9go A\u00e9reo<strong><br \/>\n<\/strong><\/li>\n<\/ul>\n<\/li>\n<li><strong>Meteorologia<\/strong>\n<ul>\n<li><a href=\"http:\/\/www.redemet.aer.mil.br\/\">www.redemet.aer.mil.br<\/a><br \/>\nREDEMET.: Rede de Meteorologia do Comando da Aeron\u00e1utica<\/li>\n<li><a href=\"http:\/\/www.redemet.aer.mil.br\/interpretacao_metar.html\">www.redemet.aer.mil.br\/interpretacao_metar.html<\/a><br \/>\nMetar \u2013 Interpreta\u00e7\u00e3o<\/li>\n<li><a title=\"www.vooavela.net\/artigos\/Antonio_Mota\/RA_2002_Mota_Sonda.pdf\" href=\"http:\/\/www.vooavela.net\/artigos\/Antonio_Mota\/RA_2002_Mota_Sonda.pdf\">www.vooavela.net\/artigos\/Antonio_Mota\/RA_2002_Mota_Sonda.pdf<\/a>\u00a0\u2013 Artigo<\/li>\n<li><a title=\"weather.noaa.gov\/weather\/current\/SBKP.html\" href=\"http:\/\/weather.noaa.gov\/weather\/current\/SBKP.html\">weather.noaa.gov\/weather\/current\/SBKP.html<\/a>\u00a0\u2013 METAR Campinas<\/li>\n<li><a href=\"http:\/\/www.master.iag.usp.br\/\">www.master.iag.usp.br<\/a>\u00a0\u2013 MASTER \u2013 Meteorologia Aplicada a Sistemas de Tempo Regionais \u2013 IAG\/USP<\/li>\n<\/ul>\n<\/li>\n<li><strong>Teoria de Voo<\/strong>\n<ul>\n<li><a href=\"http:\/\/intervox.nce.ufrj.br\/~wagner\/frasologia.txt\">intervox.nce.ufrj.br\/~wagner\/frasologia.txt<\/a><br \/>\nFraseologia<\/li>\n<li><a href=\"http:\/\/www.ivaobr.com\/home\/treino\/downloads\/fraseologia.pdf\">www.ivaobr.com\/home\/treino\/downloads\/fraseologia.pdf<\/a><br \/>\nFraseologia<\/li>\n<\/ul>\n<\/li>\n<\/ul>\n<p><img loading=\"lazy\" decoding=\"async\" src=\"http:\/\/www.decisaoclinica.com\/images\/stories\/ar\/airspeed.jpg\" alt=\"\" width=\"200\" height=\"199\" border=\"0\" \/><img loading=\"lazy\" decoding=\"async\" src=\"http:\/\/www.decisaoclinica.com\/images\/stories\/ar\/altimeter.jpg\" alt=\"\" width=\"195\" height=\"200\" border=\"0\" \/><\/p>\n<p>&nbsp;<\/p>\n<ul>\n<li><strong>Aplicativos<\/strong>\u00a0(<em>softwares<\/em>)\n<ul>\n<li><a href=\"http:\/\/www.naviter.si\/\">www.naviter.si<\/a><br \/>\nSeeYou \u2013 A flight planning and analysis tool for glider pilots<\/li>\n<li><a href=\"http:\/\/www.tasknav.com\/\">www.tasknav.com<\/a><br \/>\nTaskNAV\u00ae Flight Planning and automatic GPS Analysis for Glider Pilots<\/li>\n<li><a href=\"http:\/\/www.aeroclub.student.kuleuven.ac.be\/lvzc\/soar\/\">www.aeroclub.student.kuleuven.ac.be\/lvzc\/soar\/<\/a><br \/>\nSOAR: Flight planning and analysis software for glider pilots<\/li>\n<li><strong>Simuladores de voo<\/strong>\n<ul>\n<li><a href=\"http:\/\/www.condorsoaring.com\/\">www.condorsoaring.com<\/a>\u00a0\u2013 Condor: The Competition Soaring Simulator<\/li>\n<li><a href=\"http:\/\/www.sailorsofthesky.com\/\">www.sailorsofthesky.com<\/a>\u00a0\u2013 Sailors of the Sky<\/li>\n<li><a href=\"http:\/\/www.sfspc.de\/\">www.sfspc.de<\/a>\u00a0\u2013 SFS: The Soaring Flight Simulator<\/li>\n<li><a href=\"http:\/\/www.silentwings.no\/\">www.silentwings.no<\/a>\u00a0\u2013 Silent Wings<\/li>\n<li><a href=\"http:\/\/www.x-plane.com\/\" target=\"_blank\">www.x-plane.com<\/a>\u00a0\u2013 X-Plane<\/li>\n<li><a href=\"http:\/\/www.microsoft.com\/brasil\/games\/fs2006\/\">www.microsoft.com\/brasil\/games\/fs2006<\/a>\u00a0\u2013 MS Flight Simulator X<\/li>\n<\/ul>\n<\/li>\n<\/ul>\n<\/li>\n<li><strong>Lojas<\/strong>\n<ul>\n<li><a href=\"http:\/\/www.asa2fly.com\/\">www.asa2fly.com<\/a>\u00a0\u2013 Aviation Supplies &amp; Academics, Inc., Newcastle, WA<\/li>\n<li><a href=\"http:\/\/www.casadoaviador.com.br\/\">www.casadoaviador.com.br<\/a>\u00a0\u2013 Casa do aviador, S\u00e3o Paulo, SP<\/li>\n<li><a href=\"http:\/\/www.gsprodutos.com\/\">www.gsprodutos.com<\/a>\u00a0\u2013 GSprodutos, S\u00e3o Paulo, SP<\/li>\n<li><a href=\"http:\/\/www.asaventura.com.br\/\">www.asaventura.com.br<\/a>\u00a0\u2013 Editora ASA, S\u00e3o Paulo, SP<\/li>\n<li><a href=\"http:\/\/www.bianch.com.br\/\">www.bianch.com.br<\/a>\u00a0\u2013\u00a0<a title=\"http:\/\/Bianch.com\" href=\"http:\/\/bianch.com\/\" target=\"_blank\">Bianch.com<\/a>\u00a0\u2013 Pilot\u00b4s Shop, S\u00e3o Paulo, SP<\/li>\n<li><a href=\"http:\/\/www.saitek.com.br\/\">www.saitek.com.br<\/a>\u00a0\u2013 Saitek Brasil, SP<\/li>\n<li><a href=\"http:\/\/www.aristek.com.br\/\">www.aristek.com.br<\/a>\u00a0\u2013 Aristek Com\u00e9rcio Aeron\u00e1utico, S\u00e3o Paulo, SP<\/li>\n<li><a href=\"http:\/\/www.cumulus-soaring.com\/\">www.cumulus-soaring.com<\/a>\u00a0\u2013 Minnesota, USA.<\/li>\n<\/ul>\n<\/li>\n<li><strong>Livros<\/strong>\n<ol>\n<li>Jo\u00e3o Alexandre Widmer<br \/>\nO v\u00f4o a vela<br \/>\n3a ed. S\u00e3o Paulo: ASA; 2009.<\/li>\n<li>Moderno V\u00f4o de Dist\u00e2ncia em Planadores \u2013 F.W. Weinholtz \u2013 Tradu\u00e7\u00e3o \u2013 Jo\u00e3o Alexandre Widmer<\/li>\n<li>Jorge Rugard Neumann<br \/>\nManual do v\u00f4o a vela: para instrutores e alunos<br \/>\nS\u00e3o Paulo: ASA; XXXX.<\/li>\n<li>Jorge M. Homa<br \/>\n<strong>Aerodin\u00e2mica e Teoria de Voo: No\u00e7\u00f5es B\u00e1sicas<\/strong><br \/>\n26 ed. S\u00e3o Paulo: ASA; 2008<\/li>\n<li>Helio Bianchini<br \/>\nNavega\u00e7\u00e3o Visual para Piloto Privado<br \/>\nXXXX<\/li>\n<li>Medicina aeroespacial<\/li>\n<li>Jo\u00e2o Baptista Sonnemaker<br \/>\nMeteorologia<br \/>\n29 ed. S\u00e3o Paulo: ASA; 2007.<\/li>\n<li>Paulo Rodrigues da Silva<br \/>\n<strong>Helicoptero: conhecimentos t\u00e9cnicos<\/strong><br \/>\n3a ed., S\u00e3o Paulo: ASA; 2010.<\/li>\n<li>Newton Soler Saintive<br \/>\n<strong>Teoria de v\u00f4o: introdu\u00e7\u00e3o \u00e0 aerodin\u00e2mica<\/strong><br \/>\n5a ed. S\u00e3o Paulo: ASA; 2010.<\/li>\n<\/ol>\n<ul>\n<li>\u2014<\/li>\n<li>Teoria de V\u00f4o \u2013 Introdu\u00e7\u00e3o \u00e0 Aerodin\u00e2mica \u2013 Newton Soler Saintive<\/li>\n<li>Meteorologia Aeron\u00e1utica 700 Testes \u2013 Vol I \u2013 Ronaldo Gomes Brand\u00e3o<\/li>\n<\/ul>\n<\/li>\n<\/ul>\n<p>&nbsp;<\/p>\n<p><img loading=\"lazy\" decoding=\"async\" src=\"http:\/\/www.decisaoclinica.com\/images\/stories\/ar\/bussula.jpg\" alt=\"\" width=\"200\" height=\"200\" border=\"0\" \/><img loading=\"lazy\" decoding=\"async\" src=\"http:\/\/www.decisaoclinica.com\/images\/stories\/ar\/vario.jpg\" alt=\"\" width=\"199\" height=\"200\" border=\"0\" \/><\/p>\n","protected":false},"excerpt":{"rendered":"<p>Voo a Vela A pr\u00e1tica do voo a vela (voo com planadores) exige treinamento especializado, obtido com\u00a0instrutores credenciados. Existe o risco de les\u00f5es graves e\/ou morte ao praticar esta atividade sem treinamento e equipamento adequados. Utilize as informa\u00e7\u00f5es dos atalhos (links) desta p\u00e1gina com uma postura cr\u00edtica. Discuta sua utilidade\/aplicabilidade com seu instrutor, ele \u00e9 [&hellip;]<\/p>\n","protected":false},"author":1,"featured_media":0,"parent":2236,"menu_order":0,"comment_status":"closed","ping_status":"closed","template":"","meta":{"footnotes":""},"class_list":["post-2258","page","type-page","status-publish","czr-hentry"],"_links":{"self":[{"href":"https:\/\/www.usinadepesquisa.com\/index.php?rest_route=\/wp\/v2\/pages\/2258","targetHints":{"allow":["GET"]}}],"collection":[{"href":"https:\/\/www.usinadepesquisa.com\/index.php?rest_route=\/wp\/v2\/pages"}],"about":[{"href":"https:\/\/www.usinadepesquisa.com\/index.php?rest_route=\/wp\/v2\/types\/page"}],"author":[{"embeddable":true,"href":"https:\/\/www.usinadepesquisa.com\/index.php?rest_route=\/wp\/v2\/users\/1"}],"replies":[{"embeddable":true,"href":"https:\/\/www.usinadepesquisa.com\/index.php?rest_route=%2Fwp%2Fv2%2Fcomments&post=2258"}],"version-history":[{"count":0,"href":"https:\/\/www.usinadepesquisa.com\/index.php?rest_route=\/wp\/v2\/pages\/2258\/revisions"}],"up":[{"embeddable":true,"href":"https:\/\/www.usinadepesquisa.com\/index.php?rest_route=\/wp\/v2\/pages\/2236"}],"wp:attachment":[{"href":"https:\/\/www.usinadepesquisa.com\/index.php?rest_route=%2Fwp%2Fv2%2Fmedia&parent=2258"}],"curies":[{"name":"wp","href":"https:\/\/api.w.org\/{rel}","templated":true}]}}