{"id":4713,"date":"2017-05-30T10:59:38","date_gmt":"2017-05-30T10:59:38","guid":{"rendered":"http:\/\/www.usinadepesquisa.com\/?page_id=4713"},"modified":"2024-11-19T01:24:38","modified_gmt":"2024-11-19T01:24:38","slug":"pesquisar","status":"publish","type":"page","link":"https:\/\/www.usinadepesquisa.com\/?page_id=4713","title":{"rendered":"Pesquisar"},"content":{"rendered":"<p style=\"text-align: right;\"><span style=\"font-size: 12pt;\"><span style=\"font-family: arial, helvetica, sans-serif;\"><a href=\"https:\/\/www.usinadepesquisa.com\/wp-content\/uploads\/2016\/08\/qrcode-7pesquisar.png\"><img loading=\"lazy\" decoding=\"async\" class=\"wp-image-4694 alignnone\" src=\"https:\/\/www.usinadepesquisa.com\/wp-content\/uploads\/2016\/08\/qrcode-7pesquisar.png\" alt=\"\" width=\"160\" height=\"160\" srcset=\"https:\/\/www.usinadepesquisa.com\/wp-content\/uploads\/2016\/08\/qrcode-7pesquisar.png 400w, https:\/\/www.usinadepesquisa.com\/wp-content\/uploads\/2016\/08\/qrcode-7pesquisar-150x150.png 150w, https:\/\/www.usinadepesquisa.com\/wp-content\/uploads\/2016\/08\/qrcode-7pesquisar-300x300.png 300w\" sizes=\"auto, (max-width: 160px) 100vw, 160px\" \/><br \/>\n<\/a>http:\/\/bit.ly\/7pesquisar<\/span><\/span><\/p>\n<h1><\/h1>\n<div id=\"attachment_5946\" style=\"width: 310px\" class=\"wp-caption aligncenter\"><a href=\"https:\/\/www.usinadepesquisa.com\/?page_id=5983\"><img loading=\"lazy\" decoding=\"async\" aria-describedby=\"caption-attachment-5946\" class=\"wp-image-5946 size-medium\" src=\"https:\/\/www.usinadepesquisa.com\/wp-content\/uploads\/2024\/11\/photo_2024-11-16_08-28-17-300x295.jpg\" alt=\"Essa reflex\u00e3o nos lembra que a pesquisa deve ser concebida como um meio de gerar inova\u00e7\u00e3o e progresso, com implica\u00e7\u00f5es pr\u00e1ticas e sociais. Quando pensamos em patentes e parcerias com empresas, ampliamos o alcance da ci\u00eancia, permitindo que os resultados transcendam os laborat\u00f3rios e cheguem \u00e0 sociedade na forma de tecnologias, produtos e solu\u00e7\u00f5es. Ignorar essa conex\u00e3o pode reduzir a relev\u00e2ncia e aplicabilidade da pesquisa, afastando-a de seu prop\u00f3sito final: transformar ideias em impacto real.\" width=\"300\" height=\"295\" srcset=\"https:\/\/www.usinadepesquisa.com\/wp-content\/uploads\/2024\/11\/photo_2024-11-16_08-28-17-300x295.jpg 300w, https:\/\/www.usinadepesquisa.com\/wp-content\/uploads\/2024\/11\/photo_2024-11-16_08-28-17-768x755.jpg 768w, https:\/\/www.usinadepesquisa.com\/wp-content\/uploads\/2024\/11\/photo_2024-11-16_08-28-17.jpg 827w\" sizes=\"auto, (max-width: 300px) 100vw, 300px\" \/><\/a><p id=\"caption-attachment-5946\" class=\"wp-caption-text\">Figura 1 &#8211; Rela\u00e7\u00e3o entre pesquisa, patente e empresa. Pensar a pesquisa desvinculada de patentes e empresas \u00e9 limitar seu potencial de impacto.<\/p><\/div>\n<p><a href=\"https:\/\/www.usinadepesquisa.com\/wp-content\/uploads\/2024\/11\/inovacao-3.png\"><img loading=\"lazy\" decoding=\"async\" class=\"aligncenter size-medium wp-image-5990\" src=\"https:\/\/www.usinadepesquisa.com\/wp-content\/uploads\/2024\/11\/inovacao-3-300x225.png\" alt=\"\" width=\"300\" height=\"225\" srcset=\"https:\/\/www.usinadepesquisa.com\/wp-content\/uploads\/2024\/11\/inovacao-3-300x225.png 300w, https:\/\/www.usinadepesquisa.com\/wp-content\/uploads\/2024\/11\/inovacao-3-768x576.png 768w, https:\/\/www.usinadepesquisa.com\/wp-content\/uploads\/2024\/11\/inovacao-3.png 1024w\" sizes=\"auto, (max-width: 300px) 100vw, 300px\" \/><\/a><\/p>\n<h1 style=\"text-align: center;\"><span style=\"font-family: 'arial black', sans-serif; font-size: 18pt;\"><span style=\"font-size: 24pt;\">Pesquisar = Planejar + Executar + Divulgar<\/span><br \/>\n<\/span><\/h1>\n<p><span style=\"color: #ffffff;\">.<\/span><\/p>\n<p style=\"text-align: center;\"><iframe loading=\"lazy\" style=\"overflow: hidden;\" src=\"http:\/\/www.mindmeister.com\/maps\/public_map_shell\/57091113\/universidade-vis-o-geral?width=800&amp;height=600&amp;zoom=0\" width=\"600\" height=\"400\" frameborder=\"0\" scrolling=\"no\"><\/iframe><\/p>\n<h2 style=\"text-align: center;\"><span style=\"font-family: 'arial black', sans-serif; font-size: 18pt;\">Vis\u00e3o Geral<\/span><\/h2>\n<p style=\"text-align: center;\"><a href=\"https:\/\/www.usinadepesquisa.com\/wp-content\/uploads\/2017\/05\/IMG_0183.jpg\"><img loading=\"lazy\" decoding=\"async\" class=\"aligncenter size-full wp-image-4727\" src=\"https:\/\/www.usinadepesquisa.com\/wp-content\/uploads\/2017\/05\/IMG_0183.jpg\" alt=\"\" width=\"984\" height=\"416\" srcset=\"https:\/\/www.usinadepesquisa.com\/wp-content\/uploads\/2017\/05\/IMG_0183.jpg 984w, https:\/\/www.usinadepesquisa.com\/wp-content\/uploads\/2017\/05\/IMG_0183-300x127.jpg 300w, https:\/\/www.usinadepesquisa.com\/wp-content\/uploads\/2017\/05\/IMG_0183-768x325.jpg 768w\" sizes=\"auto, (max-width: 984px) 100vw, 984px\" \/><\/a><\/p>\n<p>Figura &#8211; As etapas da pesquisa.<\/p>\n<p><a href=\"https:\/\/www.usinadepesquisa.com\/wp-content\/uploads\/2014\/07\/MM-00-pesquisar.png\"><img loading=\"lazy\" decoding=\"async\" class=\"aligncenter size-full wp-image-88\" src=\"https:\/\/www.usinadepesquisa.com\/wp-content\/uploads\/2014\/07\/MM-00-pesquisar.png\" alt=\"\" width=\"1232\" height=\"790\" srcset=\"https:\/\/www.usinadepesquisa.com\/wp-content\/uploads\/2014\/07\/MM-00-pesquisar.png 1232w, https:\/\/www.usinadepesquisa.com\/wp-content\/uploads\/2014\/07\/MM-00-pesquisar-300x192.png 300w, https:\/\/www.usinadepesquisa.com\/wp-content\/uploads\/2014\/07\/MM-00-pesquisar-768x492.png 768w, https:\/\/www.usinadepesquisa.com\/wp-content\/uploads\/2014\/07\/MM-00-pesquisar-1024x657.png 1024w\" sizes=\"auto, (max-width: 1232px) 100vw, 1232px\" \/><\/a><\/p>\n<p>Figura &#8211; As etapas da pesquisa e os documentos que caracterizam o final de cada etapa.<\/p>\n<div id=\"attachment_5940\" style=\"width: 1930px\" class=\"wp-caption aligncenter\"><a href=\"https:\/\/www.usinadepesquisa.com\/wp-content\/uploads\/2024\/11\/Pesquisa-Etapas.png\"><img loading=\"lazy\" decoding=\"async\" aria-describedby=\"caption-attachment-5940\" class=\"size-full wp-image-5940\" src=\"https:\/\/www.usinadepesquisa.com\/wp-content\/uploads\/2024\/11\/Pesquisa-Etapas.png\" alt=\"\" width=\"1920\" height=\"1080\" srcset=\"https:\/\/www.usinadepesquisa.com\/wp-content\/uploads\/2024\/11\/Pesquisa-Etapas.png 1920w, https:\/\/www.usinadepesquisa.com\/wp-content\/uploads\/2024\/11\/Pesquisa-Etapas-300x169.png 300w, https:\/\/www.usinadepesquisa.com\/wp-content\/uploads\/2024\/11\/Pesquisa-Etapas-1024x576.png 1024w, https:\/\/www.usinadepesquisa.com\/wp-content\/uploads\/2024\/11\/Pesquisa-Etapas-768x432.png 768w, https:\/\/www.usinadepesquisa.com\/wp-content\/uploads\/2024\/11\/Pesquisa-Etapas-1536x864.png 1536w\" sizes=\"auto, (max-width: 1920px) 100vw, 1920px\" \/><\/a><p id=\"caption-attachment-5940\" class=\"wp-caption-text\">Figura &#8211; As etapas da pesquisa e seus componentes.<\/p><\/div>\n<hr \/>\n<h2 style=\"text-align: center;\"><span style=\"font-family: 'arial black', sans-serif; font-size: 18pt;\"><a href=\"https:\/\/www.usinadepesquisa.com\/wp-content\/uploads\/2024\/11\/photo_2024-11-14_17-48-27.jpg\"><img loading=\"lazy\" decoding=\"async\" class=\"aligncenter size-thumbnail wp-image-5916\" src=\"https:\/\/www.usinadepesquisa.com\/wp-content\/uploads\/2024\/11\/photo_2024-11-14_17-48-27-150x150.jpg\" alt=\"\" width=\"150\" height=\"150\" srcset=\"https:\/\/www.usinadepesquisa.com\/wp-content\/uploads\/2024\/11\/photo_2024-11-14_17-48-27-150x150.jpg 150w, https:\/\/www.usinadepesquisa.com\/wp-content\/uploads\/2024\/11\/photo_2024-11-14_17-48-27-300x300.jpg 300w, https:\/\/www.usinadepesquisa.com\/wp-content\/uploads\/2024\/11\/photo_2024-11-14_17-48-27-1024x1024.jpg 1024w, https:\/\/www.usinadepesquisa.com\/wp-content\/uploads\/2024\/11\/photo_2024-11-14_17-48-27-768x768.jpg 768w, https:\/\/www.usinadepesquisa.com\/wp-content\/uploads\/2024\/11\/photo_2024-11-14_17-48-27.jpg 1080w\" sizes=\"auto, (max-width: 150px) 100vw, 150px\" \/><\/a><\/span><\/h2>\n<h2 style=\"text-align: center;\"><span style=\"font-family: 'arial black', sans-serif; font-size: 18pt;\">Etapa 1 de 3 (Planejar)<\/span><\/h2>\n<p><a href=\"https:\/\/www.usinadepesquisa.com\/wp-content\/uploads\/2014\/07\/MM-00-planejar.png\"><img loading=\"lazy\" decoding=\"async\" class=\"aligncenter size-full wp-image-89\" src=\"https:\/\/www.usinadepesquisa.com\/wp-content\/uploads\/2014\/07\/MM-00-planejar.png\" alt=\"\" width=\"1328\" height=\"1016\" srcset=\"https:\/\/www.usinadepesquisa.com\/wp-content\/uploads\/2014\/07\/MM-00-planejar.png 1328w, https:\/\/www.usinadepesquisa.com\/wp-content\/uploads\/2014\/07\/MM-00-planejar-300x230.png 300w, https:\/\/www.usinadepesquisa.com\/wp-content\/uploads\/2014\/07\/MM-00-planejar-768x588.png 768w, https:\/\/www.usinadepesquisa.com\/wp-content\/uploads\/2014\/07\/MM-00-planejar-1024x783.png 1024w\" sizes=\"auto, (max-width: 1328px) 100vw, 1328px\" \/><\/a><\/p>\n<h2 style=\"text-align: center;\"><span style=\"font-family: 'arial black', sans-serif; font-size: 18pt;\"><a href=\"https:\/\/www.usinadepesquisa.com\/wp-content\/uploads\/2024\/11\/photo_2024-11-14_17-48-29.jpg\"><img loading=\"lazy\" decoding=\"async\" class=\"aligncenter size-thumbnail wp-image-5917\" src=\"https:\/\/www.usinadepesquisa.com\/wp-content\/uploads\/2024\/11\/photo_2024-11-14_17-48-29-150x150.jpg\" alt=\"\" width=\"150\" height=\"150\" srcset=\"https:\/\/www.usinadepesquisa.com\/wp-content\/uploads\/2024\/11\/photo_2024-11-14_17-48-29-150x150.jpg 150w, https:\/\/www.usinadepesquisa.com\/wp-content\/uploads\/2024\/11\/photo_2024-11-14_17-48-29-300x300.jpg 300w, https:\/\/www.usinadepesquisa.com\/wp-content\/uploads\/2024\/11\/photo_2024-11-14_17-48-29-1024x1024.jpg 1024w, https:\/\/www.usinadepesquisa.com\/wp-content\/uploads\/2024\/11\/photo_2024-11-14_17-48-29-768x768.jpg 768w, https:\/\/www.usinadepesquisa.com\/wp-content\/uploads\/2024\/11\/photo_2024-11-14_17-48-29.jpg 1080w\" sizes=\"auto, (max-width: 150px) 100vw, 150px\" \/><\/a><\/span><\/h2>\n<h2 style=\"text-align: center;\"><span style=\"font-family: 'arial black', sans-serif; font-size: 18pt;\">Etapa 2\u00a0de 3 (Executar)<\/span><\/h2>\n<p><a href=\"https:\/\/www.usinadepesquisa.com\/wp-content\/uploads\/2014\/07\/MM-00-executar.png\"><img loading=\"lazy\" decoding=\"async\" class=\"aligncenter size-full wp-image-90\" src=\"https:\/\/www.usinadepesquisa.com\/wp-content\/uploads\/2014\/07\/MM-00-executar.png\" alt=\"\" width=\"1164\" height=\"918\" srcset=\"https:\/\/www.usinadepesquisa.com\/wp-content\/uploads\/2014\/07\/MM-00-executar.png 1164w, https:\/\/www.usinadepesquisa.com\/wp-content\/uploads\/2014\/07\/MM-00-executar-300x237.png 300w, https:\/\/www.usinadepesquisa.com\/wp-content\/uploads\/2014\/07\/MM-00-executar-768x606.png 768w, https:\/\/www.usinadepesquisa.com\/wp-content\/uploads\/2014\/07\/MM-00-executar-1024x808.png 1024w\" sizes=\"auto, (max-width: 1164px) 100vw, 1164px\" \/><\/a><\/p>\n<h2 style=\"text-align: center;\"><span style=\"font-family: 'arial black', sans-serif; font-size: 18pt;\"><a href=\"https:\/\/www.usinadepesquisa.com\/wp-content\/uploads\/2024\/11\/photo_2024-11-14_17-48-31.jpg\"><img loading=\"lazy\" decoding=\"async\" class=\"aligncenter size-thumbnail wp-image-5920\" src=\"https:\/\/www.usinadepesquisa.com\/wp-content\/uploads\/2024\/11\/photo_2024-11-14_17-48-31-150x150.jpg\" alt=\"\" width=\"150\" height=\"150\" srcset=\"https:\/\/www.usinadepesquisa.com\/wp-content\/uploads\/2024\/11\/photo_2024-11-14_17-48-31-150x150.jpg 150w, https:\/\/www.usinadepesquisa.com\/wp-content\/uploads\/2024\/11\/photo_2024-11-14_17-48-31-300x300.jpg 300w, https:\/\/www.usinadepesquisa.com\/wp-content\/uploads\/2024\/11\/photo_2024-11-14_17-48-31-1024x1024.jpg 1024w, https:\/\/www.usinadepesquisa.com\/wp-content\/uploads\/2024\/11\/photo_2024-11-14_17-48-31-768x768.jpg 768w, https:\/\/www.usinadepesquisa.com\/wp-content\/uploads\/2024\/11\/photo_2024-11-14_17-48-31.jpg 1080w\" sizes=\"auto, (max-width: 150px) 100vw, 150px\" \/><\/a><\/span><\/h2>\n<h2 style=\"text-align: center;\"><span style=\"font-family: 'arial black', sans-serif; font-size: 18pt;\">Etapa 3\u00a0de 3 (Divulgar)<\/span><\/h2>\n<p><a href=\"https:\/\/www.usinadepesquisa.com\/wp-content\/uploads\/2014\/07\/MM-00-divulgar.png\"><img loading=\"lazy\" decoding=\"async\" class=\"aligncenter size-full wp-image-91\" src=\"https:\/\/www.usinadepesquisa.com\/wp-content\/uploads\/2014\/07\/MM-00-divulgar.png\" alt=\"\" width=\"1468\" height=\"872\" srcset=\"https:\/\/www.usinadepesquisa.com\/wp-content\/uploads\/2014\/07\/MM-00-divulgar.png 1468w, https:\/\/www.usinadepesquisa.com\/wp-content\/uploads\/2014\/07\/MM-00-divulgar-300x178.png 300w, https:\/\/www.usinadepesquisa.com\/wp-content\/uploads\/2014\/07\/MM-00-divulgar-768x456.png 768w, https:\/\/www.usinadepesquisa.com\/wp-content\/uploads\/2014\/07\/MM-00-divulgar-1024x608.png 1024w\" sizes=\"auto, (max-width: 1468px) 100vw, 1468px\" \/><\/a><\/p>\n<p style=\"text-align: center;\"><span style=\"color: #ffffff;\">.<\/span><\/p>\n<hr \/>\n<p style=\"text-align: center;\"><a href=\"http:\/\/bit.ly\/mppauto7\"><img loading=\"lazy\" decoding=\"async\" class=\"aligncenter size-full wp-image-4744\" src=\"https:\/\/www.usinadepesquisa.com\/wp-content\/uploads\/2017\/05\/forms2blogo-150x150.png\" alt=\"\" width=\"150\" height=\"150\" \/><\/a><span style=\"font-size: 12pt;\"><a href=\"http:\/\/bit.ly\/mppauto7\"><span style=\"font-family: arial, helvetica, sans-serif;\">Formul\u00e1rio de Auto-Avalia\u00e7\u00e3o<\/span><\/a><\/span><\/p>\n<hr \/>\n<p style=\"text-align: center;\"><a href=\"https:\/\/www.usinadepesquisa.com\/wp-content\/uploads\/2016\/08\/qrcode-7pesquisar.png\"><img loading=\"lazy\" decoding=\"async\" class=\"aligncenter wp-image-4694\" src=\"https:\/\/www.usinadepesquisa.com\/wp-content\/uploads\/2016\/08\/qrcode-7pesquisar.png\" alt=\"\" width=\"200\" height=\"200\" srcset=\"https:\/\/www.usinadepesquisa.com\/wp-content\/uploads\/2016\/08\/qrcode-7pesquisar.png 400w, https:\/\/www.usinadepesquisa.com\/wp-content\/uploads\/2016\/08\/qrcode-7pesquisar-150x150.png 150w, https:\/\/www.usinadepesquisa.com\/wp-content\/uploads\/2016\/08\/qrcode-7pesquisar-300x300.png 300w\" sizes=\"auto, (max-width: 200px) 100vw, 200px\" \/><\/a><span style=\"font-size: 12pt; font-family: arial, helvetica, sans-serif;\">URL:\u00a0http:\/\/bit.ly\/7pesquisar<\/span><\/p>\n<p style=\"text-align: center;\"><span style=\"color: #ffffff;\">.<\/span><\/p>\n<p style=\"text-align: center;\"><a href=\"http:\/\/creativecommons.org\/licenses\/by\/4.0\/\" rel=\"license\"><img decoding=\"async\" class=\"aligncenter\" style=\"border-width: 0;\" src=\"https:\/\/i.creativecommons.org\/l\/by\/4.0\/88x31.png\" alt=\"Creative Commons License\" \/><\/a><span style=\"font-family: arial, helvetica, sans-serif; font-size: 10pt;\">This work is licensed under a <\/span><br \/>\n<span style=\"font-family: arial, helvetica, sans-serif; font-size: 10pt;\"><a href=\"http:\/\/creativecommons.org\/licenses\/by\/4.0\/\" rel=\"license\">Creative Commons Attribution 4.0 International License<\/a><\/span><\/p>\n","protected":false},"excerpt":{"rendered":"<p>http:\/\/bit.ly\/7pesquisar Pesquisar = Planejar + Executar + Divulgar . Vis\u00e3o Geral Figura &#8211; As etapas da pesquisa. Figura &#8211; As etapas da pesquisa e os documentos que caracterizam o final de cada etapa. Etapa 1 de 3 (Planejar) Etapa 2\u00a0de 3 (Executar) Etapa 3\u00a0de 3 (Divulgar) . Formul\u00e1rio de Auto-Avalia\u00e7\u00e3o URL:\u00a0http:\/\/bit.ly\/7pesquisar . This work is [&hellip;]<\/p>\n","protected":false},"author":1,"featured_media":0,"parent":0,"menu_order":0,"comment_status":"closed","ping_status":"closed","template":"","meta":{"footnotes":""},"class_list":["post-4713","page","type-page","status-publish","czr-hentry"],"_links":{"self":[{"href":"https:\/\/www.usinadepesquisa.com\/index.php?rest_route=\/wp\/v2\/pages\/4713","targetHints":{"allow":["GET"]}}],"collection":[{"href":"https:\/\/www.usinadepesquisa.com\/index.php?rest_route=\/wp\/v2\/pages"}],"about":[{"href":"https:\/\/www.usinadepesquisa.com\/index.php?rest_route=\/wp\/v2\/types\/page"}],"author":[{"embeddable":true,"href":"https:\/\/www.usinadepesquisa.com\/index.php?rest_route=\/wp\/v2\/users\/1"}],"replies":[{"embeddable":true,"href":"https:\/\/www.usinadepesquisa.com\/index.php?rest_route=%2Fwp%2Fv2%2Fcomments&post=4713"}],"version-history":[{"count":22,"href":"https:\/\/www.usinadepesquisa.com\/index.php?rest_route=\/wp\/v2\/pages\/4713\/revisions"}],"predecessor-version":[{"id":5996,"href":"https:\/\/www.usinadepesquisa.com\/index.php?rest_route=\/wp\/v2\/pages\/4713\/revisions\/5996"}],"wp:attachment":[{"href":"https:\/\/www.usinadepesquisa.com\/index.php?rest_route=%2Fwp%2Fv2%2Fmedia&parent=4713"}],"curies":[{"name":"wp","href":"https:\/\/api.w.org\/{rel}","templated":true}]}}