{"id":5424,"date":"2023-06-06T15:48:30","date_gmt":"2023-06-06T15:48:30","guid":{"rendered":"http:\/\/www.usinadepesquisa.com\/?page_id=5424"},"modified":"2026-03-12T13:59:26","modified_gmt":"2026-03-12T13:59:26","slug":"manual-de-iniciacao-cientifica","status":"publish","type":"page","link":"https:\/\/www.usinadepesquisa.com\/?page_id=5424","title":{"rendered":"Manual de Inicia\u00e7\u00e3o Cient\u00edfica"},"content":{"rendered":"\r\n<p><a href=\"https:\/\/www.usinadepesquisa.com\/wp-content\/uploads\/2024\/04\/Nao_20240403_184209_0000.png\"><img loading=\"lazy\" decoding=\"async\" class=\"aligncenter size-full wp-image-5816\" src=\"https:\/\/www.usinadepesquisa.com\/wp-content\/uploads\/2024\/04\/Nao_20240403_184209_0000.png\" alt=\"\" width=\"1080\" height=\"1080\" srcset=\"https:\/\/www.usinadepesquisa.com\/wp-content\/uploads\/2024\/04\/Nao_20240403_184209_0000.png 1080w, https:\/\/www.usinadepesquisa.com\/wp-content\/uploads\/2024\/04\/Nao_20240403_184209_0000-300x300.png 300w, https:\/\/www.usinadepesquisa.com\/wp-content\/uploads\/2024\/04\/Nao_20240403_184209_0000-1024x1024.png 1024w, https:\/\/www.usinadepesquisa.com\/wp-content\/uploads\/2024\/04\/Nao_20240403_184209_0000-150x150.png 150w, https:\/\/www.usinadepesquisa.com\/wp-content\/uploads\/2024\/04\/Nao_20240403_184209_0000-768x768.png 768w\" sizes=\"auto, (max-width: 1080px) 100vw, 1080px\" \/><\/a><\/p>\r\n\r\n\r\n\r\n<p style=\"text-align: right;\"><a href=\"https:\/\/www.usinadepesquisa.com\/wp-content\/uploads\/2023\/06\/7png.png\"><img loading=\"lazy\" decoding=\"async\" class=\"wp-image-5427 alignnone\" src=\"https:\/\/www.usinadepesquisa.com\/wp-content\/uploads\/2023\/06\/7png.png\" alt=\"\" width=\"120\" height=\"120\" srcset=\"https:\/\/www.usinadepesquisa.com\/wp-content\/uploads\/2023\/06\/7png.png 592w, https:\/\/www.usinadepesquisa.com\/wp-content\/uploads\/2023\/06\/7png-300x300.png 300w, https:\/\/www.usinadepesquisa.com\/wp-content\/uploads\/2023\/06\/7png-150x150.png 150w\" sizes=\"auto, (max-width: 120px) 100vw, 120px\" \/><\/a><br \/><a href=\"http:\/\/bit.ly\/7png\">http:\/\/bit.ly\/7png<\/a><\/p>\r\n\r\n\r\n\r\n<p style=\"text-align: right;\">Autor: <strong>Aldemar Araujo Castro<\/strong> (<a href=\"https:\/\/instagram.com\/aldemararaujo\">@aldemararaujo<\/a>)<br \/>Lattes: <a href=\"http:\/\/lattes.cnpq.br\/2259022333178681\">http:\/\/lattes.cnpq.br\/2259022333178681<\/a><br \/>URL: <a href=\"http:\/\/bit.ly\/aldemarh\">http:\/\/bit.ly\/aldemarh<\/a><br \/>ResearchGate: <a href=\"https:\/\/www.researchgate.net\/profile\/Aldemar_Castro\">https:\/\/www.researchgate.net\/profile\/Aldemar_Castro<\/a><br \/>ORCID: <a href=\"http:\/\/orcid.org\/0000-0003-0212-5950\">http:\/\/orcid.org\/0000-0003-0212-5950<\/a><br \/>Professor da Disciplina de Pesquisa em Ci\u00eancias da Sa\u00fade<br \/>Universidade Estadual de Ci\u00eancias da Sa\u00fade de Alagoas (<a href=\"http:\/\/www.uncisal.edu.br\">UNCISAL<\/a>)<br \/>Macei\u00f3, AL.<\/p>\r\n<p style=\"text-align: right;\"><strong>Criado:<\/strong> 20jan2003<br \/><strong>Atualizado:<\/strong> 12mar2026<\/p>\r\n<hr \/>\r\n<p>&nbsp;<\/p>\r\n\r\n\r\n\r\n<h1>\u00cdndice<\/h1>\r\n<ol>\r\n<li><a href=\"https:\/\/www.usinadepesquisa.com\/?page_id=5437\"><span style=\"font-weight: 400;\"><strong>Inicia\u00e7\u00e3o Cient\u00edfica<\/strong>: O Que \u00c9 e Por Que Fazer?<\/span><\/a><\/li>\r\n<li><span style=\"font-weight: 400;\">A Inicia\u00e7\u00e3o Cient\u00edfica na Uncisal<\/span><\/li>\r\n<li><a href=\"https:\/\/www.usinadepesquisa.com\/?page_id=5632\"><span style=\"font-weight: 400;\">O Programa \u201c<strong>Minha Primeira Pesquisa<\/strong>\u201d<\/span><\/a><\/li>\r\n<li><a href=\"https:\/\/www.usinadepesquisa.com\/?page_id=5515\"><span style=\"font-weight: 400;\">Inicia\u00e7\u00e3o Cient\u00edfica: Recursos, Conhecimentos e Habilidades<\/span><\/a><\/li>\r\n<li><a href=\"https:\/\/www.usinadepesquisa.com\/?page_id=5460\"><span style=\"font-weight: 400;\">Inicia\u00e7\u00e3o Cient\u00edfica: a Escolha do Orientador<\/span><\/a><\/li>\r\n<li><a href=\"https:\/\/www.usinadepesquisa.com\/?page_id=5636\"><span style=\"font-weight: 400;\">Inicia\u00e7\u00e3o Cient\u00edfica: Como Continuar?<\/span><\/a><\/li>\r\n<li><a href=\"https:\/\/www.usinadepesquisa.com\/?page_id=5830\"><strong>Minha Primeira Patente<\/strong> e <strong>Minha Primeira Empresa<\/strong><\/a><\/li>\r\n<li><a href=\"https:\/\/bit.ly\/ia-pesquisa\">Inteligencia Artificial na Pesquisa<\/a><\/li>\r\n<\/ol>\r\n<p><a href=\"https:\/\/www.usinadepesquisa.com\/wp-content\/uploads\/2024\/04\/Nao_20240403_183646_0000.png\"><img loading=\"lazy\" decoding=\"async\" class=\"aligncenter size-full wp-image-5814\" src=\"https:\/\/www.usinadepesquisa.com\/wp-content\/uploads\/2024\/04\/Nao_20240403_183646_0000.png\" alt=\"\" width=\"1080\" height=\"1080\" srcset=\"https:\/\/www.usinadepesquisa.com\/wp-content\/uploads\/2024\/04\/Nao_20240403_183646_0000.png 1080w, https:\/\/www.usinadepesquisa.com\/wp-content\/uploads\/2024\/04\/Nao_20240403_183646_0000-300x300.png 300w, https:\/\/www.usinadepesquisa.com\/wp-content\/uploads\/2024\/04\/Nao_20240403_183646_0000-1024x1024.png 1024w, https:\/\/www.usinadepesquisa.com\/wp-content\/uploads\/2024\/04\/Nao_20240403_183646_0000-150x150.png 150w, https:\/\/www.usinadepesquisa.com\/wp-content\/uploads\/2024\/04\/Nao_20240403_183646_0000-768x768.png 768w\" sizes=\"auto, (max-width: 1080px) 100vw, 1080px\" \/><\/a><\/p>\r\n<p>ANEXO 1 &#8211; <a href=\"http:\/\/bit.ly\/planejar7\">Planejamento da Pesquisa (http:\/\/bit.ly\/planejar7)<\/a><br \/>ANEXO 2 &#8211; chatGPT (<a href=\"https:\/\/bit.ly\/ianapesquisa\">https:\/\/bit.ly\/ianapesquisa<\/a>)<br \/>ANEXO 3 &#8211; <a href=\"https:\/\/www.usinadepesquisa.com\/wp-content\/uploads\/2023\/06\/Sophia-1.pdf\">A Jornada de Sophia (Conto educacional)<\/a><br \/>ANEXO 4 &#8211; Modelo de Projeto de Pesquisa (Use os subitens abaixo)<br \/><strong>ANEXO 4.1. <a href=\"http:\/\/bit.ly\/projeto7\">Texto modelo (GoogleDrive)<\/a><\/strong> <br \/>ANEXO 4.2. <a href=\"https:\/\/bit.ly\/telas7\">Telas modelo (GoogleDrive)<\/a><br \/>ANEXO 4.3. Resumo &amp; Estrutura (<a href=\"https:\/\/estruturas-sczm5fzp.manus.space\/\">vers\u00e3o nova<\/a> | <a href=\"https:\/\/docs.google.com\/viewer?url=http%3A%2F%2Fwww.usinadepesquisa.com%2Fmetodologia%2Fwp-content%2Fuploads%2F2010%2F08%2Festrutura_geral-1.pdf\">vers\u00e3o antiga<\/a>)<br \/>ANEXO 4.4. <a href=\"https:\/\/www.usinadepesquisa.com\/?p=4813\">Apresenta\u00e7\u00e3o em 7 minutos<\/a><br \/>ANEXO 5 &#8211; CNPq &#8211; <a href=\"https:\/\/www.gov.br\/cnpq\/pt-br\/acesso-a-informacao\/acoes-e-programas\/programas\/programas-ict\">PIBIC<\/a><br \/>ANEXO 6 &#8211; <a href=\"https:\/\/lattes.cnpq.br\">Curr\u00edculo Lattes<\/a><br \/>ANEXO 7 &#8211; <a href=\"https:\/\/fapesp.br\/boaspraticas\/\">Boas Pr\u00e1ticas Cient\u00edficas (FAPESP)<\/a><br \/>ANEXO 8 &#8211; <a href=\"https:\/\/www.consort-spirit.org\/\">Diretrizes para Publica\u00e7\u00f5es<\/a> (CONSORT, STARD, PRISMA, ARRIVE, &#8230;)<br \/><span style=\"font-size: revert; color: initial;\">ANEXO 9 &#8211; C<\/span><span style=\"font-size: revert; color: initial;\">EP UNCISAL (<a href=\"http:\/\/cep.uncisal.edu.br\">cep.uncisal.edu.br<\/a> &#8211; <a href=\"https:\/\/instagram.com\/cepuncisal\">@cepuncisal<\/a>)<\/span><br \/>ANEXO 10 &#8211; <a href=\"https:\/\/plataformabrasil.saude.gov.br\/login.jsf\">Plataforma Brasil<\/a> &#8211; <a href=\"https:\/\/conselho.saude.gov.br\/normativas-conep?view=default\">Resolu\u00e7\u00f5es e Cartas Circulares do CONEP\/CNS\/MS<\/a><\/p>\r\n<div id=\"attachment_6901\" style=\"width: 310px\" class=\"wp-caption aligncenter\"><a href=\"https:\/\/bit.ly\/inaep\"><img loading=\"lazy\" decoding=\"async\" aria-describedby=\"caption-attachment-6901\" class=\"wp-image-6901 size-medium\" src=\"https:\/\/www.usinadepesquisa.com\/wp-content\/uploads\/2026\/01\/WhatsApp-Image-2026-01-15-at-15.36.09-300x200.jpeg\" alt=\"\" width=\"300\" height=\"200\" srcset=\"https:\/\/www.usinadepesquisa.com\/wp-content\/uploads\/2026\/01\/WhatsApp-Image-2026-01-15-at-15.36.09-300x200.jpeg 300w, https:\/\/www.usinadepesquisa.com\/wp-content\/uploads\/2026\/01\/WhatsApp-Image-2026-01-15-at-15.36.09-1024x683.jpeg 1024w, https:\/\/www.usinadepesquisa.com\/wp-content\/uploads\/2026\/01\/WhatsApp-Image-2026-01-15-at-15.36.09-768x512.jpeg 768w, https:\/\/www.usinadepesquisa.com\/wp-content\/uploads\/2026\/01\/WhatsApp-Image-2026-01-15-at-15.36.09.jpeg 1536w\" sizes=\"auto, (max-width: 300px) 100vw, 300px\" \/><\/a><p id=\"caption-attachment-6901\" class=\"wp-caption-text\">Monitor virtual com IA sobre leis, resolu\u00e7\u00f5es e regras do SINEP. Clique e tire as suas d\u00favidas (<a href=\"https:\/\/bit.ly\/inaep\">https:\/\/bit.ly\/inaep<\/a>)<\/p><\/div>\r\n\r\n\r\n<hr \/>\r\n<p style=\"text-align: right;\"><i>\u00a9 2003-2026<br \/><\/i><\/p>\r\n<p><a style=\"font-size: revert;\" href=\"https:\/\/bit.ly\/7png\" target=\"_blank\" rel=\"cc:attributionURL noopener noreferrer\">Manual de Inicia\u00e7\u00e3o Cient\u00edfica <\/a><span style=\"font-size: revert; color: initial;\">\u00a9 2003-2026 by <\/span><a style=\"font-size: revert;\" href=\"https:\/\/instagram.com\/aldemararaujo\" target=\"_blank\" rel=\"cc:attributionURL noopener noreferrer\">Aldemar Araujo Castro<em>\u00a0<\/em><\/a><em><span style=\"font-size: revert; color: initial;\">is licensed under\u00a0<\/span><\/em><a style=\"font-size: revert;\" href=\"http:\/\/creativecommons.org\/licenses\/by\/4.0\/?ref=chooser-v1\" target=\"_blank\" rel=\"license noopener noreferrer\">Attribution 4.0 International\u00a0<span class=\"icon\" data-v-a0d4e8a8=\"\"><img loading=\"lazy\" decoding=\"async\" src=\"https:\/\/chooser-beta.creativecommons.org\/img\/cc-logo.f0ab4ebe.svg\" width=\"20\" height=\"20\" data-v-a0d4e8a8=\"\" \/><img loading=\"lazy\" decoding=\"async\" src=\"https:\/\/chooser-beta.creativecommons.org\/img\/cc-by.21b728bb.svg\" width=\"20\" height=\"20\" data-v-a0d4e8a8=\"\" \/><\/span><\/a><i><\/i><\/p>\r\n<p><code><\/code><\/p>\r\n\r\n\r\n","protected":false},"excerpt":{"rendered":"<p>Manual de Inicia\u00e7\u00e3o Cient\u00edfica. S\u00e3o sete cap\u00edtulos e varios anexos com recursos sobre a inicia\u00e7\u00e3o cient\u00edfica<\/p>\n","protected":false},"author":1,"featured_media":5470,"parent":0,"menu_order":0,"comment_status":"closed","ping_status":"closed","template":"","meta":{"footnotes":""},"class_list":["post-5424","page","type-page","status-publish","has-post-thumbnail","czr-hentry"],"_links":{"self":[{"href":"https:\/\/www.usinadepesquisa.com\/index.php?rest_route=\/wp\/v2\/pages\/5424","targetHints":{"allow":["GET"]}}],"collection":[{"href":"https:\/\/www.usinadepesquisa.com\/index.php?rest_route=\/wp\/v2\/pages"}],"about":[{"href":"https:\/\/www.usinadepesquisa.com\/index.php?rest_route=\/wp\/v2\/types\/page"}],"author":[{"embeddable":true,"href":"https:\/\/www.usinadepesquisa.com\/index.php?rest_route=\/wp\/v2\/users\/1"}],"replies":[{"embeddable":true,"href":"https:\/\/www.usinadepesquisa.com\/index.php?rest_route=%2Fwp%2Fv2%2Fcomments&post=5424"}],"version-history":[{"count":45,"href":"https:\/\/www.usinadepesquisa.com\/index.php?rest_route=\/wp\/v2\/pages\/5424\/revisions"}],"predecessor-version":[{"id":7101,"href":"https:\/\/www.usinadepesquisa.com\/index.php?rest_route=\/wp\/v2\/pages\/5424\/revisions\/7101"}],"wp:featuredmedia":[{"embeddable":true,"href":"https:\/\/www.usinadepesquisa.com\/index.php?rest_route=\/wp\/v2\/media\/5470"}],"wp:attachment":[{"href":"https:\/\/www.usinadepesquisa.com\/index.php?rest_route=%2Fwp%2Fv2%2Fmedia&parent=5424"}],"curies":[{"name":"wp","href":"https:\/\/api.w.org\/{rel}","templated":true}]}}