{"id":5948,"date":"2024-11-16T11:41:28","date_gmt":"2024-11-16T11:41:28","guid":{"rendered":"https:\/\/www.usinadepesquisa.com\/?page_id=5948"},"modified":"2024-11-19T14:33:05","modified_gmt":"2024-11-19T14:33:05","slug":"empreender","status":"publish","type":"page","link":"https:\/\/www.usinadepesquisa.com\/?page_id=5948","title":{"rendered":"Empreender"},"content":{"rendered":"<div id=\"attachment_5952\" style=\"width: 160px\" class=\"wp-caption aligncenter\"><a href=\"https:\/\/www.usinadepesquisa.com\/wp-content\/uploads\/2024\/11\/bit.ly_7empreender.png\"><img loading=\"lazy\" decoding=\"async\" aria-describedby=\"caption-attachment-5952\" class=\"wp-image-5952 size-thumbnail\" src=\"https:\/\/www.usinadepesquisa.com\/wp-content\/uploads\/2024\/11\/bit.ly_7empreender-150x150.png\" alt=\"\" width=\"150\" height=\"150\" srcset=\"https:\/\/www.usinadepesquisa.com\/wp-content\/uploads\/2024\/11\/bit.ly_7empreender-150x150.png 150w, https:\/\/www.usinadepesquisa.com\/wp-content\/uploads\/2024\/11\/bit.ly_7empreender-300x300.png 300w, https:\/\/www.usinadepesquisa.com\/wp-content\/uploads\/2024\/11\/bit.ly_7empreender-1024x1024.png 1024w, https:\/\/www.usinadepesquisa.com\/wp-content\/uploads\/2024\/11\/bit.ly_7empreender-768x768.png 768w, https:\/\/www.usinadepesquisa.com\/wp-content\/uploads\/2024\/11\/bit.ly_7empreender-1536x1536.png 1536w, https:\/\/www.usinadepesquisa.com\/wp-content\/uploads\/2024\/11\/bit.ly_7empreender.png 2000w\" sizes=\"auto, (max-width: 150px) 100vw, 150px\" \/><\/a><p id=\"caption-attachment-5952\" class=\"wp-caption-text\">bit.ly\/7empreender<\/p><\/div>\n<h1><\/h1>\n<div id=\"attachment_5946\" style=\"width: 310px\" class=\"wp-caption aligncenter\"><a href=\"https:\/\/www.usinadepesquisa.com\/?page_id=5983\"><img loading=\"lazy\" decoding=\"async\" aria-describedby=\"caption-attachment-5946\" class=\"wp-image-5946 size-medium\" src=\"https:\/\/www.usinadepesquisa.com\/wp-content\/uploads\/2024\/11\/photo_2024-11-16_08-28-17-300x295.jpg\" alt=\"Essa reflex\u00e3o nos lembra que a pesquisa deve ser concebida como um meio de gerar inova\u00e7\u00e3o e progresso, com implica\u00e7\u00f5es pr\u00e1ticas e sociais. Quando pensamos em patentes e parcerias com empresas, ampliamos o alcance da ci\u00eancia, permitindo que os resultados transcendam os laborat\u00f3rios e cheguem \u00e0 sociedade na forma de tecnologias, produtos e solu\u00e7\u00f5es. Ignorar essa conex\u00e3o pode reduzir a relev\u00e2ncia e aplicabilidade da pesquisa, afastando-a de seu prop\u00f3sito final: transformar ideias em impacto real.\" width=\"300\" height=\"295\" srcset=\"https:\/\/www.usinadepesquisa.com\/wp-content\/uploads\/2024\/11\/photo_2024-11-16_08-28-17-300x295.jpg 300w, https:\/\/www.usinadepesquisa.com\/wp-content\/uploads\/2024\/11\/photo_2024-11-16_08-28-17-768x755.jpg 768w, https:\/\/www.usinadepesquisa.com\/wp-content\/uploads\/2024\/11\/photo_2024-11-16_08-28-17.jpg 827w\" sizes=\"auto, (max-width: 300px) 100vw, 300px\" \/><\/a><p id=\"caption-attachment-5946\" class=\"wp-caption-text\">Figura 1 &#8211; Rela\u00e7\u00e3o entre pesquisa, patente e empresa. Pensar a pesquisa desvinculada de patentes e empresas \u00e9 limitar seu potencial de impacto.<\/p><\/div>\n<p><a href=\"https:\/\/www.usinadepesquisa.com\/wp-content\/uploads\/2024\/11\/inovacao-3.png\"><img loading=\"lazy\" decoding=\"async\" class=\"aligncenter size-medium wp-image-5990\" src=\"https:\/\/www.usinadepesquisa.com\/wp-content\/uploads\/2024\/11\/inovacao-3-300x225.png\" alt=\"\" width=\"300\" height=\"225\" srcset=\"https:\/\/www.usinadepesquisa.com\/wp-content\/uploads\/2024\/11\/inovacao-3-300x225.png 300w, https:\/\/www.usinadepesquisa.com\/wp-content\/uploads\/2024\/11\/inovacao-3-768x576.png 768w, https:\/\/www.usinadepesquisa.com\/wp-content\/uploads\/2024\/11\/inovacao-3.png 1024w\" sizes=\"auto, (max-width: 300px) 100vw, 300px\" \/><\/a><\/p>\n<p>&nbsp;<\/p>\n<h1 style=\"text-align: center;\"><span style=\"font-family: 'arial black', sans-serif; font-size: 18pt;\"><span style=\"font-size: 24pt;\">EMPREENDER<\/span><br \/>\n<\/span><\/h1>\n<p>&nbsp;<\/p>\n<h2 style=\"text-align: center;\"><span style=\"font-family: 'arial black', sans-serif; font-size: 18pt;\">Vis\u00e3o Geral<\/span><\/h2>\n<p><span style=\"color: #ffffff;\">.<a href=\"https:\/\/www.usinadepesquisa.com\/wp-content\/uploads\/2024\/11\/WhatsApp-Image-2024-11-16-at-14.09.33.jpeg\"><img loading=\"lazy\" decoding=\"async\" class=\"aligncenter wp-image-5977 size-large\" src=\"https:\/\/www.usinadepesquisa.com\/wp-content\/uploads\/2024\/11\/WhatsApp-Image-2024-11-16-at-14.09.33-1024x576.jpeg\" alt=\"\" width=\"1024\" height=\"576\" srcset=\"https:\/\/www.usinadepesquisa.com\/wp-content\/uploads\/2024\/11\/WhatsApp-Image-2024-11-16-at-14.09.33-1024x576.jpeg 1024w, https:\/\/www.usinadepesquisa.com\/wp-content\/uploads\/2024\/11\/WhatsApp-Image-2024-11-16-at-14.09.33-300x169.jpeg 300w, https:\/\/www.usinadepesquisa.com\/wp-content\/uploads\/2024\/11\/WhatsApp-Image-2024-11-16-at-14.09.33-768x432.jpeg 768w, https:\/\/www.usinadepesquisa.com\/wp-content\/uploads\/2024\/11\/WhatsApp-Image-2024-11-16-at-14.09.33-1536x864.jpeg 1536w, https:\/\/www.usinadepesquisa.com\/wp-content\/uploads\/2024\/11\/WhatsApp-Image-2024-11-16-at-14.09.33.jpeg 1599w\" sizes=\"auto, (max-width: 1024px) 100vw, 1024px\" \/><\/a><\/span><\/p>\n<p>Figura 2 &#8211; O processo estruturado de desenvolvimento de produtos, dividido em tr\u00eas grandes fases:<strong> Idea\u00e7\u00e3o, Opera\u00e7\u00e3o e Expans\u00e3o<\/strong>. Na<strong> Idea\u00e7\u00e3o<\/strong>, as etapas de descoberta, defini\u00e7\u00e3o, desenvolvimento e entrega ajudam a transformar uma ideia brilhante em um prot\u00f3tipo validado, alinhando o problema identificado \u00e0s solu\u00e7\u00f5es propostas. Na <strong>Opera\u00e7\u00e3o<\/strong>, o foco est\u00e1 no ciclo <strong>Construir-Medir-Aprender<\/strong>, onde MVPs (<em>Produtos M\u00ednimos Vi\u00e1veis<\/em>) s\u00e3o iterados para validar hip\u00f3teses e ajustar o produto \u00e0s necessidades reais do mercado. Por fim, na <strong>Expans\u00e3o<\/strong>, o produto final \u00e9 dimensionado e estabelecido, garantindo escalabilidade e sustentabilidade do neg\u00f3cio. Esse fluxo organiza inova\u00e7\u00e3o e execu\u00e7\u00e3o de forma eficiente.<\/p>\n<div class=\"mceTemp\"><\/div>\n<hr \/>\n<h2 style=\"text-align: center;\"><a href=\"https:\/\/www.usinadepesquisa.com\/wp-content\/uploads\/2024\/11\/photo_2024-11-14_17-48-27.jpg\"><img loading=\"lazy\" decoding=\"async\" class=\"aligncenter wp-image-5916 size-thumbnail\" src=\"https:\/\/www.usinadepesquisa.com\/wp-content\/uploads\/2024\/11\/photo_2024-11-14_17-48-27-150x150.jpg\" alt=\"\" width=\"150\" height=\"150\" srcset=\"https:\/\/www.usinadepesquisa.com\/wp-content\/uploads\/2024\/11\/photo_2024-11-14_17-48-27-150x150.jpg 150w, https:\/\/www.usinadepesquisa.com\/wp-content\/uploads\/2024\/11\/photo_2024-11-14_17-48-27-300x300.jpg 300w, https:\/\/www.usinadepesquisa.com\/wp-content\/uploads\/2024\/11\/photo_2024-11-14_17-48-27-1024x1024.jpg 1024w, https:\/\/www.usinadepesquisa.com\/wp-content\/uploads\/2024\/11\/photo_2024-11-14_17-48-27-768x768.jpg 768w, https:\/\/www.usinadepesquisa.com\/wp-content\/uploads\/2024\/11\/photo_2024-11-14_17-48-27.jpg 1080w\" sizes=\"auto, (max-width: 150px) 100vw, 150px\" \/><\/a><\/h2>\n<h2 style=\"text-align: center;\"><a href=\"https:\/\/www.usinadepesquisa.com\/wp-content\/uploads\/2024\/11\/Solucao-Prototipo-Validado.png\"><img loading=\"lazy\" decoding=\"async\" class=\"aligncenter size-large wp-image-5953\" src=\"https:\/\/www.usinadepesquisa.com\/wp-content\/uploads\/2024\/11\/Solucao-Prototipo-Validado-1024x576.png\" alt=\"\" width=\"1024\" height=\"576\" srcset=\"https:\/\/www.usinadepesquisa.com\/wp-content\/uploads\/2024\/11\/Solucao-Prototipo-Validado-1024x576.png 1024w, https:\/\/www.usinadepesquisa.com\/wp-content\/uploads\/2024\/11\/Solucao-Prototipo-Validado-300x169.png 300w, https:\/\/www.usinadepesquisa.com\/wp-content\/uploads\/2024\/11\/Solucao-Prototipo-Validado-768x432.png 768w, https:\/\/www.usinadepesquisa.com\/wp-content\/uploads\/2024\/11\/Solucao-Prototipo-Validado-1536x864.png 1536w, https:\/\/www.usinadepesquisa.com\/wp-content\/uploads\/2024\/11\/Solucao-Prototipo-Validado.png 1920w\" sizes=\"auto, (max-width: 1024px) 100vw, 1024px\" \/><\/a><\/h2>\n<p>Figura 3. O modelo do <strong>Duplo Diamante<\/strong>, desenvolvido pelo <em>Design Council<\/em> do Reino Unido, representa uma abordagem estruturada para resolver problemas e desenvolver solu\u00e7\u00f5es inovadoras. Ele \u00e9 dividido em dois grandes contextos: o <strong>Problema<\/strong>\u00a0 e\u00a0 a <strong>Solu\u00e7\u00e3o<\/strong>, destacando quatro etapas principais: <strong>Descobrir, Definir, Desenvolver e Entregar<\/strong>. Essas fases est\u00e3o organizadas em um fluxo que alterna entre processos de diverg\u00eancia (explora\u00e7\u00e3o ampla) e converg\u00eancia (foco e refinamento).<\/p>\n<p>Import\u00e2ncia no Empreender<\/p>\n<p>1. Descobrir (Empatia). Essa etapa inicial se concentra em entender profundamente o problema ou desafio enfrentado, conectando-se com as necessidades do cliente ou mercado. Para empreendedores, compreender a dor do p\u00fablico-alvo \u00e9 fundamental para criar solu\u00e7\u00f5es relevantes.<\/p>\n<p>2. Definir. Ap\u00f3s explorar o problema, \u00e9 essencial sintetizar os aprendizados, identificar o ponto central da dor e transform\u00e1-lo em uma oportunidade clara de solu\u00e7\u00e3o. Essa etapa evita desperd\u00edcio de esfor\u00e7os ao direcionar o foco para o que realmente importa.<\/p>\n<p>3. Desenvolver (Execu\u00e7\u00e3o). Aqui, a criatividade ganha espa\u00e7o. Diversas ideias s\u00e3o exploradas e prot\u00f3tipos s\u00e3o criados e testados. Para empreendedores, esta fase \u00e9 crucial para validar suposi\u00e7\u00f5es e ajustar o produto \u00e0s necessidades reais dos clientes.<\/p>\n<p>4. Entregar. O refinamento do prot\u00f3tipo e sua transforma\u00e7\u00e3o em uma solu\u00e7\u00e3o vi\u00e1vel e validada culminam nesta etapa. O objetivo \u00e9 garantir que o produto ou servi\u00e7o seja funcional, desej\u00e1vel e adequado ao mercado.<\/p>\n<p>Conex\u00e3o com o Empreendedorismo<\/p>\n<p>O Duplo Diamante \u00e9 uma ferramenta valiosa para empreendedores porque:<\/p>\n<p>&#8211; Estimula a <strong>inova\u00e7\u00e3o centrada no cliente<\/strong>, garantindo que a solu\u00e7\u00e3o tenha impacto real.<br \/>\n&#8211; Permite uma abordagem iterativa e \u00e1gil, reduzindo riscos e aumentando a efici\u00eancia.<br \/>\n&#8211; Facilita o alinhamento entre vis\u00e3o estrat\u00e9gica e execu\u00e7\u00e3o pr\u00e1tica, aumentando as chances de sucesso.<\/p>\n<p>Em suma, seguir os princ\u00edpios desse modelo ajuda os empreendedores a transformar ideias iniciais em solu\u00e7\u00f5es robustas e bem-sucedidas no mercado.<\/p>\n<hr \/>\n<h2 style=\"text-align: center;\"><a href=\"https:\/\/www.usinadepesquisa.com\/wp-content\/uploads\/2024\/11\/photo_2024-11-14_17-48-29.jpg\"><img loading=\"lazy\" decoding=\"async\" class=\"aligncenter wp-image-5917 size-thumbnail\" src=\"https:\/\/www.usinadepesquisa.com\/wp-content\/uploads\/2024\/11\/photo_2024-11-14_17-48-29-150x150.jpg\" alt=\"\" width=\"150\" height=\"150\" srcset=\"https:\/\/www.usinadepesquisa.com\/wp-content\/uploads\/2024\/11\/photo_2024-11-14_17-48-29-150x150.jpg 150w, https:\/\/www.usinadepesquisa.com\/wp-content\/uploads\/2024\/11\/photo_2024-11-14_17-48-29-300x300.jpg 300w, https:\/\/www.usinadepesquisa.com\/wp-content\/uploads\/2024\/11\/photo_2024-11-14_17-48-29-1024x1024.jpg 1024w, https:\/\/www.usinadepesquisa.com\/wp-content\/uploads\/2024\/11\/photo_2024-11-14_17-48-29-768x768.jpg 768w, https:\/\/www.usinadepesquisa.com\/wp-content\/uploads\/2024\/11\/photo_2024-11-14_17-48-29.jpg 1080w\" sizes=\"auto, (max-width: 150px) 100vw, 150px\" \/><\/a><\/h2>\n<p><a href=\"https:\/\/www.usinadepesquisa.com\/wp-content\/uploads\/2024\/11\/Inflectiv-MVP-2048x1365-1.jpg\"><img loading=\"lazy\" decoding=\"async\" class=\"size-large wp-image-5949\" src=\"https:\/\/www.usinadepesquisa.com\/wp-content\/uploads\/2024\/11\/Inflectiv-MVP-2048x1365-1-1024x683.jpg\" alt=\"O **Minimum Viable Product (MVP)** \u00e9 essencial no processo de empreender porque permite testar ideias de forma r\u00e1pida e eficiente, minimizando custos e riscos. Ele consiste na vers\u00e3o mais simples de um produto ou servi\u00e7o que ainda entrega valor ao cliente, possibilitando a valida\u00e7\u00e3o do conceito junto ao mercado real.Sua import\u00e2ncia est\u00e1 em: 1. **Valida\u00e7\u00e3o R\u00e1pida**: O MVP permite testar a aceita\u00e7\u00e3o da ideia antes de investir muitos recursos em desenvolvimento completo. 2. **Feedback de Clientes**: Receber opini\u00f5es diretas dos usu\u00e1rios ajuda a identificar melhorias e evitar erros maiores no futuro. 3. **Redu\u00e7\u00e3o de Riscos**: Minimiza o desperd\u00edcio de tempo e dinheiro em solu\u00e7\u00f5es que n\u00e3o atendem \u00e0s demandas do mercado. 4. **Agilidade**: A abordagem possibilita ajustes r\u00e1pidos e iterativos com base no aprendizado pr\u00e1tico. 5. **Atra\u00e7\u00e3o de Investidores**: Demonstra viabilidade do neg\u00f3cio e potencial de mercado com evid\u00eancias concretas, aumentando a confian\u00e7a de potenciais parceiros e investidores. Em resumo, o MVP \u00e9 um pilar estrat\u00e9gico no empreendedorismo, ajudando a transformar ideias em neg\u00f3cios sustent\u00e1veis, orientados pelas necessidades reais dos consumidores.\" width=\"1024\" height=\"683\" srcset=\"https:\/\/www.usinadepesquisa.com\/wp-content\/uploads\/2024\/11\/Inflectiv-MVP-2048x1365-1-1024x683.jpg 1024w, https:\/\/www.usinadepesquisa.com\/wp-content\/uploads\/2024\/11\/Inflectiv-MVP-2048x1365-1-300x200.jpg 300w, https:\/\/www.usinadepesquisa.com\/wp-content\/uploads\/2024\/11\/Inflectiv-MVP-2048x1365-1-768x512.jpg 768w, https:\/\/www.usinadepesquisa.com\/wp-content\/uploads\/2024\/11\/Inflectiv-MVP-2048x1365-1-1536x1024.jpg 1536w, https:\/\/www.usinadepesquisa.com\/wp-content\/uploads\/2024\/11\/Inflectiv-MVP-2048x1365-1.jpg 2048w\" sizes=\"auto, (max-width: 1024px) 100vw, 1024px\" \/><\/a><\/p>\n<p>Figura 4. A imagem ilustra duas abordagens para a constru\u00e7\u00e3o de um <strong><em>Produto M\u00ednimo Vi\u00e1vel<\/em> (MVP)<\/strong>, destacando a import\u00e2ncia de entregar valor ao cliente em cada etapa do desenvolvimento.<\/p>\n<p>Na parte superior (<strong><em>Not Like This<\/em><\/strong>), o processo foca em partes isoladas de um produto final (rodas, chassi, etc.), que n\u00e3o atendem \u00e0s necessidades do cliente at\u00e9 que o produto completo seja finalizado. Esse m\u00e9todo desconsidera o uso pr\u00e1tico ou a satisfa\u00e7\u00e3o do cliente durante as fases intermedi\u00e1rias.<\/p>\n<p>Na parte inferior (<em><strong>Like This<\/strong><\/em>), o processo mostra um desenvolvimento iterativo, onde cada etapa entrega uma solu\u00e7\u00e3o funcional e incrementa o valor ao cliente (skate, patinete, bicicleta, moto, carro). Essa abordagem permite que o usu\u00e1rio usufrua do produto desde o in\u00edcio, enquanto o feedback cont\u00ednuo guia as melhorias.<\/p>\n<p>A li\u00e7\u00e3o principal \u00e9 clara: o MVP deve ser funcional em cada fase, garantindo valor ao cliente e permitindo ajustes com base em valida\u00e7\u00f5es reais, alinhando a evolu\u00e7\u00e3o do produto \u00e0s necessidades do mercado.<\/p>\n<hr \/>\n<p><a href=\"https:\/\/www.usinadepesquisa.com\/wp-content\/uploads\/2024\/11\/photo_2024-11-14_17-48-31.jpg\"><img loading=\"lazy\" decoding=\"async\" class=\"aligncenter size-thumbnail wp-image-5920\" src=\"https:\/\/www.usinadepesquisa.com\/wp-content\/uploads\/2024\/11\/photo_2024-11-14_17-48-31-150x150.jpg\" alt=\"\" width=\"150\" height=\"150\" srcset=\"https:\/\/www.usinadepesquisa.com\/wp-content\/uploads\/2024\/11\/photo_2024-11-14_17-48-31-150x150.jpg 150w, https:\/\/www.usinadepesquisa.com\/wp-content\/uploads\/2024\/11\/photo_2024-11-14_17-48-31-300x300.jpg 300w, https:\/\/www.usinadepesquisa.com\/wp-content\/uploads\/2024\/11\/photo_2024-11-14_17-48-31-1024x1024.jpg 1024w, https:\/\/www.usinadepesquisa.com\/wp-content\/uploads\/2024\/11\/photo_2024-11-14_17-48-31-768x768.jpg 768w, https:\/\/www.usinadepesquisa.com\/wp-content\/uploads\/2024\/11\/photo_2024-11-14_17-48-31.jpg 1080w\" sizes=\"auto, (max-width: 150px) 100vw, 150px\" \/><\/a><\/p>\n<p style=\"text-align: center;\">Dimensionamento + Estabelecimento<\/p>\n<hr \/>\n<p>&nbsp;<\/p>\n<p><a href=\"https:\/\/www.usinadepesquisa.com\/wp-content\/uploads\/2024\/11\/bit.ly_7empreender.png\"><img loading=\"lazy\" decoding=\"async\" class=\"wp-image-5952 size-thumbnail aligncenter\" src=\"https:\/\/www.usinadepesquisa.com\/wp-content\/uploads\/2024\/11\/bit.ly_7empreender-150x150.png\" alt=\"\" width=\"150\" height=\"150\" srcset=\"https:\/\/www.usinadepesquisa.com\/wp-content\/uploads\/2024\/11\/bit.ly_7empreender-150x150.png 150w, https:\/\/www.usinadepesquisa.com\/wp-content\/uploads\/2024\/11\/bit.ly_7empreender-300x300.png 300w, https:\/\/www.usinadepesquisa.com\/wp-content\/uploads\/2024\/11\/bit.ly_7empreender-1024x1024.png 1024w, https:\/\/www.usinadepesquisa.com\/wp-content\/uploads\/2024\/11\/bit.ly_7empreender-768x768.png 768w, https:\/\/www.usinadepesquisa.com\/wp-content\/uploads\/2024\/11\/bit.ly_7empreender-1536x1536.png 1536w, https:\/\/www.usinadepesquisa.com\/wp-content\/uploads\/2024\/11\/bit.ly_7empreender.png 2000w\" sizes=\"auto, (max-width: 150px) 100vw, 150px\" \/><\/a><\/p>\n<p style=\"text-align: center;\"><span style=\"font-size: 12pt; font-family: arial, helvetica, sans-serif;\">URL: http:\/\/bit.ly\/7empreender<\/span><\/p>\n<hr \/>\n<p style=\"text-align: center;\"><span style=\"color: #ffffff;\">.<\/span><\/p>\n<p style=\"text-align: center;\"><a href=\"http:\/\/creativecommons.org\/licenses\/by\/4.0\/\" rel=\"license\"><img decoding=\"async\" class=\"aligncenter\" style=\"border-width: 0;\" src=\"https:\/\/i.creativecommons.org\/l\/by\/4.0\/88x31.png\" alt=\"Creative Commons License\" \/><\/a><span style=\"font-family: arial, helvetica, sans-serif; font-size: 10pt;\">This work is licensed under a <\/span><br \/>\n<span style=\"font-family: arial, helvetica, sans-serif; font-size: 10pt;\"><a href=\"http:\/\/creativecommons.org\/licenses\/by\/4.0\/\" rel=\"license\">Creative Commons Attribution 4.0 International License<\/a><\/span><\/p>\n","protected":false},"excerpt":{"rendered":"<p>&nbsp; EMPREENDER &nbsp; Vis\u00e3o Geral . Figura 2 &#8211; O processo estruturado de desenvolvimento de produtos, dividido em tr\u00eas grandes fases: Idea\u00e7\u00e3o, Opera\u00e7\u00e3o e Expans\u00e3o. Na Idea\u00e7\u00e3o, as etapas de descoberta, defini\u00e7\u00e3o, desenvolvimento e entrega ajudam a transformar uma ideia brilhante em um prot\u00f3tipo validado, alinhando o problema identificado \u00e0s solu\u00e7\u00f5es propostas. Na Opera\u00e7\u00e3o, o [&hellip;]<\/p>\n","protected":false},"author":1,"featured_media":0,"parent":0,"menu_order":0,"comment_status":"closed","ping_status":"closed","template":"","meta":{"footnotes":""},"class_list":["post-5948","page","type-page","status-publish","czr-hentry"],"_links":{"self":[{"href":"https:\/\/www.usinadepesquisa.com\/index.php?rest_route=\/wp\/v2\/pages\/5948","targetHints":{"allow":["GET"]}}],"collection":[{"href":"https:\/\/www.usinadepesquisa.com\/index.php?rest_route=\/wp\/v2\/pages"}],"about":[{"href":"https:\/\/www.usinadepesquisa.com\/index.php?rest_route=\/wp\/v2\/types\/page"}],"author":[{"embeddable":true,"href":"https:\/\/www.usinadepesquisa.com\/index.php?rest_route=\/wp\/v2\/users\/1"}],"replies":[{"embeddable":true,"href":"https:\/\/www.usinadepesquisa.com\/index.php?rest_route=%2Fwp%2Fv2%2Fcomments&post=5948"}],"version-history":[{"count":8,"href":"https:\/\/www.usinadepesquisa.com\/index.php?rest_route=\/wp\/v2\/pages\/5948\/revisions"}],"predecessor-version":[{"id":5999,"href":"https:\/\/www.usinadepesquisa.com\/index.php?rest_route=\/wp\/v2\/pages\/5948\/revisions\/5999"}],"wp:attachment":[{"href":"https:\/\/www.usinadepesquisa.com\/index.php?rest_route=%2Fwp%2Fv2%2Fmedia&parent=5948"}],"curies":[{"name":"wp","href":"https:\/\/api.w.org\/{rel}","templated":true}]}}