{"id":31,"date":"2010-08-17T01:51:49","date_gmt":"2010-08-17T04:51:49","guid":{"rendered":"http:\/\/metodologia.org\/?page_id=31"},"modified":"2017-03-31T14:10:45","modified_gmt":"2017-03-31T14:10:45","slug":"livro","status":"publish","type":"page","link":"https:\/\/www.usinadepesquisa.com\/metodologia\/livro\/","title":{"rendered":""},"content":{"rendered":"<table style=\"border: 3px solid #990000; background-color: #ff0000; width: 429px; height: 497px;\" border=\"3\" cellspacing=\"2\" cellpadding=\"2\" align=\"center\">\n<tbody>\n<tr align=\"center\" valign=\"top\">\n<td style=\"text-align: center; width: 423.75px;\">\n<h3><span style=\"color: #ffffff;\"><strong>Aldemar Araujo Castro<\/strong><\/span><\/h3>\n<p><span style=\"color: #ff0000;\"><strong>.<\/strong><\/span><\/p>\n<h2><span style=\"color: #ffffff; font-family: arial, helvetica, sans-serif; font-size: 18pt;\"><em>Fiat Lux<\/em><br \/>\n(Livro Vermelho)<br \/>\n<\/span><\/h2>\n<p><span style=\"color: #ff0000; font-family: arial, helvetica, sans-serif; font-size: 18pt;\">.<\/span><\/p>\n<p><span style=\"color: #ffffff; font-family: arial, helvetica, sans-serif; font-size: 18pt;\">ISBN: em andamento<\/span><\/p>\n<p><span style=\"color: #ffffff; font-family: arial, helvetica, sans-serif; font-size: 18pt;\"><span style=\"color: #ff0000;\">.<\/span><br \/>\n<\/span><\/p>\n<p><span style=\"color: #ffffff;\"><span style=\"font-family: arial, helvetica, sans-serif; font-size: 18pt;\">Macei\u00f3<\/span><br \/>\n<span style=\"font-family: arial, helvetica, sans-serif; font-size: 18pt;\"> 2011<\/span><br \/>\n<\/span><\/td>\n<\/tr>\n<\/tbody>\n<\/table>\n<p style=\"text-align: justify;\"><span style=\"font-size: 18pt; font-family: arial, helvetica, sans-serif;\">O <strong><span style=\"color: #ff0000;\">livro vermelho<\/span><\/strong> (por que?) \u00e9 um documento indispens\u00e1vel para a melhoria da qualidade da forma\u00e7\u00e3o dos alunos dos cursos de gradua\u00e7\u00e3o da <a href=\"http:\/\/www.uncisal.edu.br\" target=\"_blank\">Universidade Estadual de Ci\u00eancias da Sa\u00fade de Alagoas<\/a> (UNCISAL), Macei\u00f3, AL. O seu conte\u00fado \u00e9 formado por cinco grandes partes, que re\u00fanem 20 cap\u00edtulos que est\u00e3o em constante aprimoramento, isto significa que, a vers\u00e3o mais atualizada \u00e9 a vers\u00e3o eletr\u00f4nica que se encontra neste s\u00edtio. A vers\u00e3o impressa, em <span style=\"color: #ff0000;\">20??<\/span>, ser\u00e1 um recurso de divulga\u00e7\u00e3o para remeter os interessados a este s\u00edtio e para facilitar o acesso a um grupo de alunos que ainda n\u00e3o dominam o uso de computadores e da Internet.<\/span><\/p>\n<ul>\n<li><span style=\"font-size: 18pt;\">Apresenta\u00e7\u00e3o (ainda n\u00e3o dispon\u00edvel)<\/span><\/li>\n<li><span style=\"font-size: 18pt;\">Pref\u00e1cio (ainda n\u00e3o dispon\u00edvel)<\/span><\/li>\n<li><span style=\"font-size: 18pt;\">Agradecimentos (ainda n\u00e3o dispon\u00edvel)<\/span><\/li>\n<\/ul>\n<h3><span style=\"font-size: 18pt; font-family: arial, helvetica, sans-serif;\">Parte A<\/span><br \/>\n<strong><span style=\"font-size: 18pt; font-family: arial, helvetica, sans-serif;\"> A Metodologia da Pesquisa Cient\u00edfica<\/span><\/strong><\/h3>\n<ul>\n<li><span style=\"font-size: 18pt; font-family: arial, helvetica, sans-serif;\">Cap\u00edtulo 1: A Disciplina [451 Kb, pdf; este cap\u00edtulo n\u00e3o ser\u00e1 mais atualizado]<\/span><\/li>\n<li><span style=\"font-size: 18pt; font-family: arial, helvetica, sans-serif;\">Cap\u00edtulo 2: O Plano de Ensino [71 Kb, pdf; este cap\u00edtulo n\u00e3o ser\u00e1 mais atualizado]<\/span><\/li>\n<li><span style=\"font-size: 18pt; font-family: arial, helvetica, sans-serif;\">Cap\u00edtulo 3: A Avalia\u00e7\u00e3o [417 Kb, pdf; este cap\u00edtulo n\u00e3o ser\u00e1 mais atualizado]<\/span><\/li>\n<\/ul>\n<h3><span style=\"font-size: 18pt; font-family: arial, helvetica, sans-serif;\">Parte B<\/span><br \/>\n<strong><span style=\"font-size: 18pt; font-family: arial, helvetica, sans-serif;\"> A Avalia\u00e7\u00e3o da Qualidade da Informa\u00e7\u00e3o<\/span><\/strong><\/h3>\n<ul>\n<li><span style=\"font-size: 18pt; font-family: arial, helvetica, sans-serif;\">Cap\u00edtulo 4: <a href=\"http:\/\/www.usinadepesquisa.com\/metodologia\/wp-content\/uploads\/2010\/08\/acl_01.pdf\">A Avalia\u00e7\u00e3o da Qualidade da Informa\u00e7\u00e3o<\/a>\u00a0[81 Kb, pdf]<\/span><\/li>\n<li><span style=\"font-size: 18pt; font-family: arial, helvetica, sans-serif;\">Cap\u00edtulo 5: <a href=\"http:\/\/www.usinadepesquisa.com\/metodologia\/wp-content\/uploads\/2010\/08\/localizando.pdf\">Localizando Informa\u00e7\u00f5es para a Pr\u00e1tica Cl\u00ednica<\/a>\u00a0[48 Kb, pdf]<\/span><\/li>\n<\/ul>\n<h3><span style=\"font-size: 18pt; font-family: arial, helvetica, sans-serif;\">Parte C<\/span><br \/>\n<strong><span style=\"font-size: 18pt; font-family: arial, helvetica, sans-serif;\"> A Pesquisa<\/span><\/strong><\/h3>\n<ul>\n<li><span style=\"font-size: 18pt; font-family: arial, helvetica, sans-serif;\">Cap\u00edtulo 6: <a href=\"http:\/\/www.decisaoclinica.com\/planejamento\/pdf\/lv4_00_pesquisa.pdf\">A Pesquisa<\/a> [30 Kb, pdf]<\/span><\/li>\n<li><span style=\"font-size: 18pt; font-family: arial, helvetica, sans-serif;\">Cap\u00edtulo 7: <a href=\"http:\/\/tinyurl.com\/1planejamento\" target=\"_blank\">O Planejamento da Pesquisa<\/a> [html]<\/span><\/li>\n<li><span style=\"font-size: 18pt; font-family: arial, helvetica, sans-serif;\">Cap\u00edtulo 8: <a href=\"http:\/\/tinyurl.com\/2execucao\" target=\"_blank\">A Execu\u00e7\u00e3o da Pesquisa<\/a> [html]<\/span><\/li>\n<li><span style=\"font-size: 18pt; font-family: arial, helvetica, sans-serif;\">Cap\u00edtulo 9: <a href=\"http:\/\/tinyurl.com\/3divulgacao\" target=\"_blank\">A Divulga\u00e7\u00e3o da Pesquisa<\/a> [html]<\/span><\/li>\n<li><span style=\"font-size: 18pt; font-family: arial, helvetica, sans-serif;\">Cap\u00edtulo 10: <a href=\"http:\/\/www.decisaoclinica.com\/planejamento\/pdf\/lv4_02_projeto.pdf\" target=\"_blank\">O Projeto de Pesquisa<\/a> [59 Kb, pdf]<\/span><\/li>\n<li><span style=\"font-size: 18pt; font-family: arial, helvetica, sans-serif;\">Cap\u00edtulo 11: <a href=\"http:\/\/www.usinadepesquisa.com\/metodologia\/wp-content\/uploads\/2010\/08\/ald_pc_01.pdf\">A Pesquisa Cl\u00ednica na \u00c1rea da Sa\u00fade<\/a>\u00a0[48 Kb, pdf]<\/span><\/li>\n<\/ul>\n<h3><span style=\"font-size: 18pt; font-family: arial, helvetica, sans-serif;\">Parte D<\/span><br \/>\n<span style=\"font-family: arial, helvetica, sans-serif;\"><strong><span style=\"font-size: 18pt;\"> O Manual de Inicia\u00e7\u00e3o Cient\u00edfica<\/span><\/strong><\/span><\/h3>\n<ul>\n<li><span style=\"font-size: 18pt; font-family: arial, helvetica, sans-serif;\">Cap\u00edtulo 12: <a href=\"http:\/\/www.usinadepesquisa.com\/metodologia\/wp-content\/uploads\/2010\/08\/manual_ic_uncisal_geral.pdf\">Inicia\u00e7\u00e3o cient\u00edfica: o que \u00e9 e por que fazer?<\/a>\u00a0[533 Kb, pdf]<\/span><\/li>\n<li><span style=\"font-size: 18pt; font-family: arial, helvetica, sans-serif;\">Cap\u00edtulo 13: <a href=\"http:\/\/www.usinadepesquisa.com\/metodologia\/wp-content\/uploads\/2010\/08\/manual_ic_uncisal_geral.pdf\">manual_ic_uncisal_geral<\/a>\u00a0[533 Kb, pdf]<\/span><\/li>\n<li><span style=\"font-size: 18pt; font-family: arial, helvetica, sans-serif;\">Cap\u00edtulo 14: <a href=\"http:\/\/www.metodologia.org\/livro\/pdf\/manual_ic_uncisal_geral.pdf\">Inicia\u00e7\u00e3o cient\u00edfica: recursos, conhecimentos e habilidades<\/a> [533 Kb, pdf]<\/span><\/li>\n<li><span style=\"font-size: 18pt; font-family: arial, helvetica, sans-serif;\">Cap\u00edtulo 15: <a href=\"http:\/\/www.usinadepesquisa.com\/metodologia\/wp-content\/uploads\/2010\/08\/manual_ic_uncisal_geral.pdf\">Inicia\u00e7\u00e3o cient\u00edfica: a escolha do orientador<\/a>\u00a0[533 Kb, pdf]<\/span><\/li>\n<li><span style=\"font-size: 18pt; font-family: arial, helvetica, sans-serif;\">Cap\u00edtulo 16: <a href=\"http:\/\/www.usinadepesquisa.com\/metodologia\/wp-content\/uploads\/2010\/08\/manual_ic_uncisal_geral.pdf\">Inicia\u00e7\u00e3o cient\u00edfica: como continuar&#8230;<\/a>\u00a0[533 Kb, pdf]<\/span><\/li>\n<li><span style=\"font-size: 18pt; font-family: arial, helvetica, sans-serif;\">Cap\u00edtulo 17: Rela\u00e7\u00e3o dos professores da UNCISAL com <a href=\"http:\/\/propep.uncisal.edu.br\/?pagename=professores-mestres\" target=\"_blank\">mestrado<\/a> ou <a href=\"http:\/\/propep.uncisal.edu.br\/?pagename=professores-doutores\" target=\"_blank\">doutorado<\/a><\/span><\/li>\n<\/ul>\n<h3><span style=\"font-family: arial, helvetica, sans-serif; font-size: 18pt;\">Parte E<\/span><br \/>\n<span style=\"font-family: arial, helvetica, sans-serif; font-size: 18pt;\"> <strong>O Trabalho de Conclus\u00e3o de Curso<\/strong><\/span><br \/>\n<span style=\"font-family: arial, helvetica, sans-serif; font-size: 18pt;\"> (<a href=\"http:\/\/www.usinadepesquisa.com\/metodologia\/wp-content\/uploads\/2010\/08\/estrutura_geral-1.pdf\">resumo da estrutura &amp; apresenta\u00e7\u00e3o<\/a>\u00a0[27 Kb, pdf])<\/span><\/h3>\n<ul>\n<li><span style=\"font-family: arial, helvetica, sans-serif; font-size: 18pt;\">Cap\u00edtulo 18: <a href=\"http:\/\/www.usinadepesquisa.com\/metodologia\/wp-content\/uploads\/2010\/08\/normas_2p-1.pdf\">Normas para o projeto de pesquisa do trabalho de conclus\u00e3o de curso na UNCISAL<\/a>\u00a0[388 Kb, pdf com os tr\u00eas cap\u00edtulos]<\/span><\/li>\n<li><span style=\"font-family: arial, helvetica, sans-serif; font-size: 18pt;\">Cap\u00edtulo 19: <a href=\"http:\/\/www.usinadepesquisa.com\/metodologia\/wp-content\/uploads\/2010\/08\/normas_2p-1.pdf\">Normas para o trabalho de conclus\u00e3o de curso na UNCISAL<\/a>\u00a0[388 Kb, pdf com os tr\u00eas cap\u00edtulos]<\/span><\/li>\n<li><span style=\"font-family: arial, helvetica, sans-serif; font-size: 18pt;\">Cap\u00edtulo 20: <a href=\"http:\/\/www.usinadepesquisa.com\/metodologia\/wp-content\/uploads\/2010\/08\/normas_2p-1.pdf\">Roteiro para a avalia\u00e7\u00e3o do trabalho de conclus\u00e3o de curso na UNCISAL<\/a>\u00a0[388 Kb, pdf com os tr\u00eas cap\u00edtulos]<\/span><\/li>\n<\/ul>\n<h3><strong><span style=\"font-family: arial, helvetica, sans-serif; font-size: 18pt;\">Anexos<\/span><\/strong><\/h3>\n<ul>\n<li><span style=\"font-family: arial, helvetica, sans-serif; font-size: 18pt;\">Anexo 1: <a href=\"http:\/\/www.usinadepesquisa.com\/metodologia\/wp-content\/uploads\/2010\/08\/cc_glossary_traducao_412.pdf\">Gloss\u00e1rio de termos de metodologia e de pesquisa<\/a>\u00a0[148 Kb, pdf]<\/span><\/li>\n<li><span style=\"font-family: arial, helvetica, sans-serif; font-size: 18pt;\">Anexo 2: <a href=\"http:\/\/conselho.saude.gov.br\/resolucoes\/1996\/Reso196.doc\">Resolu\u00e7\u00e3o 196\/96 do CNS \/ MS<\/a>. Diretrizes e normas da pesquisa envolvendo seres humanos.<\/span><\/li>\n<li><span style=\"font-family: arial, helvetica, sans-serif; font-size: 18pt;\">Anexo 3: <a href=\"http:\/\/conselho.saude.gov.br\/resolucoes\/1997\/Reso251.doc\">Resolu\u00e7\u00e3o 251\/97 do CNS \/ MS<\/a>. Normas com novos f\u00e1rmacos, medicamentos, vacinas e testes diagn\u00f3sticos.<\/span><\/li>\n<li><span style=\"font-family: arial, helvetica, sans-serif; font-size: 18pt;\">Anexo 4: <a href=\"https:\/\/www.wma.net\/what-we-do\/medical-ethics\/declaration-of-helsinki\/\" target=\"_blank\">Declara\u00e7\u00e3o de Helsinque da Associa\u00e7\u00e3o M\u00e9dica Mundial<\/a>: Princ\u00edpios \u00e9ticos para a pesquisa m\u00e9dica envolvendo seres humanos<\/span><\/li>\n<li><span style=\"font-family: arial, helvetica, sans-serif; font-size: 18pt;\">Anexo 5:\u00a0ainda n\u00e3o dispon\u00edvel.<\/span><\/li>\n<li><span style=\"font-family: arial, helvetica, sans-serif; font-size: 18pt;\">Anexo 6: <a href=\"http:\/\/bit.ly\/pesquisar7\" target=\"_blank\">Minha Primeira <strong>PESQUISA<\/strong>\u00a0[Curso online sobre como fazer uma pesquisa]<\/a><\/span><\/li>\n<li><span style=\"font-family: arial, helvetica, sans-serif; font-size: 18pt;\">Anexo 7: <a href=\"http:\/\/www.decisaoclinica.com\/moodle\" target=\"_blank\">Avalia\u00e7\u00e3o da qualidade da informa\u00e7\u00e3o [Curso online]<\/a><\/span><\/li>\n<li style=\"text-align: left;\"><span style=\"font-family: arial, helvetica, sans-serif; font-size: 18pt;\">Anexo 8: <a href=\"http:\/\/www.usinadepesquisa.com\/moodle\" target=\"_blank\">Minha Primeira <strong>PATENTE<\/strong> [Curso online, acesse como VISITANTE]<\/a><\/span><\/li>\n<li style=\"text-align: left;\"><span style=\"font-family: arial, helvetica, sans-serif; font-size: 18pt;\">Anexo 9: <strong>Fiat Lux: O Ciclo de Vida de Uma Pesquisa (ebook)<\/strong><\/span>\n<ul style=\"text-align: left;\">\n<li><span style=\"font-family: arial, helvetica, sans-serif; font-size: 18pt;\">Formato <strong>ePUB<\/strong>: <a href=\"http:\/\/www.decisaoclinica.com\/epub\/fiatlux.epub\" target=\"_blank\">http:\/\/www.decisaoclinica.com\/epub\/fiatlux.epub<\/a><\/span><\/li>\n<li><span style=\"font-family: arial, helvetica, sans-serif; font-size: 18pt;\">Formato <strong>PDF<\/strong>: <a href=\"http:\/\/www.decisaoclinica.com\/pdf\/fiatlux.pdf\" target=\"_blank\">http:\/\/www.decisaoclinica.com\/pdf\/fiatlux.pdf<\/a><\/span><\/li>\n<\/ul>\n<\/li>\n<li style=\"text-align: left;\"><span style=\"font-family: arial, helvetica, sans-serif; font-size: 18pt;\">Anexo 10: ainda n\u00e3o dispon\u00edvel.<\/span><\/li>\n<\/ul>\n<p><span style=\"font-size: 12pt;\"><a href=\"http:\/\/creativecommons.org\/licenses\/by-nc\/3.0\/br\/\" rel=\"license\"><img decoding=\"async\" style=\"border-width: 0;\" src=\"http:\/\/i.creativecommons.org\/l\/by-nc\/3.0\/88x31.png\" alt=\"Licen\u00e7a Creative Commons\" \/><\/a><\/span><br \/>\n<span style=\"font-size: 12pt;\"> <a href=\"http:\/\/metodologia.org\/?page_id=31\" rel=\"cc:attributionURL\">Livro Vermelho<\/a> is licensed under a <a href=\"http:\/\/creativecommons.org\/licenses\/by-nc\/3.0\/br\/\" rel=\"license\">Creative Commons<\/a><\/span><\/p>\n<p><span style=\"font-size: 12pt;\">Cria\u00e7\u00e3o: 25-May-2003<\/span><br \/>\n<span style=\"font-size: 12pt;\"> Quaisquer coment\u00e1rios, sugest\u00f5es e\/ou cr\u00edticas s\u00e3o bem-vindos!<\/span><br \/>\n<span style=\"font-size: 12pt;\"> Correio eletr\u00f4nico: email@metodologia.com<\/span><br \/>\n<span style=\"font-size: 12pt;\"> URL: http:\/\/www.usinadepesquisa.com\/metodologia\/livro<\/span><\/p>\n","protected":false},"excerpt":{"rendered":"<p>Aldemar Araujo Castro . Fiat Lux (Livro Vermelho) . ISBN: em andamento . Macei\u00f3 2011 O livro vermelho (por que?) \u00e9 um documento indispens\u00e1vel para a melhoria da qualidade da forma\u00e7\u00e3o dos alunos dos cursos de gradua\u00e7\u00e3o da Universidade Estadual de Ci\u00eancias da Sa\u00fade de Alagoas (UNCISAL), Macei\u00f3, AL. O seu conte\u00fado \u00e9 formado por &hellip; <\/p>\n<p class=\"link-more\"><a href=\"https:\/\/www.usinadepesquisa.com\/metodologia\/livro\/\" class=\"more-link\">Continue lendo<span class=\"screen-reader-text\"> &#8220;&#8221;<\/span><\/a><\/p>\n","protected":false},"author":1,"featured_media":0,"parent":0,"menu_order":0,"comment_status":"closed","ping_status":"closed","template":"","meta":{"footnotes":""},"class_list":["post-31","page","type-page","status-publish","hentry"],"_links":{"self":[{"href":"https:\/\/www.usinadepesquisa.com\/metodologia\/wp-json\/wp\/v2\/pages\/31","targetHints":{"allow":["GET"]}}],"collection":[{"href":"https:\/\/www.usinadepesquisa.com\/metodologia\/wp-json\/wp\/v2\/pages"}],"about":[{"href":"https:\/\/www.usinadepesquisa.com\/metodologia\/wp-json\/wp\/v2\/types\/page"}],"author":[{"embeddable":true,"href":"https:\/\/www.usinadepesquisa.com\/metodologia\/wp-json\/wp\/v2\/users\/1"}],"replies":[{"embeddable":true,"href":"https:\/\/www.usinadepesquisa.com\/metodologia\/wp-json\/wp\/v2\/comments?post=31"}],"version-history":[{"count":8,"href":"https:\/\/www.usinadepesquisa.com\/metodologia\/wp-json\/wp\/v2\/pages\/31\/revisions"}],"predecessor-version":[{"id":148,"href":"https:\/\/www.usinadepesquisa.com\/metodologia\/wp-json\/wp\/v2\/pages\/31\/revisions\/148"}],"wp:attachment":[{"href":"https:\/\/www.usinadepesquisa.com\/metodologia\/wp-json\/wp\/v2\/media?parent=31"}],"curies":[{"name":"wp","href":"https:\/\/api.w.org\/{rel}","templated":true}]}}